{"id":2380,"date":"2024-11-21T17:59:32","date_gmt":"2024-11-21T09:59:32","guid":{"rendered":"https:\/\/www.powdermachines.com\/?post_type=product&#038;p=2380"},"modified":"2024-11-29T18:47:11","modified_gmt":"2024-11-29T10:47:11","slug":"lab-scale-container-mixer","status":"publish","type":"product","link":"https:\/\/www.powdermachines.com\/es\/product\/lab-scale-container-mixer\/","title":{"rendered":"Mezclador de contenedores de escala de laboratorio"},"content":{"rendered":"<p>Container Mixer es una m\u00e1quina mezcladora fuera de l\u00ednea con recipientes m\u00f3viles, que se utiliza para mezclar materias primas. El recipiente cargado con materias primas se empuja a la estaci\u00f3n de trabajo original, para ser levantado, conectado y bloqueado al cabezal de mezcla autom\u00e1ticamente. La materia prima debe mezclarse homog\u00e9neamente mediante agitaci\u00f3n y trituradora de alta velocidad mientras que el cabezal de mezcla se inclina 180 grados a la posici\u00f3n de trabajo. El recipiente estar\u00e1 de vuelta a la posici\u00f3n original y separado del cabezal de mezcla cuando el proceso de mezcla haya terminado. La mezcladora del recipiente es controlada autom\u00e1ticamente por el PLC &amp; HMl. La mezcladora de contenedores de la serie CMR es un equipo flexible para la producci\u00f3n con alta utilizaci\u00f3n, mezclando de manera eficiente y homog\u00e9nea, f\u00e1cil de limpiar.<\/p>","protected":false},"excerpt":{"rendered":"<table style=\"width: 100.419%;\">\n<tbody>\n<tr>\n<td style=\"width: 10.8434%; text-align: center;\" width=\"68\">modelo<\/td>\n<td style=\"width: 13.1024%; text-align: center;\" width=\"69\">Capacidad del contenedor (L)<\/td>\n<td style=\"width: 14.6084%; text-align: center;\" width=\"66\">Capacidad de trabajo (L)<\/td>\n<td style=\"width: 14.6084%; text-align: center;\" width=\"57\">Polvo del agitador (KW)<\/td>\n<td style=\"width: 13.1024%; text-align: center;\" width=\"78\">Potencia del chopper (KW)<\/td>\n<td style=\"width: 13.1024%; text-align: center;\" width=\"74\">Potencia de inclinaci\u00f3n (KW)<\/td>\n<td style=\"width: 110.573%; text-align: center;\" width=\"110\">Dimensi\u00f3n L * W * H (mm)<\/td>\n<\/tr>\n<tr>\n<td style=\"width: 10.8434%; text-align: center;\" width=\"68\">CMR-10<\/td>\n<td style=\"width: 13.1024%; text-align: center;\" width=\"69\">10<\/td>\n<td style=\"width: 14.6084%; text-align: center;\" width=\"66\">8<\/td>\n<td style=\"width: 14.6084%; text-align: center;\" width=\"57\">0.75<\/td>\n<td style=\"width: 13.1024%; text-align: center;\" width=\"78\"><\/td>\n<td style=\"width: 13.1024%; text-align: center;\" width=\"74\">0.18<\/td>\n<td style=\"width: 110.573%; text-align: center;\" width=\"110\">720x700x1230<\/td>\n<\/tr>\n<tr>\n<td style=\"width: 10.8434%; text-align: center;\" width=\"68\">CMR-30<\/td>\n<td style=\"width: 13.1024%; text-align: center;\" width=\"69\">30<\/td>\n<td style=\"width: 14.6084%; text-align: center;\" width=\"66\">24<\/td>\n<td style=\"width: 14.6084%; text-align: center;\" width=\"57\">1.5<\/td>\n<td style=\"width: 13.1024%; text-align: center;\" width=\"78\">1.1<\/td>\n<td style=\"width: 13.1024%; text-align: center;\" width=\"74\">0.37<\/td>\n<td style=\"width: 110.573%; text-align: center;\" width=\"110\">1200x820x1570<\/td>\n<\/tr>\n<tr>\n<td style=\"width: 10.8434%; text-align: center;\" width=\"68\">CMR-50<\/td>\n<td style=\"width: 13.1024%; text-align: center;\" width=\"69\">50<\/td>\n<td style=\"width: 14.6084%; text-align: center;\" width=\"66\">40<\/td>\n<td style=\"width: 14.6084%; text-align: center;\" width=\"57\">4<\/td>\n<td style=\"width: 13.1024%; text-align: center;\" width=\"78\">1.1<\/td>\n<td style=\"width: 13.1024%; text-align: center;\" width=\"74\">0.55<\/td>\n<td style=\"width: 110.573%; text-align: center;\" width=\"110\">1300x880x1850<\/td>\n<\/tr>\n<\/tbody>\n<\/table>","protected":false},"featured_media":2395,"comment_status":"open","ping_status":"closed","template":"","meta":{"_acf_changed":false},"product_cat":[57],"product_tag":[],"class_list":["post-2380","product","type-product","status-publish","has-post-thumbnail","hentry","product_cat-laboratory-equipment"],"acf":[],"_links":{"self":[{"href":"https:\/\/www.powdermachines.com\/es\/wp-json\/wp\/v2\/product\/2380","targetHints":{"allow":["GET"]}}],"collection":[{"href":"https:\/\/www.powdermachines.com\/es\/wp-json\/wp\/v2\/product"}],"about":[{"href":"https:\/\/www.powdermachines.com\/es\/wp-json\/wp\/v2\/types\/product"}],"replies":[{"embeddable":true,"href":"https:\/\/www.powdermachines.com\/es\/wp-json\/wp\/v2\/comments?post=2380"}],"wp:featuredmedia":[{"embeddable":true,"href":"https:\/\/www.powdermachines.com\/es\/wp-json\/wp\/v2\/media\/2395"}],"wp:attachment":[{"href":"https:\/\/www.powdermachines.com\/es\/wp-json\/wp\/v2\/media?parent=2380"}],"wp:term":[{"taxonomy":"product_cat","embeddable":true,"href":"https:\/\/www.powdermachines.com\/es\/wp-json\/wp\/v2\/product_cat?post=2380"},{"taxonomy":"product_tag","embeddable":true,"href":"https:\/\/www.powdermachines.com\/es\/wp-json\/wp\/v2\/product_tag?post=2380"}],"curies":[{"name":"wp","href":"https:\/\/api.w.org\/{rel}","templated":true}]}}