{"id":2393,"date":"2024-11-21T17:49:40","date_gmt":"2024-11-21T09:49:40","guid":{"rendered":"https:\/\/www.powdermachines.com\/?post_type=product&#038;p=2393"},"modified":"2024-11-28T18:14:59","modified_gmt":"2024-11-28T10:14:59","slug":"metallic-bonding-mixer","status":"publish","type":"product","link":"https:\/\/www.powdermachines.com\/es\/product\/metallic-bonding-mixer\/","title":{"rendered":"Mezclador de uni\u00f3n met\u00e1lica"},"content":{"rendered":"<p>El mezclador de uni\u00f3n met\u00e1lica funciona para unir la pintura met\u00e1lica a la superficie de part\u00edculas de recubrimientos en polvo con brillo met\u00e1lico. Investigar y desarrollar con \u00e9xito el equipo de uni\u00f3n met\u00e1lica para recubrimientos en polvo de la serie MB con INTEL. DERECHOS DE PROPIEDAD LECTUAL por MPMtek se basa en los siguientes trabajos de investigaci\u00f3n: El requisito de los clientes. Las diferencias en la temperatura de transici\u00f3n v\u00edtrea de los recubrimientos en polvo. Investigaci\u00f3n y Prueba sobre la din\u00e1mica mec\u00e1nica durante el proceso de calentamiento por fricci\u00f3n del carbonamiento en polvo a la temperatura de uni\u00f3n. Investigaci\u00f3n sobre la viabilidad de un sistema de control autom\u00e1tico totalmente integrado e inteligente.<\/p>","protected":false},"excerpt":{"rendered":"<table style=\"width: 64.8653%;\">\n<tbody>\n<tr>\n<td style=\"width: 33.4074%; text-align: center;\" width=\"165\">modelo<\/td>\n<td style=\"width: 23.4613%; text-align: center;\" width=\"128\">MB350 \/ KM1050<\/td>\n<td style=\"width: 188.663%; text-align: center;\" width=\"119\">MB200 \/ KM700<\/td>\n<\/tr>\n<tr>\n<td style=\"width: 33.4074%; text-align: center;\" width=\"165\">Capacidad del recipiente de uni\u00f3n MB (L)<\/td>\n<td style=\"width: 23.4613%; text-align: center;\" width=\"128\">350<\/td>\n<td style=\"width: 188.663%; text-align: center;\" width=\"119\">200<\/td>\n<\/tr>\n<tr>\n<td style=\"width: 33.4074%; text-align: center;\" width=\"165\">Capacidad del contenedor de refrigeraci\u00f3n KM (L)<\/td>\n<td style=\"width: 23.4613%; text-align: center;\" width=\"128\">1050<\/td>\n<td style=\"width: 188.663%; text-align: center;\" width=\"119\">700<\/td>\n<\/tr>\n<tr>\n<td style=\"width: 33.4074%; text-align: center;\" width=\"165\">\u00danica salida (kg)<\/td>\n<td style=\"width: 23.4613%; text-align: center;\" width=\"128\">110<\/td>\n<td style=\"width: 188.663%; text-align: center;\" width=\"119\">70<\/td>\n<\/tr>\n<tr>\n<td style=\"width: 33.4074%; text-align: center;\" width=\"165\">Volumen de agua reciclable (m\u00b3\/h)<\/td>\n<td style=\"width: 23.4613%; text-align: center;\" width=\"128\">18<\/td>\n<td style=\"width: 188.663%; text-align: center;\" width=\"119\">10<\/td>\n<\/tr>\n<tr>\n<td style=\"width: 33.4074%; text-align: center;\" width=\"165\">Consumo de nitr\u00f3geno (L\/min)<\/td>\n<td style=\"width: 23.4613%; text-align: center;\" width=\"128\">300<\/td>\n<td style=\"width: 188.663%; text-align: center;\" width=\"119\">200<\/td>\n<\/tr>\n<tr>\n<td style=\"width: 33.4074%; text-align: center;\" width=\"165\">Aire comprimido (L\/min)<\/td>\n<td style=\"width: 23.4613%; text-align: center;\" width=\"128\">100<\/td>\n<td style=\"width: 188.663%; text-align: center;\" width=\"119\">80<\/td>\n<\/tr>\n<tr>\n<td style=\"width: 33.4074%; text-align: center;\" width=\"165\">Potencia (KW)<\/td>\n<td style=\"width: 23.4613%; text-align: center;\" width=\"128\">90\/15<\/td>\n<td style=\"width: 188.663%; text-align: center;\" width=\"119\">45\/11<\/td>\n<\/tr>\n<tr>\n<td style=\"width: 33.4074%; text-align: center;\" width=\"165\">Dimensi\u00f3n (mm)<\/td>\n<td style=\"width: 23.4613%; text-align: center;\" width=\"128\">6800*4500*5600<\/td>\n<td style=\"width: 188.663%; text-align: center;\" width=\"119\">5700*4000*5000<\/td>\n<\/tr>\n<\/tbody>\n<\/table>","protected":false},"featured_media":2394,"comment_status":"open","ping_status":"closed","template":"","meta":{"_acf_changed":false},"product_cat":[56],"product_tag":[],"class_list":["post-2393","product","type-product","status-publish","has-post-thumbnail","hentry","product_cat-bonding-machine"],"acf":[],"_links":{"self":[{"href":"https:\/\/www.powdermachines.com\/es\/wp-json\/wp\/v2\/product\/2393","targetHints":{"allow":["GET"]}}],"collection":[{"href":"https:\/\/www.powdermachines.com\/es\/wp-json\/wp\/v2\/product"}],"about":[{"href":"https:\/\/www.powdermachines.com\/es\/wp-json\/wp\/v2\/types\/product"}],"replies":[{"embeddable":true,"href":"https:\/\/www.powdermachines.com\/es\/wp-json\/wp\/v2\/comments?post=2393"}],"wp:featuredmedia":[{"embeddable":true,"href":"https:\/\/www.powdermachines.com\/es\/wp-json\/wp\/v2\/media\/2394"}],"wp:attachment":[{"href":"https:\/\/www.powdermachines.com\/es\/wp-json\/wp\/v2\/media?parent=2393"}],"wp:term":[{"taxonomy":"product_cat","embeddable":true,"href":"https:\/\/www.powdermachines.com\/es\/wp-json\/wp\/v2\/product_cat?post=2393"},{"taxonomy":"product_tag","embeddable":true,"href":"https:\/\/www.powdermachines.com\/es\/wp-json\/wp\/v2\/product_tag?post=2393"}],"curies":[{"name":"wp","href":"https:\/\/api.w.org\/{rel}","templated":true}]}}