{"id":2402,"date":"2024-11-21T18:09:42","date_gmt":"2024-11-21T10:09:42","guid":{"rendered":"https:\/\/www.powdermachines.com\/?post_type=product&#038;p=2402"},"modified":"2024-11-29T14:31:05","modified_gmt":"2024-11-29T06:31:05","slug":"laboratory-mill","status":"publish","type":"product","link":"https:\/\/www.powdermachines.com\/es\/product\/laboratory-mill\/","title":{"rendered":"Molino de laboratorio"},"content":{"rendered":"<p>La distribuci\u00f3n del tama\u00f1o de part\u00edculas es concentrada, estable y ajustable<\/p>\n<p>Alta tasa de recuperaci\u00f3n (&gt; 98%)<\/p>\n<p>Sistema integral de protecci\u00f3n de seguridad<\/p>\n<p>Simula con precisi\u00f3n los par\u00e1metros de funcionamiento de las f\u00e1bricas de producci\u00f3n de MPM<\/p>\n<p>Bajo mantenimiento<\/p>\n<p>Bajo ruido y vibraciones<\/p>","protected":false},"excerpt":{"rendered":"<table class=\"alignleft\" style=\"border-collapse: collapse; width: 103.324%; height: 70px;\" border=\"0\" width=\"648\" cellspacing=\"0\" cellpadding=\"0\">\n<tbody>\n<tr style=\"height: 42.75pt;\">\n<td class=\"et2\" style=\"height: 42px; width: 5.73652%; text-align: center;\" width=\"72\" height=\"57\">modelo<\/td>\n<td class=\"et2\" style=\"width: 11.0755%; text-align: center; height: 42px;\" width=\"72\">Capacidad m\u00e1xima (kg)<\/td>\n<td class=\"et2\" style=\"width: 11.0395%; text-align: center; height: 42px;\" width=\"72\">Motor de molino (kW)<\/td>\n<td class=\"et2\" style=\"width: 10.4852%; text-align: center; height: 42px;\" width=\"72\">Velocidad del molino (rpm)<\/td>\n<td class=\"et2\" style=\"width: 12.3936%; text-align: center; height: 42px;\" width=\"72\">Motor clasificador (kW)<\/td>\n<td class=\"et2\" style=\"width: 11.9453%; text-align: center; height: 42px;\" width=\"72\">Velocidad del clasificador (rpm)<\/td>\n<td class=\"et2\" style=\"width: 8.68525%; text-align: center; height: 42px;\" width=\"72\">Motor del ventilador (kW)<\/td>\n<td class=\"et2\" style=\"width: 9.39666%; text-align: center; height: 42px;\" width=\"72\">Intrada de aire m\u00b3\/h<\/td>\n<td class=\"et2\" style=\"width: 51.5152%; text-align: center; height: 42px;\" width=\"72\">Dimensi\u00f3n mm<\/td>\n<\/tr>\n<tr style=\"height: 28.50pt;\">\n<td class=\"et2\" style=\"height: 28px; width: 5.73652%; text-align: center;\" width=\"72\" height=\"38\">ACM-02<\/td>\n<td class=\"et2\" style=\"width: 11.0755%; text-align: center; height: 28px;\" width=\"72\">20<\/td>\n<td class=\"et2\" style=\"width: 11.0395%; text-align: center; height: 28px;\" width=\"72\">2.5<\/td>\n<td class=\"et2\" style=\"width: 10.4852%; text-align: center; height: 28px;\" width=\"72\">11900<\/td>\n<td class=\"et2\" style=\"width: 12.3936%; text-align: center; height: 28px;\" width=\"72\">0.55<\/td>\n<td class=\"et2\" style=\"width: 11.9453%; text-align: center; height: 28px;\" width=\"72\">3000<\/td>\n<td class=\"et2\" style=\"width: 8.68525%; text-align: center; height: 28px;\" width=\"72\">3<\/td>\n<td class=\"et2\" style=\"width: 9.39666%; text-align: center; height: 28px;\" width=\"72\">420<\/td>\n<td class=\"et2\" style=\"width: 51.5152%; text-align: center; height: 28px;\" width=\"72\">2000*1900*2500<\/td>\n<\/tr>\n<\/tbody>\n<\/table>\n<p style=\"text-align: center;\">","protected":false},"featured_media":2756,"comment_status":"open","ping_status":"closed","template":"","meta":{"_acf_changed":false},"product_cat":[57],"product_tag":[],"class_list":["post-2402","product","type-product","status-publish","has-post-thumbnail","hentry","product_cat-laboratory-equipment"],"acf":[],"_links":{"self":[{"href":"https:\/\/www.powdermachines.com\/es\/wp-json\/wp\/v2\/product\/2402","targetHints":{"allow":["GET"]}}],"collection":[{"href":"https:\/\/www.powdermachines.com\/es\/wp-json\/wp\/v2\/product"}],"about":[{"href":"https:\/\/www.powdermachines.com\/es\/wp-json\/wp\/v2\/types\/product"}],"replies":[{"embeddable":true,"href":"https:\/\/www.powdermachines.com\/es\/wp-json\/wp\/v2\/comments?post=2402"}],"wp:featuredmedia":[{"embeddable":true,"href":"https:\/\/www.powdermachines.com\/es\/wp-json\/wp\/v2\/media\/2756"}],"wp:attachment":[{"href":"https:\/\/www.powdermachines.com\/es\/wp-json\/wp\/v2\/media?parent=2402"}],"wp:term":[{"taxonomy":"product_cat","embeddable":true,"href":"https:\/\/www.powdermachines.com\/es\/wp-json\/wp\/v2\/product_cat?post=2402"},{"taxonomy":"product_tag","embeddable":true,"href":"https:\/\/www.powdermachines.com\/es\/wp-json\/wp\/v2\/product_tag?post=2402"}],"curies":[{"name":"wp","href":"https:\/\/api.w.org\/{rel}","templated":true}]}}