{"id":2526,"date":"2024-11-27T11:14:28","date_gmt":"2024-11-27T03:14:28","guid":{"rendered":"https:\/\/www.powdermachines.com\/?post_type=product&#038;p=2526"},"modified":"2025-09-09T17:18:29","modified_gmt":"2025-09-09T09:18:29","slug":"acm-mill","status":"publish","type":"product","link":"https:\/\/www.powdermachines.com\/es\/product\/acm-mill\/","title":{"rendered":"molino ACM"},"content":{"rendered":"<p>El sistema de micromolienda ACM se compone de molino de clasificaci\u00f3n de aire de alta velocidad, cicl\u00f3n, tamiz giratorio (tamiz centr\u00edfugo) \/ tamiz vibrado, colector de polvo s\u00faper fino y ventilador. El ACM est\u00e1 dise\u00f1ado con las siguientes funciones: La materia prima es molida a polvos finos mediante impacto de alta velocidad, clasificaci\u00f3n del tama\u00f1o de part\u00edculas en el molino, separaci\u00f3n por cicl\u00f3n y recogida de polvos s\u00faper finos. Se puede obtener una distribuci\u00f3n perfecta del tama\u00f1o de part\u00edcula del recubrimiento en polvo mediante la regulaci\u00f3n de los par\u00e1metros de funcionamiento del sistema ACM. El sistema de micromolienda ACM tambi\u00e9n podr\u00eda usarse para molir pigmentos, polvo de calcio, polvo de carbonato, medicamentos y alimentos.<\/p>","protected":false},"excerpt":{"rendered":"<table style=\"border-collapse: collapse; width: 100.983%;\" border=\"0\" width=\"576\" cellspacing=\"0\" cellpadding=\"0\">\n<tbody>\n<tr style=\"height: 42.75pt;\">\n<td class=\"et2\" style=\"height: 42.75pt; width: 9.55484%; text-align: center;\" width=\"72\" height=\"57\">modelo<\/td>\n<td class=\"et2\" style=\"width: 12.2944%; text-align: center;\" width=\"72\">Capacidad m\u00e1xima (kg)<\/td>\n<td class=\"et2\" style=\"width: 13.97%; text-align: center;\" width=\"72\">Motor de molino (kW)<\/td>\n<td class=\"et2\" style=\"width: 11.6814%; text-align: center;\" width=\"72\">Velocidad del molino (rpm)<\/td>\n<td class=\"et2\" style=\"width: 14.516%; text-align: center;\" width=\"72\">Motor clasificador (kW)<\/td>\n<td class=\"et2\" style=\"width: 13.4619%; text-align: center;\" width=\"72\">Velocidad del clasificador (rpm)<\/td>\n<td class=\"et2\" style=\"width: 11.628%; text-align: center;\" width=\"72\">Motor del ventilador (kW)<\/td>\n<td class=\"et2\" style=\"width: 61.7633%; text-align: center;\" width=\"72\">Intrada de aire m\u00b3\/h<\/td>\n<\/tr>\n<tr style=\"height: 14.25pt;\">\n<td class=\"et2\" style=\"height: 14.25pt; width: 9.55484%; text-align: center;\" width=\"72\" height=\"19\">ACM-02<\/td>\n<td class=\"et2\" style=\"width: 12.2944%; text-align: center;\" width=\"72\">20<\/td>\n<td class=\"et2\" style=\"width: 13.97%; text-align: center;\" width=\"72\">2.5<\/td>\n<td class=\"et2\" style=\"width: 11.6814%; text-align: center;\" width=\"72\">11900<\/td>\n<td class=\"et2\" style=\"width: 14.516%; text-align: center;\" width=\"72\">0.55<\/td>\n<td class=\"et2\" style=\"width: 13.4619%; text-align: center;\" width=\"72\">3000<\/td>\n<td class=\"et2\" style=\"width: 11.628%; text-align: center;\" width=\"72\">3<\/td>\n<td class=\"et2\" style=\"width: 61.7633%; text-align: center;\" width=\"72\">420<\/td>\n<\/tr>\n<tr style=\"height: 14.25pt;\">\n<td class=\"et2\" style=\"height: 14.25pt; width: 9.55484%; text-align: center;\" width=\"72\" height=\"19\">ACM-07<\/td>\n<td class=\"et2\" style=\"width: 12.2944%; text-align: center;\" width=\"72\">100<\/td>\n<td class=\"et2\" style=\"width: 13.97%; text-align: center;\" width=\"72\">5.5<\/td>\n<td class=\"et2\" style=\"width: 11.6814%; text-align: center;\" width=\"72\">8600<\/td>\n<td class=\"et2\" style=\"width: 14.516%; text-align: center;\" width=\"72\">1.1<\/td>\n<td class=\"et2\" style=\"width: 13.4619%; text-align: center;\" width=\"72\">3000<\/td>\n<td class=\"et2\" style=\"width: 11.628%; text-align: center;\" width=\"72\">7.5<\/td>\n<td class=\"et2\" style=\"width: 61.7633%; text-align: center;\" width=\"72\">900<\/td>\n<\/tr>\n<tr style=\"height: 14.25pt;\">\n<td class=\"et2\" style=\"height: 14.25pt; width: 9.55484%; text-align: center;\" width=\"72\" height=\"19\">ACM-10<\/td>\n<td class=\"et2\" style=\"width: 12.2944%; text-align: center;\" width=\"72\">200<\/td>\n<td class=\"et2\" style=\"width: 13.97%; text-align: center;\" width=\"72\">7.5<\/td>\n<td class=\"et2\" style=\"width: 11.6814%; text-align: center;\" width=\"72\">6600<\/td>\n<td class=\"et2\" style=\"width: 14.516%; text-align: center;\" width=\"72\">1.5<\/td>\n<td class=\"et2\" style=\"width: 13.4619%; text-align: center;\" width=\"72\">3000<\/td>\n<td class=\"et2\" style=\"width: 11.628%; text-align: center;\" width=\"72\">15<\/td>\n<td class=\"et2\" style=\"width: 61.7633%; text-align: center;\" width=\"72\">1900<\/td>\n<\/tr>\n<tr style=\"height: 14.25pt;\">\n<td class=\"et2\" style=\"height: 14.25pt; width: 9.55484%; text-align: center;\" width=\"72\" height=\"19\">ACM-15<\/td>\n<td class=\"et2\" style=\"width: 12.2944%; text-align: center;\" width=\"72\">300<\/td>\n<td class=\"et2\" style=\"width: 13.97%; text-align: center;\" width=\"72\">11<\/td>\n<td class=\"et2\" style=\"width: 11.6814%; text-align: center;\" width=\"72\">6600<\/td>\n<td class=\"et2\" style=\"width: 14.516%; text-align: center;\" width=\"72\">2.2<\/td>\n<td class=\"et2\" style=\"width: 13.4619%; text-align: center;\" width=\"72\">3000<\/td>\n<td class=\"et2\" style=\"width: 11.628%; text-align: center;\" width=\"72\">18.5<\/td>\n<td class=\"et2\" style=\"width: 61.7633%; text-align: center;\" width=\"72\">1350<\/td>\n<\/tr>\n<tr style=\"height: 14.25pt;\">\n<td class=\"et2\" style=\"height: 14.25pt; width: 9.55484%; text-align: center;\" width=\"72\" height=\"19\">ACM-20<\/td>\n<td class=\"et2\" style=\"width: 12.2944%; text-align: center;\" width=\"72\">400<\/td>\n<td class=\"et2\" style=\"width: 13.97%; text-align: center;\" width=\"72\">15<\/td>\n<td class=\"et2\" style=\"width: 11.6814%; text-align: center;\" width=\"72\">5390<\/td>\n<td class=\"et2\" style=\"width: 14.516%; text-align: center;\" width=\"72\">3<\/td>\n<td class=\"et2\" style=\"width: 13.4619%; text-align: center;\" width=\"72\">3000<\/td>\n<td class=\"et2\" style=\"width: 11.628%; text-align: center;\" width=\"72\">22<\/td>\n<td class=\"et2\" style=\"width: 61.7633%; text-align: center;\" width=\"72\">3130<\/td>\n<\/tr>\n<tr style=\"height: 14.25pt;\">\n<td class=\"et2\" style=\"height: 14.25pt; width: 9.55484%; text-align: center;\" width=\"72\" height=\"19\">ACM-25<\/td>\n<td class=\"et2\" style=\"width: 12.2944%; text-align: center;\" width=\"72\">500<\/td>\n<td class=\"et2\" style=\"width: 13.97%; text-align: center;\" width=\"72\">18.5<\/td>\n<td class=\"et2\" style=\"width: 11.6814%; text-align: center;\" width=\"72\">5390<\/td>\n<td class=\"et2\" style=\"width: 14.516%; text-align: center;\" width=\"72\">3<\/td>\n<td class=\"et2\" style=\"width: 13.4619%; text-align: center;\" width=\"72\">3000<\/td>\n<td class=\"et2\" style=\"width: 11.628%; text-align: center;\" width=\"72\">30<\/td>\n<td class=\"et2\" style=\"width: 61.7633%; text-align: center;\" width=\"72\">3750<\/td>\n<\/tr>\n<tr style=\"height: 14.25pt;\">\n<td class=\"et2\" style=\"height: 14.25pt; width: 9.55484%; text-align: center;\" width=\"72\" height=\"19\">ACM-30<\/td>\n<td class=\"et2\" style=\"width: 12.2944%; text-align: center;\" width=\"72\">600<\/td>\n<td class=\"et2\" style=\"width: 13.97%; text-align: center;\" width=\"72\">22<\/td>\n<td class=\"et2\" style=\"width: 11.6814%; text-align: center;\" width=\"72\">4460<\/td>\n<td class=\"et2\" style=\"width: 14.516%; text-align: center;\" width=\"72\">4<\/td>\n<td class=\"et2\" style=\"width: 13.4619%; text-align: center;\" width=\"72\">1800<\/td>\n<td class=\"et2\" style=\"width: 11.628%; text-align: center;\" width=\"72\">37<\/td>\n<td class=\"et2\" style=\"width: 61.7633%; text-align: center;\" width=\"72\">4200<\/td>\n<\/tr>\n<tr style=\"height: 14.25pt;\">\n<td class=\"et2\" style=\"height: 14.25pt; width: 9.55484%; text-align: center;\" width=\"72\" height=\"19\">ACM-40<\/td>\n<td class=\"et2\" style=\"width: 12.2944%; text-align: center;\" width=\"72\">800<\/td>\n<td class=\"et2\" style=\"width: 13.97%; text-align: center;\" width=\"72\">30<\/td>\n<td class=\"et2\" style=\"width: 11.6814%; text-align: center;\" width=\"72\">4460<\/td>\n<td class=\"et2\" style=\"width: 14.516%; text-align: center;\" width=\"72\">4<\/td>\n<td class=\"et2\" style=\"width: 13.4619%; text-align: center;\" width=\"72\">1800<\/td>\n<td class=\"et2\" style=\"width: 11.628%; text-align: center;\" width=\"72\">55<\/td>\n<td class=\"et2\" style=\"width: 61.7633%; text-align: center;\" width=\"72\">4800<\/td>\n<\/tr>\n<tr style=\"height: 14.25pt;\">\n<td class=\"et2\" style=\"height: 14.25pt; width: 9.55484%; text-align: center;\" width=\"72\" height=\"19\">ACM-50<\/td>\n<td class=\"et2\" style=\"width: 12.2944%; text-align: center;\" width=\"72\">1000<\/td>\n<td class=\"et2\" style=\"width: 13.97%; text-align: center;\" width=\"72\">37<\/td>\n<td class=\"et2\" style=\"width: 11.6814%; text-align: center;\" width=\"72\">2950<\/td>\n<td class=\"et2\" style=\"width: 14.516%; text-align: center;\" width=\"72\">7.5<\/td>\n<td class=\"et2\" style=\"width: 13.4619%; text-align: center;\" width=\"72\">1800<\/td>\n<td class=\"et2\" style=\"width: 11.628%; text-align: center;\" width=\"72\">75<\/td>\n<td class=\"et2\" style=\"width: 61.7633%; text-align: center;\" width=\"72\">6610<\/td>\n<\/tr>\n<tr style=\"height: 14.25pt;\">\n<td class=\"et2\" style=\"height: 14.25pt; width: 9.55484%; text-align: center;\" width=\"72\" height=\"19\">ACM-60<\/td>\n<td class=\"et2\" style=\"width: 12.2944%; text-align: center;\" width=\"72\">1200<\/td>\n<td class=\"et2\" style=\"width: 13.97%; text-align: center;\" width=\"72\">45<\/td>\n<td class=\"et2\" style=\"width: 11.6814%; text-align: center;\" width=\"72\">2950<\/td>\n<td class=\"et2\" style=\"width: 14.516%; text-align: center;\" width=\"72\">7.5<\/td>\n<td class=\"et2\" style=\"width: 13.4619%; text-align: center;\" width=\"72\">1800<\/td>\n<td class=\"et2\" style=\"width: 11.628%; text-align: center;\" width=\"72\">75<\/td>\n<td class=\"et2\" style=\"width: 61.7633%; text-align: center;\" width=\"72\">6610<\/td>\n<\/tr>\n<tr style=\"height: 14.25pt;\">\n<td class=\"et2\" style=\"height: 14.25pt; width: 9.55484%; text-align: center;\" width=\"72\" height=\"19\">ACM-100<\/td>\n<td class=\"et2\" style=\"width: 12.2944%; text-align: center;\" width=\"72\">1500<\/td>\n<td class=\"et2\" style=\"width: 13.97%; text-align: center;\" width=\"72\">75<\/td>\n<td class=\"et2\" style=\"width: 11.6814%; text-align: center;\" width=\"72\">2330<\/td>\n<td class=\"et2\" style=\"width: 14.516%; text-align: center;\" width=\"72\">11<\/td>\n<td class=\"et2\" style=\"width: 13.4619%; text-align: center;\" width=\"72\">1800<\/td>\n<td class=\"et2\" style=\"width: 11.628%; text-align: center;\" width=\"72\">90<\/td>\n<td class=\"et2\" style=\"width: 61.7633%; text-align: center;\" width=\"72\">10900<\/td>\n<\/tr>\n<\/tbody>\n<\/table>\n<p>&nbsp;<\/p>","protected":false},"featured_media":2527,"comment_status":"closed","ping_status":"closed","template":"","meta":{"_acf_changed":false},"product_cat":[52],"product_tag":[],"class_list":["post-2526","product","type-product","status-publish","has-post-thumbnail","hentry","product_cat-mill"],"acf":[],"_links":{"self":[{"href":"https:\/\/www.powdermachines.com\/es\/wp-json\/wp\/v2\/product\/2526","targetHints":{"allow":["GET"]}}],"collection":[{"href":"https:\/\/www.powdermachines.com\/es\/wp-json\/wp\/v2\/product"}],"about":[{"href":"https:\/\/www.powdermachines.com\/es\/wp-json\/wp\/v2\/types\/product"}],"replies":[{"embeddable":true,"href":"https:\/\/www.powdermachines.com\/es\/wp-json\/wp\/v2\/comments?post=2526"}],"wp:featuredmedia":[{"embeddable":true,"href":"https:\/\/www.powdermachines.com\/es\/wp-json\/wp\/v2\/media\/2527"}],"wp:attachment":[{"href":"https:\/\/www.powdermachines.com\/es\/wp-json\/wp\/v2\/media?parent=2526"}],"wp:term":[{"taxonomy":"product_cat","embeddable":true,"href":"https:\/\/www.powdermachines.com\/es\/wp-json\/wp\/v2\/product_cat?post=2526"},{"taxonomy":"product_tag","embeddable":true,"href":"https:\/\/www.powdermachines.com\/es\/wp-json\/wp\/v2\/product_tag?post=2526"}],"curies":[{"name":"wp","href":"https:\/\/api.w.org\/{rel}","templated":true}]}}