{"id":780,"date":"2024-10-15T17:33:44","date_gmt":"2024-10-15T09:33:44","guid":{"rendered":"http:\/\/www.powdermachines.com\/?post_type=product&#038;p=780"},"modified":"2024-11-28T18:39:42","modified_gmt":"2024-11-28T10:39:42","slug":"container-mixer","status":"publish","type":"product","link":"https:\/\/www.powdermachines.com\/es\/product\/container-mixer\/","title":{"rendered":"Mezclador de contenedores"},"content":{"rendered":"<p>Container Mixer es una m\u00e1quina mezcladora fuera de l\u00ednea con recipientes m\u00f3viles, que se utiliza para mezclar materias primas. El recipiente cargado con materias primas se empuja a la estaci\u00f3n de trabajo original, para ser levantado, conectado y bloqueado al cabezal de mezcla autom\u00e1ticamente. La materia prima debe mezclarse homog\u00e9neamente mediante agitaci\u00f3n y trituradora de alta velocidad mientras que el cabezal de mezcla se inclina 180 grados a la posici\u00f3n de trabajo. El recipiente estar\u00e1 de vuelta a la posici\u00f3n original y separado del cabezal de mezcla cuando el proceso de mezcla haya terminado. La mezcladora del recipiente es controlada autom\u00e1ticamente por el PLC &amp; HMl. La mezcladora de contenedores es un equipo flexible para la producci\u00f3n con alta utilizaci\u00f3n. Mezcla de manera eficiente y homog\u00e9nea, f\u00e1cil de limpiar.<\/p>","protected":false},"excerpt":{"rendered":"<table style=\"width: 97.4312%; height: 451px;\">\n<tbody>\n<tr>\n<td style=\"width: 7.69213%; text-align: center;\" width=\"68\">modelo<\/td>\n<td style=\"width: 12.7334%; text-align: center;\" width=\"69\">Capacidad del contenedor (L)<\/td>\n<td style=\"width: 10.9103%; text-align: center;\" width=\"66\">Capacidad de trabajo (L)<\/td>\n<td style=\"width: 10.6372%; text-align: center;\" width=\"57\">Potencia del agitador (KW)<\/td>\n<td style=\"width: 11.8018%; text-align: center;\" width=\"78\">Potencia del chopper (KW)<\/td>\n<td style=\"width: 9.16202%; text-align: center;\" width=\"75\">Potencia de elevaci\u00f3n (KW)<\/td>\n<td style=\"width: 9.23966%; text-align: center;\" width=\"74\">Potencia de inclinaci\u00f3n (KW)<\/td>\n<td style=\"width: 11.6759%; text-align: center;\" width=\"69\">Puerto de descarga (mm)<\/td>\n<td style=\"width: 14.7546%; text-align: center;\" width=\"110\">Dimensi\u00f3n L * W * H (mm)<\/td>\n<\/tr>\n<tr>\n<td style=\"width: 7.69213%; text-align: center;\" width=\"68\">CMR-150<\/td>\n<td style=\"width: 12.7334%; text-align: center;\" width=\"69\">150<\/td>\n<td style=\"width: 10.9103%; text-align: center;\" width=\"66\">120<\/td>\n<td style=\"width: 10.6372%; text-align: center;\" width=\"57\">7.5<\/td>\n<td style=\"width: 11.8018%; text-align: center;\" width=\"78\">3<\/td>\n<td style=\"width: 9.16202%; text-align: center;\" width=\"75\">2&#215;0.37<\/td>\n<td style=\"width: 9.23966%; text-align: center;\" width=\"74\">0.37<\/td>\n<td style=\"width: 11.6759%; text-align: center;\" width=\"69\">- 150<\/td>\n<td style=\"width: 14.7546%; text-align: center;\" width=\"110\">2000x1800x2200<\/td>\n<\/tr>\n<tr>\n<td style=\"width: 7.69213%; text-align: center;\" width=\"68\">CMR-300<\/td>\n<td style=\"width: 12.7334%; text-align: center;\" width=\"69\">300<\/td>\n<td style=\"width: 10.9103%; text-align: center;\" width=\"66\">240<\/td>\n<td style=\"width: 10.6372%; text-align: center;\" width=\"57\">11<\/td>\n<td style=\"width: 11.8018%; text-align: center;\" width=\"78\">4<\/td>\n<td style=\"width: 9.16202%; text-align: center;\" width=\"75\">2&#215;0.55<\/td>\n<td style=\"width: 9.23966%; text-align: center;\" width=\"74\">0.75<\/td>\n<td style=\"width: 11.6759%; text-align: center;\" width=\"69\">- 250<\/td>\n<td style=\"width: 14.7546%; text-align: center;\" width=\"110\">2500x1500x2400<\/td>\n<\/tr>\n<tr>\n<td style=\"width: 7.69213%; text-align: center;\" width=\"68\">CMR-450<\/td>\n<td style=\"width: 12.7334%; text-align: center;\" width=\"69\">450<\/td>\n<td style=\"width: 10.9103%; text-align: center;\" width=\"66\">360<\/td>\n<td style=\"width: 10.6372%; text-align: center;\" width=\"57\">15<\/td>\n<td style=\"width: 11.8018%; text-align: center;\" width=\"78\">4<\/td>\n<td style=\"width: 9.16202%; text-align: center;\" width=\"75\">2&#215;0.55<\/td>\n<td style=\"width: 9.23966%; text-align: center;\" width=\"74\">0.75<\/td>\n<td style=\"width: 11.6759%; text-align: center;\" width=\"69\">- 250<\/td>\n<td style=\"width: 14.7546%; text-align: center;\" width=\"110\">2150x1600x2600<\/td>\n<\/tr>\n<tr>\n<td style=\"width: 7.69213%; text-align: center;\" width=\"68\">CMR-700<\/td>\n<td style=\"width: 12.7334%; text-align: center;\" width=\"69\">700<\/td>\n<td style=\"width: 10.9103%; text-align: center;\" width=\"66\">560<\/td>\n<td style=\"width: 10.6372%; text-align: center;\" width=\"57\">22<\/td>\n<td style=\"width: 11.8018%; text-align: center;\" width=\"78\">5.5<\/td>\n<td style=\"width: 9.16202%; text-align: center;\" width=\"75\">2&#215;0.75<\/td>\n<td style=\"width: 9.23966%; text-align: center;\" width=\"74\">1.5<\/td>\n<td style=\"width: 11.6759%; text-align: center;\" width=\"69\">- 250<\/td>\n<td style=\"width: 14.7546%; text-align: center;\" width=\"110\">3100x1800x2900<\/td>\n<\/tr>\n<tr>\n<td style=\"width: 7.69213%; text-align: center;\" width=\"68\">CMR-1000<\/td>\n<td style=\"width: 12.7334%; text-align: center;\" width=\"69\">1000<\/td>\n<td style=\"width: 10.9103%; text-align: center;\" width=\"66\">800<\/td>\n<td style=\"width: 10.6372%; text-align: center;\" width=\"57\">30<\/td>\n<td style=\"width: 11.8018%; text-align: center;\" width=\"78\">7.5<\/td>\n<td style=\"width: 9.16202%; text-align: center;\" width=\"75\">2&#215;1.1<\/td>\n<td style=\"width: 9.23966%; text-align: center;\" width=\"74\">1.5<\/td>\n<td style=\"width: 11.6759%; text-align: center;\" width=\"69\">- 250<\/td>\n<td style=\"width: 14.7546%; text-align: center;\" width=\"110\">3600x2100x3400<\/td>\n<\/tr>\n<tr>\n<td style=\"width: 7.69213%; text-align: center;\" width=\"68\">CMR-2000<\/td>\n<td style=\"width: 12.7334%; text-align: center;\" width=\"69\">2000<\/td>\n<td style=\"width: 10.9103%; text-align: center;\" width=\"66\">1600<\/td>\n<td style=\"width: 10.6372%; text-align: center;\" width=\"57\">55<\/td>\n<td style=\"width: 11.8018%; text-align: center;\" width=\"78\">2&#215;7.5<\/td>\n<td style=\"width: 9.16202%; text-align: center;\" width=\"75\">2&#215;1.5<\/td>\n<td style=\"width: 9.23966%; text-align: center;\" width=\"74\">2.2<\/td>\n<td style=\"width: 11.6759%; text-align: center;\" width=\"69\">- 300<\/td>\n<td style=\"width: 14.7546%; text-align: center;\" width=\"110\">4200x2700x3900<\/td>\n<\/tr>\n<\/tbody>\n<\/table>","protected":false},"featured_media":2366,"comment_status":"open","ping_status":"closed","template":"","meta":{"_acf_changed":false},"product_cat":[15],"product_tag":[],"class_list":["post-780","product","type-product","status-publish","has-post-thumbnail","hentry","product_cat-mixer"],"acf":[],"_links":{"self":[{"href":"https:\/\/www.powdermachines.com\/es\/wp-json\/wp\/v2\/product\/780","targetHints":{"allow":["GET"]}}],"collection":[{"href":"https:\/\/www.powdermachines.com\/es\/wp-json\/wp\/v2\/product"}],"about":[{"href":"https:\/\/www.powdermachines.com\/es\/wp-json\/wp\/v2\/types\/product"}],"replies":[{"embeddable":true,"href":"https:\/\/www.powdermachines.com\/es\/wp-json\/wp\/v2\/comments?post=780"}],"wp:featuredmedia":[{"embeddable":true,"href":"https:\/\/www.powdermachines.com\/es\/wp-json\/wp\/v2\/media\/2366"}],"wp:attachment":[{"href":"https:\/\/www.powdermachines.com\/es\/wp-json\/wp\/v2\/media?parent=780"}],"wp:term":[{"taxonomy":"product_cat","embeddable":true,"href":"https:\/\/www.powdermachines.com\/es\/wp-json\/wp\/v2\/product_cat?post=780"},{"taxonomy":"product_tag","embeddable":true,"href":"https:\/\/www.powdermachines.com\/es\/wp-json\/wp\/v2\/product_tag?post=780"}],"curies":[{"name":"wp","href":"https:\/\/api.w.org\/{rel}","templated":true}]}}