{"id":781,"date":"2024-10-15T17:33:24","date_gmt":"2024-10-15T09:33:24","guid":{"rendered":"http:\/\/www.powdermachines.com\/?post_type=product&#038;p=781"},"modified":"2024-11-29T11:06:17","modified_gmt":"2024-11-29T03:06:17","slug":"high-speed-mixer","status":"publish","type":"product","link":"https:\/\/www.powdermachines.com\/es\/product\/high-speed-mixer\/","title":{"rendered":"Mezclador de alta velocidad"},"content":{"rendered":"<p>El mezclador de alta velocidad se aplica principalmente en la mezcla de revestimiento en polvo de electricidad est\u00e1tica de poli\u00e9ster epoxi, siendo una m\u00e1quina ideal para proporcionar energ\u00eda, agitar materiales gruesos con baja velocidad y mezclar a alta velocidad, aplicable para industrias como revestimiento en polvo, farmacia, alimentos, tintes y materiales de construcci\u00f3n, etc. Por lo tanto, esta m\u00e1quina se aplica ampliamente a la producci\u00f3n de recubrimiento en polvo de electricidad est\u00e1tica. Despu\u00e9s de que los materiales se mezclen en el mezclador de alta velocidad, inicie el reductor de velocidad de agitaci\u00f3n, a continuaci\u00f3n, los materiales forman un anillo de flujo remolinoso de niebla espacial tridimensional bajo el efecto de la m\u00e1quina de agitaci\u00f3n. Para el anillo de flujo de remolino formado, los materiales pueden alcanzar el prop\u00f3sito de mezclar a alta velocidad para mejorar la eficiencia y la uniformidad de la mezcla.<\/p>","protected":false},"excerpt":{"rendered":"<table style=\"width: 100.517%;\">\n<tbody>\n<tr>\n<td style=\"width: 11.7426%; text-align: center;\" width=\"106\">modelo<\/td>\n<td style=\"width: 8.91976%; text-align: center;\" width=\"69\">El volumen (L)<\/td>\n<td style=\"width: 13.0352%; text-align: center;\" width=\"70\">Capacidad (kg\/tanque)<\/td>\n<td style=\"width: 12.3647%; text-align: center;\" width=\"84\">Motor de mezcla (kW)<\/td>\n<td style=\"width: 13.1484%; text-align: center;\" width=\"82\">Motor de trituraci\u00f3n (kW)<\/td>\n<td style=\"width: 12.9503%; text-align: center;\" width=\"79\">Velocidad de mezcla (RPM)<\/td>\n<td style=\"width: 12.3008%; text-align: center;\" width=\"47\">Tiempo de mezcla (MIN)<\/td>\n<td style=\"width: 89.1061%; text-align: center;\" width=\"111\">Dimensiones totales (mm)<\/td>\n<\/tr>\n<tr>\n<td style=\"width: 11.7426%; text-align: center;\" width=\"106\">HSM-150<\/td>\n<td style=\"width: 8.91976%; text-align: center;\" width=\"69\">150<\/td>\n<td style=\"width: 13.0352%; text-align: center;\" width=\"70\">120<\/td>\n<td style=\"width: 12.3647%; text-align: center;\" width=\"84\">5.5<\/td>\n<td style=\"width: 13.1484%; text-align: center;\" width=\"82\">3<\/td>\n<td style=\"width: 12.9503%; text-align: center;\" width=\"79\">80<\/td>\n<td style=\"width: 12.3008%; text-align: center;\" width=\"47\">3-5<\/td>\n<td style=\"width: 89.1061%; text-align: center;\" width=\"111\">1350*1250*1600<\/td>\n<\/tr>\n<tr>\n<td style=\"width: 11.7426%; text-align: center;\" width=\"106\">HSM-300<\/td>\n<td style=\"width: 8.91976%; text-align: center;\" width=\"69\">300<\/td>\n<td style=\"width: 13.0352%; text-align: center;\" width=\"70\">200<\/td>\n<td style=\"width: 12.3647%; text-align: center;\" width=\"84\">7.5<\/td>\n<td style=\"width: 13.1484%; text-align: center;\" width=\"82\">3<\/td>\n<td style=\"width: 12.9503%; text-align: center;\" width=\"79\">80<\/td>\n<td style=\"width: 12.3008%; text-align: center;\" width=\"47\">3-5<\/td>\n<td style=\"width: 89.1061%; text-align: center;\" width=\"111\">1350*1250*1650<\/td>\n<\/tr>\n<tr>\n<td style=\"width: 11.7426%; text-align: center;\" width=\"106\">HSM-500<\/td>\n<td style=\"width: 8.91976%; text-align: center;\" width=\"69\">500<\/td>\n<td style=\"width: 13.0352%; text-align: center;\" width=\"70\">300<\/td>\n<td style=\"width: 12.3647%; text-align: center;\" width=\"84\">15<\/td>\n<td style=\"width: 13.1484%; text-align: center;\" width=\"82\">3<\/td>\n<td style=\"width: 12.9503%; text-align: center;\" width=\"79\">86<\/td>\n<td style=\"width: 12.3008%; text-align: center;\" width=\"47\">3-5<\/td>\n<td style=\"width: 89.1061%; text-align: center;\" width=\"111\">2350*1650*1550<\/td>\n<\/tr>\n<tr>\n<td style=\"width: 11.7426%; text-align: center;\" width=\"106\">HSM-1000<\/td>\n<td style=\"width: 8.91976%; text-align: center;\" width=\"69\">1000<\/td>\n<td style=\"width: 13.0352%; text-align: center;\" width=\"70\">500<\/td>\n<td style=\"width: 12.3647%; text-align: center;\" width=\"84\">22<\/td>\n<td style=\"width: 13.1484%; text-align: center;\" width=\"82\">3*2<\/td>\n<td style=\"width: 12.9503%; text-align: center;\" width=\"79\">63<\/td>\n<td style=\"width: 12.3008%; text-align: center;\" width=\"47\">3-5<\/td>\n<td style=\"width: 89.1061%; text-align: center;\" width=\"111\">2600*2350*1850<\/td>\n<\/tr>\n<tr>\n<td style=\"width: 11.7426%; text-align: center;\" width=\"106\">HSM-1600<\/td>\n<td style=\"width: 8.91976%; text-align: center;\" width=\"69\">1600<\/td>\n<td style=\"width: 13.0352%; text-align: center;\" width=\"70\">800<\/td>\n<td style=\"width: 12.3647%; text-align: center;\" width=\"84\">37<\/td>\n<td style=\"width: 13.1484%; text-align: center;\" width=\"82\">3*2<\/td>\n<td style=\"width: 12.9503%; text-align: center;\" width=\"79\">63<\/td>\n<td style=\"width: 12.3008%; text-align: center;\" width=\"47\">3-5<\/td>\n<td style=\"width: 89.1061%; text-align: center;\" width=\"111\">2750*2550*2000<\/td>\n<\/tr>\n<\/tbody>\n<\/table>\n<p>&nbsp;<\/p>","protected":false},"featured_media":2370,"comment_status":"open","ping_status":"closed","template":"","meta":{"_acf_changed":false},"product_cat":[15],"product_tag":[],"class_list":["post-781","product","type-product","status-publish","has-post-thumbnail","hentry","product_cat-mixer"],"acf":[],"_links":{"self":[{"href":"https:\/\/www.powdermachines.com\/es\/wp-json\/wp\/v2\/product\/781","targetHints":{"allow":["GET"]}}],"collection":[{"href":"https:\/\/www.powdermachines.com\/es\/wp-json\/wp\/v2\/product"}],"about":[{"href":"https:\/\/www.powdermachines.com\/es\/wp-json\/wp\/v2\/types\/product"}],"replies":[{"embeddable":true,"href":"https:\/\/www.powdermachines.com\/es\/wp-json\/wp\/v2\/comments?post=781"}],"wp:featuredmedia":[{"embeddable":true,"href":"https:\/\/www.powdermachines.com\/es\/wp-json\/wp\/v2\/media\/2370"}],"wp:attachment":[{"href":"https:\/\/www.powdermachines.com\/es\/wp-json\/wp\/v2\/media?parent=781"}],"wp:term":[{"taxonomy":"product_cat","embeddable":true,"href":"https:\/\/www.powdermachines.com\/es\/wp-json\/wp\/v2\/product_cat?post=781"},{"taxonomy":"product_tag","embeddable":true,"href":"https:\/\/www.powdermachines.com\/es\/wp-json\/wp\/v2\/product_tag?post=781"}],"curies":[{"name":"wp","href":"https:\/\/api.w.org\/{rel}","templated":true}]}}