{"id":787,"date":"2024-10-15T17:32:06","date_gmt":"2024-10-15T09:32:06","guid":{"rendered":"http:\/\/www.powdermachines.com\/?post_type=product&#038;p=787"},"modified":"2024-11-28T18:40:42","modified_gmt":"2024-11-28T10:40:42","slug":"air-cooling-belt%ef%bc%88rubber%ef%bc%89","status":"publish","type":"product","link":"https:\/\/www.powdermachines.com\/es\/product\/air-cooling-belt%ef%bc%88rubber%ef%bc%89\/","title":{"rendered":"Cintur\u00f3n de enfriamiento por aire (goma)"},"content":{"rendered":"<p>La cinta de refrigeraci\u00f3n por aire (caucho) se compone de rodillos de refrigeraci\u00f3n, transportador de caucho artificial, trituradora y sistema de aire de refrigeraci\u00f3n. El material de fusi\u00f3n t\u00e9rmica de la extrusora se lamina para convertirse en l\u00e1mina durante 1-2 mm mediante rodillos de enfriamiento, y se enfr\u00eda en el transportador de caucho a temperatura ambiente mediante aire de enfriamiento, luego se tritura en virutas y se descarga.<\/p>","protected":false},"excerpt":{"rendered":"<table style=\"width: 98.3033%;\">\n<tbody>\n<tr>\n<td style=\"width: 11.3707%; text-align: center;\" width=\"69\">modelo<\/td>\n<td style=\"width: 15.5763%; text-align: center;\" width=\"89\">Producci\u00f3n (kg\/h)<\/td>\n<td style=\"width: 15.971%; text-align: center;\" width=\"73\">Di\u00e1metro del rodillo (mm)<\/td>\n<td style=\"width: 12.3375%; text-align: center;\" width=\"83\">Longitud del cintur\u00f3n (mm)<\/td>\n<td style=\"width: 12.658%; text-align: center;\" width=\"63\">Ancho del cintur\u00f3n (mm)<\/td>\n<td style=\"width: 13.5226%; text-align: center;\" width=\"75\">Potencia principal (kw)<\/td>\n<td style=\"width: 105.898%; text-align: center;\" width=\"111\">Dimensi\u00f3n L * W * H (mm)<\/td>\n<\/tr>\n<tr>\n<td style=\"width: 11.3707%; text-align: center;\" width=\"69\">CCR-100<\/td>\n<td style=\"width: 15.5763%; text-align: center;\" width=\"89\">100<\/td>\n<td style=\"width: 15.971%; text-align: center;\" width=\"73\">240<\/td>\n<td style=\"width: 12.3375%; text-align: center;\" width=\"83\">2000<\/td>\n<td style=\"width: 12.658%; text-align: center;\" width=\"63\">400<\/td>\n<td style=\"width: 13.5226%; text-align: center;\" width=\"75\">0.55<\/td>\n<td style=\"width: 105.898%; text-align: center;\" width=\"111\">4000x1500x1300<\/td>\n<\/tr>\n<tr>\n<td style=\"width: 11.3707%; text-align: center;\" width=\"69\">CCR-200<\/td>\n<td style=\"width: 15.5763%; text-align: center;\" width=\"89\">200<\/td>\n<td style=\"width: 15.971%; text-align: center;\" width=\"73\">270<\/td>\n<td style=\"width: 12.3375%; text-align: center;\" width=\"83\">4000<\/td>\n<td style=\"width: 12.658%; text-align: center;\" width=\"63\">600<\/td>\n<td style=\"width: 13.5226%; text-align: center;\" width=\"75\">0.75<\/td>\n<td style=\"width: 105.898%; text-align: center;\" width=\"111\">4600x1600x1400<\/td>\n<\/tr>\n<tr>\n<td style=\"width: 11.3707%; text-align: center;\" width=\"69\">CCR-400<\/td>\n<td style=\"width: 15.5763%; text-align: center;\" width=\"89\">400<\/td>\n<td style=\"width: 15.971%; text-align: center;\" width=\"73\">370<\/td>\n<td style=\"width: 12.3375%; text-align: center;\" width=\"83\">5000<\/td>\n<td style=\"width: 12.658%; text-align: center;\" width=\"63\">900<\/td>\n<td style=\"width: 13.5226%; text-align: center;\" width=\"75\">1.1<\/td>\n<td style=\"width: 105.898%; text-align: center;\" width=\"111\">5600x1700x1500<\/td>\n<\/tr>\n<tr>\n<td style=\"width: 11.3707%; text-align: center;\" width=\"69\">CCR-600<\/td>\n<td style=\"width: 15.5763%; text-align: center;\" width=\"89\">600<\/td>\n<td style=\"width: 15.971%; text-align: center;\" width=\"73\">420<\/td>\n<td style=\"width: 12.3375%; text-align: center;\" width=\"83\">6000<\/td>\n<td style=\"width: 12.658%; text-align: center;\" width=\"63\">1000<\/td>\n<td style=\"width: 13.5226%; text-align: center;\" width=\"75\">1.5<\/td>\n<td style=\"width: 105.898%; text-align: center;\" width=\"111\">6600x1800x1500<\/td>\n<\/tr>\n<tr>\n<td style=\"width: 11.3707%; text-align: center;\" width=\"69\">CCR-800<\/td>\n<td style=\"width: 15.5763%; text-align: center;\" width=\"89\">800<\/td>\n<td style=\"width: 15.971%; text-align: center;\" width=\"73\">470<\/td>\n<td style=\"width: 12.3375%; text-align: center;\" width=\"83\">6000<\/td>\n<td style=\"width: 12.658%; text-align: center;\" width=\"63\">1200<\/td>\n<td style=\"width: 13.5226%; text-align: center;\" width=\"75\">2.2<\/td>\n<td style=\"width: 105.898%; text-align: center;\" width=\"111\">6600x2000x1600<\/td>\n<\/tr>\n<tr>\n<td style=\"width: 11.3707%; text-align: center;\" width=\"69\">CCR-1000<\/td>\n<td style=\"width: 15.5763%; text-align: center;\" width=\"89\">1000<\/td>\n<td style=\"width: 15.971%; text-align: center;\" width=\"73\">550<\/td>\n<td style=\"width: 12.3375%; text-align: center;\" width=\"83\">7000<\/td>\n<td style=\"width: 12.658%; text-align: center;\" width=\"63\">1200<\/td>\n<td style=\"width: 13.5226%; text-align: center;\" width=\"75\">3<\/td>\n<td style=\"width: 105.898%; text-align: center;\" width=\"111\">7800x2000x1600<\/td>\n<\/tr>\n<\/tbody>\n<\/table>","protected":false},"featured_media":2385,"comment_status":"open","ping_status":"closed","template":"","meta":{"_acf_changed":false},"product_cat":[26],"product_tag":[],"class_list":["post-787","product","type-product","status-publish","has-post-thumbnail","hentry","product_cat-cooling-conveyor"],"acf":[],"_links":{"self":[{"href":"https:\/\/www.powdermachines.com\/es\/wp-json\/wp\/v2\/product\/787","targetHints":{"allow":["GET"]}}],"collection":[{"href":"https:\/\/www.powdermachines.com\/es\/wp-json\/wp\/v2\/product"}],"about":[{"href":"https:\/\/www.powdermachines.com\/es\/wp-json\/wp\/v2\/types\/product"}],"replies":[{"embeddable":true,"href":"https:\/\/www.powdermachines.com\/es\/wp-json\/wp\/v2\/comments?post=787"}],"wp:featuredmedia":[{"embeddable":true,"href":"https:\/\/www.powdermachines.com\/es\/wp-json\/wp\/v2\/media\/2385"}],"wp:attachment":[{"href":"https:\/\/www.powdermachines.com\/es\/wp-json\/wp\/v2\/media?parent=787"}],"wp:term":[{"taxonomy":"product_cat","embeddable":true,"href":"https:\/\/www.powdermachines.com\/es\/wp-json\/wp\/v2\/product_cat?post=787"},{"taxonomy":"product_tag","embeddable":true,"href":"https:\/\/www.powdermachines.com\/es\/wp-json\/wp\/v2\/product_tag?post=787"}],"curies":[{"name":"wp","href":"https:\/\/api.w.org\/{rel}","templated":true}]}}