{"id":2398,"date":"2024-11-21T18:06:30","date_gmt":"2024-11-21T10:06:30","guid":{"rendered":"https:\/\/www.powdermachines.com\/?post_type=product&#038;p=2398"},"modified":"2024-11-29T14:26:48","modified_gmt":"2024-11-29T06:26:48","slug":"laboratory-twin-screw-extruder","status":"publish","type":"product","link":"https:\/\/www.powdermachines.com\/fr\/product\/laboratory-twin-screw-extruder\/","title":{"rendered":"Extrudeuse \u00e0 double vis de laboratoire"},"content":{"rendered":"<p>La TSE-26 est une extrudeuse \u00e0 double vis id\u00e9ale pour la R&amp; D travailler pour obtenir des formules optimales et des param\u00e8tres de production. Il simule avec pr\u00e9cision les param\u00e8tres de fonctionnement des extrudeuses de production de MPM.<\/p>","protected":false},"excerpt":{"rendered":"<table style=\"border-collapse: collapse; width: 100.392%;\" border=\"0\" width=\"576\" cellspacing=\"0\" cellpadding=\"0\">\n<tbody>\n<tr style=\"height: 42.75pt;\">\n<td class=\"et2\" style=\"height: 42.75pt; width: 9.73913%; text-align: center;\" width=\"72\" height=\"57\">Mod\u00e8le<\/td>\n<td class=\"et2\" style=\"width: 9.4759%; text-align: center;\" width=\"72\">Capacit\u00e9 Kg\/h<\/td>\n<td class=\"et2\" style=\"width: 15.7874%; text-align: center;\" width=\"72\">Diam\u00e8tre de vis (mm)<\/td>\n<td class=\"et2\" style=\"width: 6.97397%; text-align: center;\" width=\"72\">vis LD<\/td>\n<td class=\"et2\" style=\"width: 14.1588%; text-align: center;\" width=\"72\">Vitesse de vis (tr\/min)<\/td>\n<td class=\"et2\" style=\"width: 12.0387%; text-align: center;\" width=\"72\">Moteur principal kw<\/td>\n<td class=\"et2\" style=\"width: 11.1304%; text-align: center;\" width=\"72\">Puissance de chauffage kW<\/td>\n<td class=\"et2\" style=\"width: 68.5217%; text-align: center;\" width=\"72\">Dimension (mm)<\/td>\n<\/tr>\n<tr style=\"height: 28.50pt;\">\n<td class=\"et2\" style=\"height: 28.5pt; width: 9.73913%; text-align: center;\" width=\"72\" height=\"38\">TSE-26B<\/td>\n<td class=\"et2\" style=\"width: 9.4759%; text-align: center;\" width=\"72\">40<\/td>\n<td class=\"et2\" style=\"width: 15.7874%; text-align: center;\" width=\"72\">26<\/td>\n<td class=\"et2\" style=\"width: 6.97397%; text-align: center;\" width=\"72\">18<\/td>\n<td class=\"et2\" style=\"width: 14.1588%; text-align: center;\" width=\"72\">520<\/td>\n<td class=\"et2\" style=\"width: 12.0387%; text-align: center;\" width=\"72\">4<\/td>\n<td class=\"et2\" style=\"width: 11.1304%; text-align: center;\" width=\"72\">3<\/td>\n<td class=\"et2\" style=\"width: 68.5217%; text-align: center;\" width=\"72\">1600*580*1440<\/td>\n<\/tr>\n<tr style=\"height: 28.50pt;\">\n<td class=\"et2\" style=\"height: 28.5pt; width: 9.73913%; text-align: center;\" width=\"72\" height=\"38\">TSE-26C<\/td>\n<td class=\"et2\" style=\"width: 9.4759%; text-align: center;\" width=\"72\">40<\/td>\n<td class=\"et2\" style=\"width: 15.7874%; text-align: center;\" width=\"72\">26<\/td>\n<td class=\"et2\" style=\"width: 6.97397%; text-align: center;\" width=\"72\">24<\/td>\n<td class=\"et2\" style=\"width: 14.1588%; text-align: center;\" width=\"72\">520<\/td>\n<td class=\"et2\" style=\"width: 12.0387%; text-align: center;\" width=\"72\">5.5<\/td>\n<td class=\"et2\" style=\"width: 11.1304%; text-align: center;\" width=\"72\">4<\/td>\n<td class=\"et2\" style=\"width: 68.5217%; text-align: center;\" width=\"72\">1700*580*1440<\/td>\n<\/tr>\n<\/tbody>\n<\/table>\n<p>&nbsp;<\/p>","protected":false},"featured_media":2400,"comment_status":"open","ping_status":"closed","template":"","meta":{"_acf_changed":false},"product_cat":[57],"product_tag":[],"class_list":["post-2398","product","type-product","status-publish","has-post-thumbnail","hentry","product_cat-laboratory-equipment"],"acf":[],"_links":{"self":[{"href":"https:\/\/www.powdermachines.com\/fr\/wp-json\/wp\/v2\/product\/2398","targetHints":{"allow":["GET"]}}],"collection":[{"href":"https:\/\/www.powdermachines.com\/fr\/wp-json\/wp\/v2\/product"}],"about":[{"href":"https:\/\/www.powdermachines.com\/fr\/wp-json\/wp\/v2\/types\/product"}],"replies":[{"embeddable":true,"href":"https:\/\/www.powdermachines.com\/fr\/wp-json\/wp\/v2\/comments?post=2398"}],"wp:featuredmedia":[{"embeddable":true,"href":"https:\/\/www.powdermachines.com\/fr\/wp-json\/wp\/v2\/media\/2400"}],"wp:attachment":[{"href":"https:\/\/www.powdermachines.com\/fr\/wp-json\/wp\/v2\/media?parent=2398"}],"wp:term":[{"taxonomy":"product_cat","embeddable":true,"href":"https:\/\/www.powdermachines.com\/fr\/wp-json\/wp\/v2\/product_cat?post=2398"},{"taxonomy":"product_tag","embeddable":true,"href":"https:\/\/www.powdermachines.com\/fr\/wp-json\/wp\/v2\/product_tag?post=2398"}],"curies":[{"name":"wp","href":"https:\/\/api.w.org\/{rel}","templated":true}]}}