{"id":2404,"date":"2024-11-21T18:14:57","date_gmt":"2024-11-21T10:14:57","guid":{"rendered":"https:\/\/www.powdermachines.com\/?post_type=product&#038;p=2404"},"modified":"2024-11-29T18:48:01","modified_gmt":"2024-11-29T10:48:01","slug":"lab-bonding","status":"publish","type":"product","link":"https:\/\/www.powdermachines.com\/fr\/product\/lab-bonding\/","title":{"rendered":"Collage de laboratoire"},"content":{"rendered":"<p>Le m\u00e9langeur de collage m\u00e9tallique fonctionne pour collage de la peinture m\u00e9tallique \u00e0 la surface de particules de rev\u00eatements en poudre avec lustre m\u00e9tallique. Rechercher et d\u00e9velopper avec succ\u00e8s l'\u00e9quipement de liaison m\u00e9tallique pour les rev\u00eatements en poudre de la s\u00e9rie MB avec INTEL. DROIT DE PROPRIET\u00c9 LECTUALE par MPMtek est bas\u00e9 sur les travaux de recherche suivants: L'exigence des clients. Les diff\u00e9rences de temp\u00e9rature de transition vitreuse des rev\u00eatements en poudre. Recherche et essai sur la dynamique m\u00e9canique pendant le processus de frottement-chauffage du charbon de poudre \u00e0 la temp\u00e9rature de liaison. Recherche sur la FACIBILIT\u00c9 du syst\u00e8me de contr\u00f4le automatique tout-int\u00e9gr\u00e9-intelligent.<\/p>","protected":false},"excerpt":{"rendered":"<table style=\"width: 40.2188%; height: 192px;\">\n<tbody>\n<tr style=\"height: 24px;\">\n<td style=\"width: 54.9555%; text-align: center; height: 24px;\" width=\"165\">Mod\u00e8le<\/td>\n<td style=\"width: 130.798%; text-align: center; height: 24px;\" width=\"111\">MB-08<\/td>\n<\/tr>\n<tr style=\"height: 24px;\">\n<td style=\"width: 54.9555%; text-align: center; height: 24px;\" width=\"165\">Capacit\u00e9 du conteneur de liaison MB (L)<\/td>\n<td style=\"width: 130.798%; text-align: center; height: 24px;\" width=\"111\">8<\/td>\n<\/tr>\n<tr style=\"height: 24px;\">\n<td style=\"width: 54.9555%; text-align: center; height: 24px;\" width=\"165\">Rendement unique (kg)<\/td>\n<td style=\"width: 130.798%; text-align: center; height: 24px;\" width=\"111\">3<\/td>\n<\/tr>\n<tr style=\"height: 24px;\">\n<td style=\"width: 54.9555%; text-align: center; height: 24px;\" width=\"165\">Volume d'eau de recyclage (m\u00b3\/h)<\/td>\n<td style=\"width: 130.798%; text-align: center; height: 24px;\" width=\"111\">2<\/td>\n<\/tr>\n<tr style=\"height: 24px;\">\n<td style=\"width: 54.9555%; text-align: center; height: 24px;\" width=\"165\">Consommation d'azote (L\/min)<\/td>\n<td style=\"width: 130.798%; text-align: center; height: 24px;\" width=\"111\">50<\/td>\n<\/tr>\n<tr style=\"height: 24px;\">\n<td style=\"width: 54.9555%; text-align: center; height: 24px;\" width=\"165\">Air comprim\u00e9 (L\/min)<\/td>\n<td style=\"width: 130.798%; text-align: center; height: 24px;\" width=\"111\">30<\/td>\n<\/tr>\n<tr style=\"height: 24px;\">\n<td style=\"width: 54.9555%; text-align: center; height: 24px;\" width=\"165\">Puissance (KW)<\/td>\n<td style=\"width: 130.798%; text-align: center; height: 24px;\" width=\"111\">5.5<\/td>\n<\/tr>\n<tr style=\"height: 24px;\">\n<td style=\"width: 54.9555%; text-align: center; height: 24px;\" width=\"165\">Dimension (mm)<\/td>\n<td style=\"width: 130.798%; text-align: center; height: 24px;\" width=\"111\">1400*820*1580<\/td>\n<\/tr>\n<\/tbody>\n<\/table>","protected":false},"featured_media":2405,"comment_status":"open","ping_status":"closed","template":"","meta":{"_acf_changed":false},"product_cat":[57],"product_tag":[],"class_list":["post-2404","product","type-product","status-publish","has-post-thumbnail","hentry","product_cat-laboratory-equipment"],"acf":[],"_links":{"self":[{"href":"https:\/\/www.powdermachines.com\/fr\/wp-json\/wp\/v2\/product\/2404","targetHints":{"allow":["GET"]}}],"collection":[{"href":"https:\/\/www.powdermachines.com\/fr\/wp-json\/wp\/v2\/product"}],"about":[{"href":"https:\/\/www.powdermachines.com\/fr\/wp-json\/wp\/v2\/types\/product"}],"replies":[{"embeddable":true,"href":"https:\/\/www.powdermachines.com\/fr\/wp-json\/wp\/v2\/comments?post=2404"}],"wp:featuredmedia":[{"embeddable":true,"href":"https:\/\/www.powdermachines.com\/fr\/wp-json\/wp\/v2\/media\/2405"}],"wp:attachment":[{"href":"https:\/\/www.powdermachines.com\/fr\/wp-json\/wp\/v2\/media?parent=2404"}],"wp:term":[{"taxonomy":"product_cat","embeddable":true,"href":"https:\/\/www.powdermachines.com\/fr\/wp-json\/wp\/v2\/product_cat?post=2404"},{"taxonomy":"product_tag","embeddable":true,"href":"https:\/\/www.powdermachines.com\/fr\/wp-json\/wp\/v2\/product_tag?post=2404"}],"curies":[{"name":"wp","href":"https:\/\/api.w.org\/{rel}","templated":true}]}}