{"id":2406,"date":"2024-11-21T18:18:58","date_gmt":"2024-11-21T10:18:58","guid":{"rendered":"https:\/\/www.powdermachines.com\/?post_type=product&#038;p=2406"},"modified":"2024-11-29T14:17:43","modified_gmt":"2024-11-29T06:17:43","slug":"lab-powder-coating-spray-booth","status":"publish","type":"product","link":"https:\/\/www.powdermachines.com\/fr\/product\/lab-powder-coating-spray-booth\/","title":{"rendered":"Booth de pulv\u00e9risation de rev\u00eatement en poudre de laboratoire"},"content":{"rendered":"<p>La cabine de pulv\u00e9risation de rev\u00eatement en poudre de laboratoire est compos\u00e9e de cabinet, filtre avec aspirateur \u00e0 poussi\u00e8re \u00e0 impulsion, ventilateur, pistolet de pulv\u00e9risation statique et four (option).<\/p>\n<p>Caract\u00e9ristiques principales<\/p>\n<p>Armoire bien ferm\u00e9, pas de fuite de poussi\u00e8re<\/p>\n<p>Le rev\u00eatement en poudre goutt\u00e9 est recueilli dans un seau en acier inoxydable<\/p>\n<p>&nbsp;<\/p>\n<p>&nbsp;<\/p>","protected":false},"excerpt":{"rendered":"<p>La cabine de pulv\u00e9risation de rev\u00eatement en poudre de laboratoire est compos\u00e9e de cabinet, filtre avec aspirateur \u00e0 poussi\u00e8re \u00e0 impulsion, ventilateur, pistolet de pulv\u00e9risation statique et four (option). Caract\u00e9ristiques principales Cabinet bien ferm\u00e9, aucune fuite de poussi\u00e8re Le rev\u00eatement en poudre tomb\u00e9 est recueilli dans un seau en acier inoxydable &nbsp; &nbsp;<\/p>","protected":false},"featured_media":2408,"comment_status":"open","ping_status":"closed","template":"","meta":{"_acf_changed":false},"product_cat":[57],"product_tag":[],"class_list":["post-2406","product","type-product","status-publish","has-post-thumbnail","hentry","product_cat-laboratory-equipment"],"acf":[],"_links":{"self":[{"href":"https:\/\/www.powdermachines.com\/fr\/wp-json\/wp\/v2\/product\/2406","targetHints":{"allow":["GET"]}}],"collection":[{"href":"https:\/\/www.powdermachines.com\/fr\/wp-json\/wp\/v2\/product"}],"about":[{"href":"https:\/\/www.powdermachines.com\/fr\/wp-json\/wp\/v2\/types\/product"}],"replies":[{"embeddable":true,"href":"https:\/\/www.powdermachines.com\/fr\/wp-json\/wp\/v2\/comments?post=2406"}],"wp:featuredmedia":[{"embeddable":true,"href":"https:\/\/www.powdermachines.com\/fr\/wp-json\/wp\/v2\/media\/2408"}],"wp:attachment":[{"href":"https:\/\/www.powdermachines.com\/fr\/wp-json\/wp\/v2\/media?parent=2406"}],"wp:term":[{"taxonomy":"product_cat","embeddable":true,"href":"https:\/\/www.powdermachines.com\/fr\/wp-json\/wp\/v2\/product_cat?post=2406"},{"taxonomy":"product_tag","embeddable":true,"href":"https:\/\/www.powdermachines.com\/fr\/wp-json\/wp\/v2\/product_tag?post=2406"}],"curies":[{"name":"wp","href":"https:\/\/api.w.org\/{rel}","templated":true}]}}