{"id":2409,"date":"2024-11-21T18:22:07","date_gmt":"2024-11-21T10:22:07","guid":{"rendered":"https:\/\/www.powdermachines.com\/?post_type=product&#038;p=2409"},"modified":"2024-11-21T18:22:07","modified_gmt":"2024-11-21T10:22:07","slug":"raw-material-dumper","status":"publish","type":"product","link":"https:\/\/www.powdermachines.com\/fr\/product\/raw-material-dumper\/","title":{"rendered":"Dumper de mati\u00e8res premi\u00e8res"},"content":{"rendered":"<p>Le dumper de mati\u00e8res premi\u00e8res est compos\u00e9 d'armoire, de ventilateur et de sac de filtre avec vide \u00e0 poussi\u00e8re d'impulsion. Il est utilis\u00e9 pour le d\u00e9versement de mati\u00e8res premi\u00e8res dans le conteneur. Pas de fuite de poussi\u00e8re.<\/p>","protected":false},"excerpt":{"rendered":"<p>Le dumper de mati\u00e8res premi\u00e8res est compos\u00e9 d'armoire, de ventilateur et de sac de filtre avec vide \u00e0 poussi\u00e8re d'impulsion. Il est utilis\u00e9 pour le d\u00e9versement de mati\u00e8res premi\u00e8res dans le conteneur. Pas de fuite de poussi\u00e8re.<\/p>","protected":false},"featured_media":2410,"comment_status":"open","ping_status":"closed","template":"","meta":{"_acf_changed":false},"product_cat":[63],"product_tag":[],"class_list":["post-2409","product","type-product","status-publish","has-post-thumbnail","hentry","product_cat-auxiliary-equipment"],"acf":[],"_links":{"self":[{"href":"https:\/\/www.powdermachines.com\/fr\/wp-json\/wp\/v2\/product\/2409","targetHints":{"allow":["GET"]}}],"collection":[{"href":"https:\/\/www.powdermachines.com\/fr\/wp-json\/wp\/v2\/product"}],"about":[{"href":"https:\/\/www.powdermachines.com\/fr\/wp-json\/wp\/v2\/types\/product"}],"replies":[{"embeddable":true,"href":"https:\/\/www.powdermachines.com\/fr\/wp-json\/wp\/v2\/comments?post=2409"}],"wp:featuredmedia":[{"embeddable":true,"href":"https:\/\/www.powdermachines.com\/fr\/wp-json\/wp\/v2\/media\/2410"}],"wp:attachment":[{"href":"https:\/\/www.powdermachines.com\/fr\/wp-json\/wp\/v2\/media?parent=2409"}],"wp:term":[{"taxonomy":"product_cat","embeddable":true,"href":"https:\/\/www.powdermachines.com\/fr\/wp-json\/wp\/v2\/product_cat?post=2409"},{"taxonomy":"product_tag","embeddable":true,"href":"https:\/\/www.powdermachines.com\/fr\/wp-json\/wp\/v2\/product_tag?post=2409"}],"curies":[{"name":"wp","href":"https:\/\/api.w.org\/{rel}","templated":true}]}}