{"id":2526,"date":"2024-11-27T11:14:28","date_gmt":"2024-11-27T03:14:28","guid":{"rendered":"https:\/\/www.powdermachines.com\/?post_type=product&#038;p=2526"},"modified":"2025-09-09T17:18:29","modified_gmt":"2025-09-09T09:18:29","slug":"acm-mill","status":"publish","type":"product","link":"https:\/\/www.powdermachines.com\/fr\/product\/acm-mill\/","title":{"rendered":"Moulin ACM"},"content":{"rendered":"<p>Le syst\u00e8me de micro-broyage ACM est compos\u00e9 d'un moulin de classification d'air \u00e0 grande vitesse, d'un cyclone, d'un tamis rotatif (tamis centrifuge) \/ d'un tamis vibrant, d'un collecteur de poudres super-fines et d'un ventilateur. ACM est con\u00e7u avec les fonctions suivantes: La mati\u00e8re premi\u00e8re est broy\u00e9e en poudres fines par impact \u00e0 grande vitesse, classement de la taille des particules dans le moulin, s\u00e9paration cyclone et collecte de poudres super-fines. Une r\u00e9partition parfaite de la taille des particules du rev\u00eatement en poudre peut \u00eatre obtenue en r\u00e9gulant les param\u00e8tres de fonctionnement du syst\u00e8me ACM. Le syst\u00e8me de micro-broyage ACM pourrait \u00e9galement \u00eatre utilis\u00e9 pour broyer les pigments, la poudre de calcium, la poudre de carbonate, les m\u00e9dicaments et les aliments.<\/p>","protected":false},"excerpt":{"rendered":"<table style=\"border-collapse: collapse; width: 100.983%;\" border=\"0\" width=\"576\" cellspacing=\"0\" cellpadding=\"0\">\n<tbody>\n<tr style=\"height: 42.75pt;\">\n<td class=\"et2\" style=\"height: 42.75pt; width: 9.55484%; text-align: center;\" width=\"72\" height=\"57\">Mod\u00e8le<\/td>\n<td class=\"et2\" style=\"width: 12.2944%; text-align: center;\" width=\"72\">Capacit\u00e9 Max (kg)<\/td>\n<td class=\"et2\" style=\"width: 13.97%; text-align: center;\" width=\"72\">Moteur de moulin (kW)<\/td>\n<td class=\"et2\" style=\"width: 11.6814%; text-align: center;\" width=\"72\">Vitesse de moulin (rpm)<\/td>\n<td class=\"et2\" style=\"width: 14.516%; text-align: center;\" width=\"72\">Moteur de classeur (kW)<\/td>\n<td class=\"et2\" style=\"width: 13.4619%; text-align: center;\" width=\"72\">Vitesse du classeur (tr\/min)<\/td>\n<td class=\"et2\" style=\"width: 11.628%; text-align: center;\" width=\"72\">Moteur de ventilateur (kW)<\/td>\n<td class=\"et2\" style=\"width: 61.7633%; text-align: center;\" width=\"72\">Intake d'air m\u00b3\/h<\/td>\n<\/tr>\n<tr style=\"height: 14.25pt;\">\n<td class=\"et2\" style=\"height: 14.25pt; width: 9.55484%; text-align: center;\" width=\"72\" height=\"19\">ACM-02<\/td>\n<td class=\"et2\" style=\"width: 12.2944%; text-align: center;\" width=\"72\">20<\/td>\n<td class=\"et2\" style=\"width: 13.97%; text-align: center;\" width=\"72\">2.5<\/td>\n<td class=\"et2\" style=\"width: 11.6814%; text-align: center;\" width=\"72\">11900<\/td>\n<td class=\"et2\" style=\"width: 14.516%; text-align: center;\" width=\"72\">0.55<\/td>\n<td class=\"et2\" style=\"width: 13.4619%; text-align: center;\" width=\"72\">3000<\/td>\n<td class=\"et2\" style=\"width: 11.628%; text-align: center;\" width=\"72\">3<\/td>\n<td class=\"et2\" style=\"width: 61.7633%; text-align: center;\" width=\"72\">420<\/td>\n<\/tr>\n<tr style=\"height: 14.25pt;\">\n<td class=\"et2\" style=\"height: 14.25pt; width: 9.55484%; text-align: center;\" width=\"72\" height=\"19\">ACM-07<\/td>\n<td class=\"et2\" style=\"width: 12.2944%; text-align: center;\" width=\"72\">100<\/td>\n<td class=\"et2\" style=\"width: 13.97%; text-align: center;\" width=\"72\">5.5<\/td>\n<td class=\"et2\" style=\"width: 11.6814%; text-align: center;\" width=\"72\">8600<\/td>\n<td class=\"et2\" style=\"width: 14.516%; text-align: center;\" width=\"72\">1.1<\/td>\n<td class=\"et2\" style=\"width: 13.4619%; text-align: center;\" width=\"72\">3000<\/td>\n<td class=\"et2\" style=\"width: 11.628%; text-align: center;\" width=\"72\">7.5<\/td>\n<td class=\"et2\" style=\"width: 61.7633%; text-align: center;\" width=\"72\">900<\/td>\n<\/tr>\n<tr style=\"height: 14.25pt;\">\n<td class=\"et2\" style=\"height: 14.25pt; width: 9.55484%; text-align: center;\" width=\"72\" height=\"19\">ACM-10<\/td>\n<td class=\"et2\" style=\"width: 12.2944%; text-align: center;\" width=\"72\">200<\/td>\n<td class=\"et2\" style=\"width: 13.97%; text-align: center;\" width=\"72\">7.5<\/td>\n<td class=\"et2\" style=\"width: 11.6814%; text-align: center;\" width=\"72\">6600<\/td>\n<td class=\"et2\" style=\"width: 14.516%; text-align: center;\" width=\"72\">1.5<\/td>\n<td class=\"et2\" style=\"width: 13.4619%; text-align: center;\" width=\"72\">3000<\/td>\n<td class=\"et2\" style=\"width: 11.628%; text-align: center;\" width=\"72\">15<\/td>\n<td class=\"et2\" style=\"width: 61.7633%; text-align: center;\" width=\"72\">1900<\/td>\n<\/tr>\n<tr style=\"height: 14.25pt;\">\n<td class=\"et2\" style=\"height: 14.25pt; width: 9.55484%; text-align: center;\" width=\"72\" height=\"19\">ACM-15<\/td>\n<td class=\"et2\" style=\"width: 12.2944%; text-align: center;\" width=\"72\">300<\/td>\n<td class=\"et2\" style=\"width: 13.97%; text-align: center;\" width=\"72\">11<\/td>\n<td class=\"et2\" style=\"width: 11.6814%; text-align: center;\" width=\"72\">6600<\/td>\n<td class=\"et2\" style=\"width: 14.516%; text-align: center;\" width=\"72\">2.2<\/td>\n<td class=\"et2\" style=\"width: 13.4619%; text-align: center;\" width=\"72\">3000<\/td>\n<td class=\"et2\" style=\"width: 11.628%; text-align: center;\" width=\"72\">18.5<\/td>\n<td class=\"et2\" style=\"width: 61.7633%; text-align: center;\" width=\"72\">1350<\/td>\n<\/tr>\n<tr style=\"height: 14.25pt;\">\n<td class=\"et2\" style=\"height: 14.25pt; width: 9.55484%; text-align: center;\" width=\"72\" height=\"19\">ACM-20<\/td>\n<td class=\"et2\" style=\"width: 12.2944%; text-align: center;\" width=\"72\">400<\/td>\n<td class=\"et2\" style=\"width: 13.97%; text-align: center;\" width=\"72\">15<\/td>\n<td class=\"et2\" style=\"width: 11.6814%; text-align: center;\" width=\"72\">5390<\/td>\n<td class=\"et2\" style=\"width: 14.516%; text-align: center;\" width=\"72\">3<\/td>\n<td class=\"et2\" style=\"width: 13.4619%; text-align: center;\" width=\"72\">3000<\/td>\n<td class=\"et2\" style=\"width: 11.628%; text-align: center;\" width=\"72\">22<\/td>\n<td class=\"et2\" style=\"width: 61.7633%; text-align: center;\" width=\"72\">3130<\/td>\n<\/tr>\n<tr style=\"height: 14.25pt;\">\n<td class=\"et2\" style=\"height: 14.25pt; width: 9.55484%; text-align: center;\" width=\"72\" height=\"19\">ACM-25<\/td>\n<td class=\"et2\" style=\"width: 12.2944%; text-align: center;\" width=\"72\">500<\/td>\n<td class=\"et2\" style=\"width: 13.97%; text-align: center;\" width=\"72\">18.5<\/td>\n<td class=\"et2\" style=\"width: 11.6814%; text-align: center;\" width=\"72\">5390<\/td>\n<td class=\"et2\" style=\"width: 14.516%; text-align: center;\" width=\"72\">3<\/td>\n<td class=\"et2\" style=\"width: 13.4619%; text-align: center;\" width=\"72\">3000<\/td>\n<td class=\"et2\" style=\"width: 11.628%; text-align: center;\" width=\"72\">30<\/td>\n<td class=\"et2\" style=\"width: 61.7633%; text-align: center;\" width=\"72\">3750<\/td>\n<\/tr>\n<tr style=\"height: 14.25pt;\">\n<td class=\"et2\" style=\"height: 14.25pt; width: 9.55484%; text-align: center;\" width=\"72\" height=\"19\">ACM-30<\/td>\n<td class=\"et2\" style=\"width: 12.2944%; text-align: center;\" width=\"72\">600<\/td>\n<td class=\"et2\" style=\"width: 13.97%; text-align: center;\" width=\"72\">22<\/td>\n<td class=\"et2\" style=\"width: 11.6814%; text-align: center;\" width=\"72\">4460<\/td>\n<td class=\"et2\" style=\"width: 14.516%; text-align: center;\" width=\"72\">4<\/td>\n<td class=\"et2\" style=\"width: 13.4619%; text-align: center;\" width=\"72\">1800<\/td>\n<td class=\"et2\" style=\"width: 11.628%; text-align: center;\" width=\"72\">37<\/td>\n<td class=\"et2\" style=\"width: 61.7633%; text-align: center;\" width=\"72\">4200<\/td>\n<\/tr>\n<tr style=\"height: 14.25pt;\">\n<td class=\"et2\" style=\"height: 14.25pt; width: 9.55484%; text-align: center;\" width=\"72\" height=\"19\">ACM-40<\/td>\n<td class=\"et2\" style=\"width: 12.2944%; text-align: center;\" width=\"72\">800<\/td>\n<td class=\"et2\" style=\"width: 13.97%; text-align: center;\" width=\"72\">30<\/td>\n<td class=\"et2\" style=\"width: 11.6814%; text-align: center;\" width=\"72\">4460<\/td>\n<td class=\"et2\" style=\"width: 14.516%; text-align: center;\" width=\"72\">4<\/td>\n<td class=\"et2\" style=\"width: 13.4619%; text-align: center;\" width=\"72\">1800<\/td>\n<td class=\"et2\" style=\"width: 11.628%; text-align: center;\" width=\"72\">55<\/td>\n<td class=\"et2\" style=\"width: 61.7633%; text-align: center;\" width=\"72\">4800<\/td>\n<\/tr>\n<tr style=\"height: 14.25pt;\">\n<td class=\"et2\" style=\"height: 14.25pt; width: 9.55484%; text-align: center;\" width=\"72\" height=\"19\">ACM-50<\/td>\n<td class=\"et2\" style=\"width: 12.2944%; text-align: center;\" width=\"72\">1000<\/td>\n<td class=\"et2\" style=\"width: 13.97%; text-align: center;\" width=\"72\">37<\/td>\n<td class=\"et2\" style=\"width: 11.6814%; text-align: center;\" width=\"72\">2950<\/td>\n<td class=\"et2\" style=\"width: 14.516%; text-align: center;\" width=\"72\">7.5<\/td>\n<td class=\"et2\" style=\"width: 13.4619%; text-align: center;\" width=\"72\">1800<\/td>\n<td class=\"et2\" style=\"width: 11.628%; text-align: center;\" width=\"72\">75<\/td>\n<td class=\"et2\" style=\"width: 61.7633%; text-align: center;\" width=\"72\">6610<\/td>\n<\/tr>\n<tr style=\"height: 14.25pt;\">\n<td class=\"et2\" style=\"height: 14.25pt; width: 9.55484%; text-align: center;\" width=\"72\" height=\"19\">ACM-60<\/td>\n<td class=\"et2\" style=\"width: 12.2944%; text-align: center;\" width=\"72\">1200<\/td>\n<td class=\"et2\" style=\"width: 13.97%; text-align: center;\" width=\"72\">45<\/td>\n<td class=\"et2\" style=\"width: 11.6814%; text-align: center;\" width=\"72\">2950<\/td>\n<td class=\"et2\" style=\"width: 14.516%; text-align: center;\" width=\"72\">7.5<\/td>\n<td class=\"et2\" style=\"width: 13.4619%; text-align: center;\" width=\"72\">1800<\/td>\n<td class=\"et2\" style=\"width: 11.628%; text-align: center;\" width=\"72\">75<\/td>\n<td class=\"et2\" style=\"width: 61.7633%; text-align: center;\" width=\"72\">6610<\/td>\n<\/tr>\n<tr style=\"height: 14.25pt;\">\n<td class=\"et2\" style=\"height: 14.25pt; width: 9.55484%; text-align: center;\" width=\"72\" height=\"19\">ACM-100<\/td>\n<td class=\"et2\" style=\"width: 12.2944%; text-align: center;\" width=\"72\">1500<\/td>\n<td class=\"et2\" style=\"width: 13.97%; text-align: center;\" width=\"72\">75<\/td>\n<td class=\"et2\" style=\"width: 11.6814%; text-align: center;\" width=\"72\">2330<\/td>\n<td class=\"et2\" style=\"width: 14.516%; text-align: center;\" width=\"72\">11<\/td>\n<td class=\"et2\" style=\"width: 13.4619%; text-align: center;\" width=\"72\">1800<\/td>\n<td class=\"et2\" style=\"width: 11.628%; text-align: center;\" width=\"72\">90<\/td>\n<td class=\"et2\" style=\"width: 61.7633%; text-align: center;\" width=\"72\">10900<\/td>\n<\/tr>\n<\/tbody>\n<\/table>\n<p>&nbsp;<\/p>","protected":false},"featured_media":2527,"comment_status":"closed","ping_status":"closed","template":"","meta":{"_acf_changed":false},"product_cat":[52],"product_tag":[],"class_list":["post-2526","product","type-product","status-publish","has-post-thumbnail","hentry","product_cat-mill"],"acf":[],"_links":{"self":[{"href":"https:\/\/www.powdermachines.com\/fr\/wp-json\/wp\/v2\/product\/2526","targetHints":{"allow":["GET"]}}],"collection":[{"href":"https:\/\/www.powdermachines.com\/fr\/wp-json\/wp\/v2\/product"}],"about":[{"href":"https:\/\/www.powdermachines.com\/fr\/wp-json\/wp\/v2\/types\/product"}],"replies":[{"embeddable":true,"href":"https:\/\/www.powdermachines.com\/fr\/wp-json\/wp\/v2\/comments?post=2526"}],"wp:featuredmedia":[{"embeddable":true,"href":"https:\/\/www.powdermachines.com\/fr\/wp-json\/wp\/v2\/media\/2527"}],"wp:attachment":[{"href":"https:\/\/www.powdermachines.com\/fr\/wp-json\/wp\/v2\/media?parent=2526"}],"wp:term":[{"taxonomy":"product_cat","embeddable":true,"href":"https:\/\/www.powdermachines.com\/fr\/wp-json\/wp\/v2\/product_cat?post=2526"},{"taxonomy":"product_tag","embeddable":true,"href":"https:\/\/www.powdermachines.com\/fr\/wp-json\/wp\/v2\/product_tag?post=2526"}],"curies":[{"name":"wp","href":"https:\/\/api.w.org\/{rel}","templated":true}]}}