{"id":780,"date":"2024-10-15T17:33:44","date_gmt":"2024-10-15T09:33:44","guid":{"rendered":"http:\/\/www.powdermachines.com\/?post_type=product&#038;p=780"},"modified":"2024-11-28T18:39:42","modified_gmt":"2024-11-28T10:39:42","slug":"container-mixer","status":"publish","type":"product","link":"https:\/\/www.powdermachines.com\/fr\/product\/container-mixer\/","title":{"rendered":"m\u00e9langeur conteneur"},"content":{"rendered":"<p>Container Mixer est une machine de m\u00e9lange hors ligne avec des conteneurs mobiles, utilisant pour m\u00e9langer des mati\u00e8res premi\u00e8res. Le conteneur charg\u00e9 de mati\u00e8res premi\u00e8res est pouss\u00e9 \u00e0 la station de travail d'origine, pour \u00eatre soulev\u00e9, connect\u00e9 et verrouill\u00e9 \u00e0 la t\u00eate de m\u00e9lange automatiquement. La mati\u00e8re premi\u00e8re doit \u00eatre m\u00e9lang\u00e9e homog\u00e8nement par agitation et concasseur \u00e0 grande vitesse tandis que la t\u00eate de m\u00e9lange est inclin\u00e9e \u00e0 180 degr\u00e9s vers la position de travail. Le r\u00e9cipient sera de retour \u00e0 la position d'origine et s\u00e9par\u00e9 de la t\u00eate de m\u00e9lange lorsque le processus de m\u00e9lange est termin\u00e9, Le m\u00e9langeur de r\u00e9cipient est automatiquement contr\u00f4l\u00e9 par PLC &amp; HMl. Le m\u00e9langeur de conteneurs est un \u00e9quipement flexible pour la production avec une utilisation \u00e9lev\u00e9e. M\u00e9langer efficacement et homog\u00e8nement, facile \u00e0 nettoyer.<\/p>","protected":false},"excerpt":{"rendered":"<table style=\"width: 97.4312%; height: 451px;\">\n<tbody>\n<tr>\n<td style=\"width: 7.69213%; text-align: center;\" width=\"68\">Mod\u00e8le<\/td>\n<td style=\"width: 12.7334%; text-align: center;\" width=\"69\">Capacit\u00e9 du conteneur (L)<\/td>\n<td style=\"width: 10.9103%; text-align: center;\" width=\"66\">Capacit\u00e9 de travail (L)<\/td>\n<td style=\"width: 10.6372%; text-align: center;\" width=\"57\">Puissance de l'agitateur (KW)<\/td>\n<td style=\"width: 11.8018%; text-align: center;\" width=\"78\">Puissance du chopper (KW)<\/td>\n<td style=\"width: 9.16202%; text-align: center;\" width=\"75\">Puissance d'ascenseur (KW)<\/td>\n<td style=\"width: 9.23966%; text-align: center;\" width=\"74\">Pouvoir d'inclinaison (KW)<\/td>\n<td style=\"width: 11.6759%; text-align: center;\" width=\"69\">Port de d\u00e9charge (mm)<\/td>\n<td style=\"width: 14.7546%; text-align: center;\" width=\"110\">Dimension L * W * H (mm)<\/td>\n<\/tr>\n<tr>\n<td style=\"width: 7.69213%; text-align: center;\" width=\"68\">CMR-150<\/td>\n<td style=\"width: 12.7334%; text-align: center;\" width=\"69\">150<\/td>\n<td style=\"width: 10.9103%; text-align: center;\" width=\"66\">120<\/td>\n<td style=\"width: 10.6372%; text-align: center;\" width=\"57\">7.5<\/td>\n<td style=\"width: 11.8018%; text-align: center;\" width=\"78\">3<\/td>\n<td style=\"width: 9.16202%; text-align: center;\" width=\"75\">2&#215;0.37<\/td>\n<td style=\"width: 9.23966%; text-align: center;\" width=\"74\">0.37<\/td>\n<td style=\"width: 11.6759%; text-align: center;\" width=\"69\">\u2205 150<\/td>\n<td style=\"width: 14.7546%; text-align: center;\" width=\"110\">2000x1800x2200<\/td>\n<\/tr>\n<tr>\n<td style=\"width: 7.69213%; text-align: center;\" width=\"68\">CMR-300<\/td>\n<td style=\"width: 12.7334%; text-align: center;\" width=\"69\">300<\/td>\n<td style=\"width: 10.9103%; text-align: center;\" width=\"66\">240<\/td>\n<td style=\"width: 10.6372%; text-align: center;\" width=\"57\">11<\/td>\n<td style=\"width: 11.8018%; text-align: center;\" width=\"78\">4<\/td>\n<td style=\"width: 9.16202%; text-align: center;\" width=\"75\">2&#215;0.55<\/td>\n<td style=\"width: 9.23966%; text-align: center;\" width=\"74\">0.75<\/td>\n<td style=\"width: 11.6759%; text-align: center;\" width=\"69\">\u2205 250<\/td>\n<td style=\"width: 14.7546%; text-align: center;\" width=\"110\">2500x1500x2400<\/td>\n<\/tr>\n<tr>\n<td style=\"width: 7.69213%; text-align: center;\" width=\"68\">CMR-450<\/td>\n<td style=\"width: 12.7334%; text-align: center;\" width=\"69\">450<\/td>\n<td style=\"width: 10.9103%; text-align: center;\" width=\"66\">360<\/td>\n<td style=\"width: 10.6372%; text-align: center;\" width=\"57\">15<\/td>\n<td style=\"width: 11.8018%; text-align: center;\" width=\"78\">4<\/td>\n<td style=\"width: 9.16202%; text-align: center;\" width=\"75\">2&#215;0.55<\/td>\n<td style=\"width: 9.23966%; text-align: center;\" width=\"74\">0.75<\/td>\n<td style=\"width: 11.6759%; text-align: center;\" width=\"69\">\u2205 250<\/td>\n<td style=\"width: 14.7546%; text-align: center;\" width=\"110\">2150x1600x2600<\/td>\n<\/tr>\n<tr>\n<td style=\"width: 7.69213%; text-align: center;\" width=\"68\">CMR-700<\/td>\n<td style=\"width: 12.7334%; text-align: center;\" width=\"69\">700<\/td>\n<td style=\"width: 10.9103%; text-align: center;\" width=\"66\">560<\/td>\n<td style=\"width: 10.6372%; text-align: center;\" width=\"57\">22<\/td>\n<td style=\"width: 11.8018%; text-align: center;\" width=\"78\">5.5<\/td>\n<td style=\"width: 9.16202%; text-align: center;\" width=\"75\">2&#215;0.75<\/td>\n<td style=\"width: 9.23966%; text-align: center;\" width=\"74\">1.5<\/td>\n<td style=\"width: 11.6759%; text-align: center;\" width=\"69\">\u2205 250<\/td>\n<td style=\"width: 14.7546%; text-align: center;\" width=\"110\">3100x1800x2900<\/td>\n<\/tr>\n<tr>\n<td style=\"width: 7.69213%; text-align: center;\" width=\"68\">CMR-1000<\/td>\n<td style=\"width: 12.7334%; text-align: center;\" width=\"69\">1000<\/td>\n<td style=\"width: 10.9103%; text-align: center;\" width=\"66\">800<\/td>\n<td style=\"width: 10.6372%; text-align: center;\" width=\"57\">30<\/td>\n<td style=\"width: 11.8018%; text-align: center;\" width=\"78\">7.5<\/td>\n<td style=\"width: 9.16202%; text-align: center;\" width=\"75\">2&#215;1.1<\/td>\n<td style=\"width: 9.23966%; text-align: center;\" width=\"74\">1.5<\/td>\n<td style=\"width: 11.6759%; text-align: center;\" width=\"69\">\u2205 250<\/td>\n<td style=\"width: 14.7546%; text-align: center;\" width=\"110\">3600x2100x3400<\/td>\n<\/tr>\n<tr>\n<td style=\"width: 7.69213%; text-align: center;\" width=\"68\">CMR-2000<\/td>\n<td style=\"width: 12.7334%; text-align: center;\" width=\"69\">2000<\/td>\n<td style=\"width: 10.9103%; text-align: center;\" width=\"66\">1600<\/td>\n<td style=\"width: 10.6372%; text-align: center;\" width=\"57\">55<\/td>\n<td style=\"width: 11.8018%; text-align: center;\" width=\"78\">2&#215;7.5<\/td>\n<td style=\"width: 9.16202%; text-align: center;\" width=\"75\">2&#215;1.5<\/td>\n<td style=\"width: 9.23966%; text-align: center;\" width=\"74\">2.2<\/td>\n<td style=\"width: 11.6759%; text-align: center;\" width=\"69\">\u2205 300<\/td>\n<td style=\"width: 14.7546%; text-align: center;\" width=\"110\">4200x2700x3900<\/td>\n<\/tr>\n<\/tbody>\n<\/table>","protected":false},"featured_media":2366,"comment_status":"open","ping_status":"closed","template":"","meta":{"_acf_changed":false},"product_cat":[15],"product_tag":[],"class_list":["post-780","product","type-product","status-publish","has-post-thumbnail","hentry","product_cat-mixer"],"acf":[],"_links":{"self":[{"href":"https:\/\/www.powdermachines.com\/fr\/wp-json\/wp\/v2\/product\/780","targetHints":{"allow":["GET"]}}],"collection":[{"href":"https:\/\/www.powdermachines.com\/fr\/wp-json\/wp\/v2\/product"}],"about":[{"href":"https:\/\/www.powdermachines.com\/fr\/wp-json\/wp\/v2\/types\/product"}],"replies":[{"embeddable":true,"href":"https:\/\/www.powdermachines.com\/fr\/wp-json\/wp\/v2\/comments?post=780"}],"wp:featuredmedia":[{"embeddable":true,"href":"https:\/\/www.powdermachines.com\/fr\/wp-json\/wp\/v2\/media\/2366"}],"wp:attachment":[{"href":"https:\/\/www.powdermachines.com\/fr\/wp-json\/wp\/v2\/media?parent=780"}],"wp:term":[{"taxonomy":"product_cat","embeddable":true,"href":"https:\/\/www.powdermachines.com\/fr\/wp-json\/wp\/v2\/product_cat?post=780"},{"taxonomy":"product_tag","embeddable":true,"href":"https:\/\/www.powdermachines.com\/fr\/wp-json\/wp\/v2\/product_tag?post=780"}],"curies":[{"name":"wp","href":"https:\/\/api.w.org\/{rel}","templated":true}]}}