{"id":781,"date":"2024-10-15T17:33:24","date_gmt":"2024-10-15T09:33:24","guid":{"rendered":"http:\/\/www.powdermachines.com\/?post_type=product&#038;p=781"},"modified":"2024-11-29T11:06:17","modified_gmt":"2024-11-29T03:06:17","slug":"high-speed-mixer","status":"publish","type":"product","link":"https:\/\/www.powdermachines.com\/fr\/product\/high-speed-mixer\/","title":{"rendered":"m\u00e9langeur haute vitesse"},"content":{"rendered":"<p>Le m\u00e9langeur \u00e0 grande vitesse est principalement appliqu\u00e9 dans le m\u00e9lange de rev\u00eatement en poudre d'\u00e9lectricit\u00e9 statique de polyester \u00e9poxy, \u00e9tant une machine id\u00e9ale pour fournir de l'\u00e9nergie, agiter des mat\u00e9riaux en vrac \u00e0 basse vitesse et m\u00e9langer \u00e0 grande vitesse, applicable pour des industries telles que le rev\u00eatement en poudre, la pharmacie, l'alimentation, les colorants et les mat\u00e9riaux de construction, etc. Par cons\u00e9quent, cette machine est largement appliqu\u00e9e \u00e0 la production de rev\u00eatement en poudre d'\u00e9lectricit\u00e9 statique. Apr\u00e8s que les mat\u00e9riaux ont \u00e9t\u00e9 m\u00e9lang\u00e9s dans le m\u00e9langeur \u00e0 grande vitesse, d\u00e9marrez le r\u00e9ducteur de vitesse d'agitation, puis les mat\u00e9riaux forment un anneau d'\u00e9coulement de brouillard spatial tridimensionnel sous l'effet de la machine d'agitation. Pour l'anneau de flux de tourbillon form\u00e9, les mat\u00e9riaux peuvent atteindre le but de m\u00e9lange \u00e0 grande vitesse pour avoir am\u00e9lior\u00e9 l'efficacit\u00e9 et l'uniformit\u00e9 du m\u00e9lange.<\/p>","protected":false},"excerpt":{"rendered":"<table style=\"width: 100.517%;\">\n<tbody>\n<tr>\n<td style=\"width: 11.7426%; text-align: center;\" width=\"106\">Mod\u00e8le<\/td>\n<td style=\"width: 8.91976%; text-align: center;\" width=\"69\">Volume (L)<\/td>\n<td style=\"width: 13.0352%; text-align: center;\" width=\"70\">Capacit\u00e9 (KG\/TANK)<\/td>\n<td style=\"width: 12.3647%; text-align: center;\" width=\"84\">Moteur de m\u00e9lange (kW)<\/td>\n<td style=\"width: 13.1484%; text-align: center;\" width=\"82\">Moteur de concassage (kW)<\/td>\n<td style=\"width: 12.9503%; text-align: center;\" width=\"79\">Vitesse de m\u00e9lange (RPM)<\/td>\n<td style=\"width: 12.3008%; text-align: center;\" width=\"47\">Temps de m\u00e9lange (MIN)<\/td>\n<td style=\"width: 89.1061%; text-align: center;\" width=\"111\">Dimension totale (mm)<\/td>\n<\/tr>\n<tr>\n<td style=\"width: 11.7426%; text-align: center;\" width=\"106\">HSM-150<\/td>\n<td style=\"width: 8.91976%; text-align: center;\" width=\"69\">150<\/td>\n<td style=\"width: 13.0352%; text-align: center;\" width=\"70\">120<\/td>\n<td style=\"width: 12.3647%; text-align: center;\" width=\"84\">5.5<\/td>\n<td style=\"width: 13.1484%; text-align: center;\" width=\"82\">3<\/td>\n<td style=\"width: 12.9503%; text-align: center;\" width=\"79\">80<\/td>\n<td style=\"width: 12.3008%; text-align: center;\" width=\"47\">3-5<\/td>\n<td style=\"width: 89.1061%; text-align: center;\" width=\"111\">1350*1250*1600<\/td>\n<\/tr>\n<tr>\n<td style=\"width: 11.7426%; text-align: center;\" width=\"106\">HSM-300<\/td>\n<td style=\"width: 8.91976%; text-align: center;\" width=\"69\">300<\/td>\n<td style=\"width: 13.0352%; text-align: center;\" width=\"70\">200<\/td>\n<td style=\"width: 12.3647%; text-align: center;\" width=\"84\">7.5<\/td>\n<td style=\"width: 13.1484%; text-align: center;\" width=\"82\">3<\/td>\n<td style=\"width: 12.9503%; text-align: center;\" width=\"79\">80<\/td>\n<td style=\"width: 12.3008%; text-align: center;\" width=\"47\">3-5<\/td>\n<td style=\"width: 89.1061%; text-align: center;\" width=\"111\">1350*1250*1650<\/td>\n<\/tr>\n<tr>\n<td style=\"width: 11.7426%; text-align: center;\" width=\"106\">HSM-500<\/td>\n<td style=\"width: 8.91976%; text-align: center;\" width=\"69\">500<\/td>\n<td style=\"width: 13.0352%; text-align: center;\" width=\"70\">300<\/td>\n<td style=\"width: 12.3647%; text-align: center;\" width=\"84\">15<\/td>\n<td style=\"width: 13.1484%; text-align: center;\" width=\"82\">3<\/td>\n<td style=\"width: 12.9503%; text-align: center;\" width=\"79\">86<\/td>\n<td style=\"width: 12.3008%; text-align: center;\" width=\"47\">3-5<\/td>\n<td style=\"width: 89.1061%; text-align: center;\" width=\"111\">2350*1650*1550<\/td>\n<\/tr>\n<tr>\n<td style=\"width: 11.7426%; text-align: center;\" width=\"106\">HSM-1000<\/td>\n<td style=\"width: 8.91976%; text-align: center;\" width=\"69\">1000<\/td>\n<td style=\"width: 13.0352%; text-align: center;\" width=\"70\">500<\/td>\n<td style=\"width: 12.3647%; text-align: center;\" width=\"84\">22<\/td>\n<td style=\"width: 13.1484%; text-align: center;\" width=\"82\">3*2<\/td>\n<td style=\"width: 12.9503%; text-align: center;\" width=\"79\">63<\/td>\n<td style=\"width: 12.3008%; text-align: center;\" width=\"47\">3-5<\/td>\n<td style=\"width: 89.1061%; text-align: center;\" width=\"111\">2600*2350*1850<\/td>\n<\/tr>\n<tr>\n<td style=\"width: 11.7426%; text-align: center;\" width=\"106\">HSM-1600<\/td>\n<td style=\"width: 8.91976%; text-align: center;\" width=\"69\">1600<\/td>\n<td style=\"width: 13.0352%; text-align: center;\" width=\"70\">800<\/td>\n<td style=\"width: 12.3647%; text-align: center;\" width=\"84\">37<\/td>\n<td style=\"width: 13.1484%; text-align: center;\" width=\"82\">3*2<\/td>\n<td style=\"width: 12.9503%; text-align: center;\" width=\"79\">63<\/td>\n<td style=\"width: 12.3008%; text-align: center;\" width=\"47\">3-5<\/td>\n<td style=\"width: 89.1061%; text-align: center;\" width=\"111\">2750*2550*2000<\/td>\n<\/tr>\n<\/tbody>\n<\/table>\n<p>&nbsp;<\/p>","protected":false},"featured_media":2370,"comment_status":"open","ping_status":"closed","template":"","meta":{"_acf_changed":false},"product_cat":[15],"product_tag":[],"class_list":["post-781","product","type-product","status-publish","has-post-thumbnail","hentry","product_cat-mixer"],"acf":[],"_links":{"self":[{"href":"https:\/\/www.powdermachines.com\/fr\/wp-json\/wp\/v2\/product\/781","targetHints":{"allow":["GET"]}}],"collection":[{"href":"https:\/\/www.powdermachines.com\/fr\/wp-json\/wp\/v2\/product"}],"about":[{"href":"https:\/\/www.powdermachines.com\/fr\/wp-json\/wp\/v2\/types\/product"}],"replies":[{"embeddable":true,"href":"https:\/\/www.powdermachines.com\/fr\/wp-json\/wp\/v2\/comments?post=781"}],"wp:featuredmedia":[{"embeddable":true,"href":"https:\/\/www.powdermachines.com\/fr\/wp-json\/wp\/v2\/media\/2370"}],"wp:attachment":[{"href":"https:\/\/www.powdermachines.com\/fr\/wp-json\/wp\/v2\/media?parent=781"}],"wp:term":[{"taxonomy":"product_cat","embeddable":true,"href":"https:\/\/www.powdermachines.com\/fr\/wp-json\/wp\/v2\/product_cat?post=781"},{"taxonomy":"product_tag","embeddable":true,"href":"https:\/\/www.powdermachines.com\/fr\/wp-json\/wp\/v2\/product_tag?post=781"}],"curies":[{"name":"wp","href":"https:\/\/api.w.org\/{rel}","templated":true}]}}