{"id":783,"date":"2024-10-15T17:32:58","date_gmt":"2024-10-15T09:32:58","guid":{"rendered":"http:\/\/www.powdermachines.com\/?post_type=product&#038;p=783"},"modified":"2025-12-11T15:27:57","modified_gmt":"2025-12-11T07:27:57","slug":"twin-screw-extruder","status":"publish","type":"product","link":"https:\/\/www.powdermachines.com\/fr\/product\/twin-screw-extruder\/","title":{"rendered":"extrudeur double vis"},"content":{"rendered":"<p>L'extrudeur \u00e0 vis double est con\u00e7u avec deux arbres \u00e0 vis co-rotatifs, les mati\u00e8res premi\u00e8res sont parfaitement dispers\u00e9es et distribu\u00e9es par des \u00e9l\u00e9ments de malaxage pr\u00e9cis \u00e0 grande vitesse dans le baril. L'extrudeur \u00e0 vis jumelle est un \u00e9quipement tr\u00e8s important pour le traitement des rev\u00eatements en poudre.<\/p>","protected":false},"excerpt":{"rendered":"<table style=\"width: 101.788%;\">\n<tbody>\n<tr>\n<td style=\"width: 7.29681%; text-align: center;\" width=\"70\">Mod\u00e8le<\/td>\n<td style=\"width: 9.78697%; text-align: center;\" width=\"75\">Rendement (kg\/h)<\/td>\n<td style=\"width: 13.7312%; text-align: center;\" width=\"72\">Diam\u00e8tre de l'arbre de vis. (mm)<\/td>\n<td style=\"width: 13.3442%; text-align: center;\" width=\"67\">Ratio arbre \u00e0 vis (L \/ D)<\/td>\n<td style=\"width: 17.269%; text-align: center;\" width=\"74\">Vitesse maximale de la vis (rpm)<\/td>\n<td style=\"width: 10.534%; text-align: center;\" width=\"70\">Moteur principal (kw)<\/td>\n<td style=\"width: 10.7544%; text-align: center;\" width=\"79\">Puissance thermique (kw)<\/td>\n<td style=\"width: 95.2543%; text-align: center;\" width=\"113\">Dimension L * W * H (mm)<\/td>\n<\/tr>\n<tr>\n<td style=\"width: 7.29681%; text-align: center;\" width=\"70\">TSE-26B<\/td>\n<td style=\"width: 9.78697%; text-align: center;\" width=\"75\">40<\/td>\n<td style=\"width: 13.7312%; text-align: center;\" width=\"72\">26<\/td>\n<td style=\"width: 13.3442%; text-align: center;\" width=\"67\">18<\/td>\n<td style=\"width: 17.269%; text-align: center;\" width=\"74\">520<\/td>\n<td style=\"width: 10.534%; text-align: center;\" width=\"70\">4<\/td>\n<td style=\"width: 10.7544%; text-align: center;\" width=\"79\">3<\/td>\n<td style=\"width: 95.2543%; text-align: center;\" width=\"113\">1600x580x1500<\/td>\n<\/tr>\n<tr>\n<td style=\"width: 7.29681%; text-align: center;\" width=\"70\">TSE-26C<\/td>\n<td style=\"width: 9.78697%; text-align: center;\" width=\"75\">40<\/td>\n<td style=\"width: 13.7312%; text-align: center;\" width=\"72\">26<\/td>\n<td style=\"width: 13.3442%; text-align: center;\" width=\"67\">24<\/td>\n<td style=\"width: 17.269%; text-align: center;\" width=\"74\">520<\/td>\n<td style=\"width: 10.534%; text-align: center;\" width=\"70\">5.5<\/td>\n<td style=\"width: 10.7544%; text-align: center;\" width=\"79\">4<\/td>\n<td style=\"width: 95.2543%; text-align: center;\" width=\"113\">1900x760x1500<\/td>\n<\/tr>\n<tr>\n<td style=\"width: 7.29681%; text-align: center;\" width=\"70\">TSE-48B<\/td>\n<td style=\"width: 9.78697%; text-align: center;\" width=\"75\">240<\/td>\n<td style=\"width: 13.7312%; text-align: center;\" width=\"72\">48<\/td>\n<td style=\"width: 13.3442%; text-align: center;\" width=\"67\">18<\/td>\n<td style=\"width: 17.269%; text-align: center;\" width=\"74\">477<\/td>\n<td style=\"width: 10.534%; text-align: center;\" width=\"70\">22<\/td>\n<td style=\"width: 10.7544%; text-align: center;\" width=\"79\">7.2<\/td>\n<td style=\"width: 95.2543%; text-align: center;\" width=\"113\">2650x1200x2500<\/td>\n<\/tr>\n<tr>\n<td style=\"width: 7.29681%; text-align: center;\" width=\"70\">TSE-48C<\/td>\n<td style=\"width: 9.78697%; text-align: center;\" width=\"75\">300<\/td>\n<td style=\"width: 13.7312%; text-align: center;\" width=\"72\">48<\/td>\n<td style=\"width: 13.3442%; text-align: center;\" width=\"67\">18<\/td>\n<td style=\"width: 17.269%; text-align: center;\" width=\"74\">470<\/td>\n<td style=\"width: 10.534%; text-align: center;\" width=\"70\">30<\/td>\n<td style=\"width: 10.7544%; text-align: center;\" width=\"79\">7.2<\/td>\n<td style=\"width: 95.2543%; text-align: center;\" width=\"113\">2700x1200x2570<\/td>\n<\/tr>\n<tr>\n<td style=\"width: 7.29681%; text-align: center;\" width=\"70\">TSE-48D<\/td>\n<td style=\"width: 9.78697%; text-align: center;\" width=\"75\">350<\/td>\n<td style=\"width: 13.7312%; text-align: center;\" width=\"72\">48<\/td>\n<td style=\"width: 13.3442%; text-align: center;\" width=\"67\">18<\/td>\n<td style=\"width: 17.269%; text-align: center;\" width=\"74\">564<\/td>\n<td style=\"width: 10.534%; text-align: center;\" width=\"70\">37<\/td>\n<td style=\"width: 10.7544%; text-align: center;\" width=\"79\">7.2<\/td>\n<td style=\"width: 95.2543%; text-align: center;\" width=\"113\">2700x1200x2750<\/td>\n<\/tr>\n<tr>\n<td style=\"width: 7.29681%; text-align: center;\" width=\"70\">TSE-58B<\/td>\n<td style=\"width: 9.78697%; text-align: center;\" width=\"75\">400<\/td>\n<td style=\"width: 13.7312%; text-align: center;\" width=\"72\">58<\/td>\n<td style=\"width: 13.3442%; text-align: center;\" width=\"67\">18<\/td>\n<td style=\"width: 17.269%; text-align: center;\" width=\"74\">471<\/td>\n<td style=\"width: 10.534%; text-align: center;\" width=\"70\">37<\/td>\n<td style=\"width: 10.7544%; text-align: center;\" width=\"79\">8.4<\/td>\n<td style=\"width: 95.2543%; text-align: center;\" width=\"113\">3020x1000x3000<\/td>\n<\/tr>\n<tr>\n<td style=\"width: 7.29681%; text-align: center;\" width=\"70\">TSE-58C<\/td>\n<td style=\"width: 9.78697%; text-align: center;\" width=\"75\">500<\/td>\n<td style=\"width: 13.7312%; text-align: center;\" width=\"72\">58<\/td>\n<td style=\"width: 13.3442%; text-align: center;\" width=\"67\">18<\/td>\n<td style=\"width: 17.269%; text-align: center;\" width=\"74\">471<\/td>\n<td style=\"width: 10.534%; text-align: center;\" width=\"70\">45<\/td>\n<td style=\"width: 10.7544%; text-align: center;\" width=\"79\">8.4<\/td>\n<td style=\"width: 95.2543%; text-align: center;\" width=\"113\">3050x1000x3000<\/td>\n<\/tr>\n<tr>\n<td style=\"width: 7.29681%; text-align: center;\" width=\"70\">TSE-58D<\/td>\n<td style=\"width: 9.78697%; text-align: center;\" width=\"75\">600<\/td>\n<td style=\"width: 13.7312%; text-align: center;\" width=\"72\">58<\/td>\n<td style=\"width: 13.3442%; text-align: center;\" width=\"67\">18<\/td>\n<td style=\"width: 17.269%; text-align: center;\" width=\"74\">614<\/td>\n<td style=\"width: 10.534%; text-align: center;\" width=\"70\"><\/td>\n<td style=\"width: 10.7544%; text-align: center;\" width=\"79\">8.4<\/td>\n<td style=\"width: 95.2543%; text-align: center;\" width=\"113\">3050x1000x3000<\/td>\n<\/tr>\n<tr>\n<td style=\"width: 7.29681%; text-align: center;\" width=\"70\">TSE-70B<\/td>\n<td style=\"width: 9.78697%; text-align: center;\" width=\"75\">800<\/td>\n<td style=\"width: 13.7312%; text-align: center;\" width=\"72\">70<\/td>\n<td style=\"width: 13.3442%; text-align: center;\" width=\"67\">19<\/td>\n<td style=\"width: 17.269%; text-align: center;\" width=\"74\">477<\/td>\n<td style=\"width: 10.534%; text-align: center;\" width=\"70\">75<\/td>\n<td style=\"width: 10.7544%; text-align: center;\" width=\"79\">19.2<\/td>\n<td style=\"width: 95.2543%; text-align: center;\" width=\"113\">3660x1370x3050<\/td>\n<\/tr>\n<tr>\n<td style=\"width: 7.29681%; text-align: center;\" width=\"70\">TSE-70C<\/td>\n<td style=\"width: 9.78697%; text-align: center;\" width=\"75\">1000<\/td>\n<td style=\"width: 13.7312%; text-align: center;\" width=\"72\">70<\/td>\n<td style=\"width: 13.3442%; text-align: center;\" width=\"67\">19<\/td>\n<td style=\"width: 17.269%; text-align: center;\" width=\"74\">523<\/td>\n<td style=\"width: 10.534%; text-align: center;\" width=\"70\">90<\/td>\n<td style=\"width: 10.7544%; text-align: center;\" width=\"79\">19.2<\/td>\n<td style=\"width: 95.2543%; text-align: center;\" width=\"113\">3700x1370x3050<\/td>\n<\/tr>\n<tr>\n<td style=\"width: 7.29681%; text-align: center;\" width=\"70\">TSE-70D<\/td>\n<td style=\"width: 9.78697%; text-align: center;\" width=\"75\">1200<\/td>\n<td style=\"width: 13.7312%; text-align: center;\" width=\"72\">70<\/td>\n<td style=\"width: 13.3442%; text-align: center;\" width=\"67\">19<\/td>\n<td style=\"width: 17.269%; text-align: center;\" width=\"74\">616<\/td>\n<td style=\"width: 10.534%; text-align: center;\" width=\"70\">110<\/td>\n<td style=\"width: 10.7544%; text-align: center;\" width=\"79\">19.2<\/td>\n<td style=\"width: 95.2543%; text-align: center;\" width=\"113\">3700x1370x3050<\/td>\n<\/tr>\n<\/tbody>\n<\/table>\n<p>&nbsp;<\/p>\n<p>&nbsp;<\/p>","protected":false},"featured_media":2374,"comment_status":"closed","ping_status":"closed","template":"","meta":{"_acf_changed":false},"product_cat":[25],"product_tag":[],"class_list":["post-783","product","type-product","status-publish","has-post-thumbnail","hentry","product_cat-extruder"],"acf":[],"_links":{"self":[{"href":"https:\/\/www.powdermachines.com\/fr\/wp-json\/wp\/v2\/product\/783","targetHints":{"allow":["GET"]}}],"collection":[{"href":"https:\/\/www.powdermachines.com\/fr\/wp-json\/wp\/v2\/product"}],"about":[{"href":"https:\/\/www.powdermachines.com\/fr\/wp-json\/wp\/v2\/types\/product"}],"replies":[{"embeddable":true,"href":"https:\/\/www.powdermachines.com\/fr\/wp-json\/wp\/v2\/comments?post=783"}],"wp:featuredmedia":[{"embeddable":true,"href":"https:\/\/www.powdermachines.com\/fr\/wp-json\/wp\/v2\/media\/2374"}],"wp:attachment":[{"href":"https:\/\/www.powdermachines.com\/fr\/wp-json\/wp\/v2\/media?parent=783"}],"wp:term":[{"taxonomy":"product_cat","embeddable":true,"href":"https:\/\/www.powdermachines.com\/fr\/wp-json\/wp\/v2\/product_cat?post=783"},{"taxonomy":"product_tag","embeddable":true,"href":"https:\/\/www.powdermachines.com\/fr\/wp-json\/wp\/v2\/product_tag?post=783"}],"curies":[{"name":"wp","href":"https:\/\/api.w.org\/{rel}","templated":true}]}}