{"id":784,"date":"2024-10-15T17:32:50","date_gmt":"2024-10-15T09:32:50","guid":{"rendered":"http:\/\/www.powdermachines.com\/?post_type=product&#038;p=784"},"modified":"2024-11-28T18:40:21","modified_gmt":"2024-11-28T10:40:21","slug":"stainless-steel-cooling-belt","status":"publish","type":"product","link":"https:\/\/www.powdermachines.com\/fr\/product\/stainless-steel-cooling-belt\/","title":{"rendered":"Ceinture de refroidissement en acier inoxydable"},"content":{"rendered":"<p>La ceinture de refroidissement en acier inoxydable est compos\u00e9e de rouleaux de refroidissement, convoyeur en acier inoxydable, concasseur et syst\u00e8me de pulv\u00e9risation d'eau de refroidissement qui est utilis\u00e9 pour refroidir la bande en acier inoxydable. Le mat\u00e9riau de fusion thermique de l'extrudeuse est lamin\u00e9 en feuille pour 1-2mm par des rouleaux de refroidissement, et refroidi sur le convoyeur en acier inoxydable \u00e0 la temp\u00e9rature ambiante, puis \u00e9cras\u00e9 en puces et d\u00e9charg\u00e9.<\/p>","protected":false},"excerpt":{"rendered":"<table style=\"width: 100.337%;\">\n<tbody>\n<tr>\n<td style=\"width: 7.59346%; text-align: center;\" width=\"61\">Mod\u00e8le<\/td>\n<td style=\"width: 11.6822%; text-align: center;\" width=\"61\">Rendement (kg\/h)<\/td>\n<td style=\"width: 14.0779%; text-align: center;\" width=\"85\">Diam\u00e8tre du rouleau (mm)<\/td>\n<td style=\"width: 10.4601%; text-align: center;\" width=\"46\">Longueur de ceinture (mm)<\/td>\n<td style=\"width: 9.85545%; text-align: center;\" width=\"76\">Largeur de ceinture (mm)<\/td>\n<td style=\"width: 10.5796%; text-align: center;\" width=\"64\">Puissance d'entra\u00eenement (kw)<\/td>\n<td style=\"width: 10.4395%; text-align: center;\" width=\"72\">Puissance du rouleau (kw)<\/td>\n<td style=\"width: 11.8748%; text-align: center;\" width=\"91\">Puissance du concasseur (kw)<\/td>\n<td style=\"width: 64.3803%; text-align: center;\" width=\"93\">DimensionL*W*H (mm)<\/td>\n<\/tr>\n<tr>\n<td style=\"width: 7.59346%; text-align: center;\" width=\"61\">CCB-400<\/td>\n<td style=\"width: 11.6822%; text-align: center;\" width=\"61\">400<\/td>\n<td style=\"width: 14.0779%; text-align: center;\" width=\"85\">420<\/td>\n<td style=\"width: 10.4601%; text-align: center;\" width=\"46\">4000<\/td>\n<td style=\"width: 9.85545%; text-align: center;\" width=\"76\">800<\/td>\n<td style=\"width: 10.5796%; text-align: center;\" width=\"64\">0.75<\/td>\n<td style=\"width: 10.4395%; text-align: center;\" width=\"72\">1.5<\/td>\n<td style=\"width: 11.8748%; text-align: center;\" width=\"91\">1.1<\/td>\n<td style=\"width: 64.3803%; text-align: center;\" width=\"93\">6400x1300x1800<\/td>\n<\/tr>\n<tr>\n<td style=\"width: 7.59346%; text-align: center;\" width=\"61\">CCB-600<\/td>\n<td style=\"width: 11.6822%; text-align: center;\" width=\"61\">600<\/td>\n<td style=\"width: 14.0779%; text-align: center;\" width=\"85\">420<\/td>\n<td style=\"width: 10.4601%; text-align: center;\" width=\"46\">6000<\/td>\n<td style=\"width: 9.85545%; text-align: center;\" width=\"76\">1000<\/td>\n<td style=\"width: 10.5796%; text-align: center;\" width=\"64\">0.75<\/td>\n<td style=\"width: 10.4395%; text-align: center;\" width=\"72\">1.5<\/td>\n<td style=\"width: 11.8748%; text-align: center;\" width=\"91\">1.1<\/td>\n<td style=\"width: 64.3803%; text-align: center;\" width=\"93\">7200x1700x2350<\/td>\n<\/tr>\n<tr>\n<td style=\"width: 7.59346%; text-align: center;\" width=\"61\">CCB-1000<\/td>\n<td style=\"width: 11.6822%; text-align: center;\" width=\"61\">1000<\/td>\n<td style=\"width: 14.0779%; text-align: center;\" width=\"85\">450<\/td>\n<td style=\"width: 10.4601%; text-align: center;\" width=\"46\">8000<\/td>\n<td style=\"width: 9.85545%; text-align: center;\" width=\"76\">1200<\/td>\n<td style=\"width: 10.5796%; text-align: center;\" width=\"64\">1.5<\/td>\n<td style=\"width: 10.4395%; text-align: center;\" width=\"72\">1.5<\/td>\n<td style=\"width: 11.8748%; text-align: center;\" width=\"91\">1.1<\/td>\n<td style=\"width: 64.3803%; text-align: center;\" width=\"93\">8400x2000x2510<\/td>\n<\/tr>\n<tr>\n<td style=\"width: 7.59346%; text-align: center;\" width=\"61\">CCB-1500<\/td>\n<td style=\"width: 11.6822%; text-align: center;\" width=\"61\">1500<\/td>\n<td style=\"width: 14.0779%; text-align: center;\" width=\"85\">450<\/td>\n<td style=\"width: 10.4601%; text-align: center;\" width=\"46\">9000<\/td>\n<td style=\"width: 9.85545%; text-align: center;\" width=\"76\">15000<\/td>\n<td style=\"width: 10.5796%; text-align: center;\" width=\"64\">1.5<\/td>\n<td style=\"width: 10.4395%; text-align: center;\" width=\"72\">1.5<\/td>\n<td style=\"width: 11.8748%; text-align: center;\" width=\"91\">1.1<\/td>\n<td style=\"width: 64.3803%; text-align: center;\" width=\"93\">8400x2000x2200<\/td>\n<\/tr>\n<tr>\n<td style=\"width: 7.59346%; text-align: center;\" width=\"61\">CCB-2000<\/td>\n<td style=\"width: 11.6822%; text-align: center;\" width=\"61\">2000<\/td>\n<td style=\"width: 14.0779%; text-align: center;\" width=\"85\">450<\/td>\n<td style=\"width: 10.4601%; text-align: center;\" width=\"46\">11000<\/td>\n<td style=\"width: 9.85545%; text-align: center;\" width=\"76\">15000<\/td>\n<td style=\"width: 10.5796%; text-align: center;\" width=\"64\">1.5<\/td>\n<td style=\"width: 10.4395%; text-align: center;\" width=\"72\">1.5<\/td>\n<td style=\"width: 11.8748%; text-align: center;\" width=\"91\">1.1<\/td>\n<td style=\"width: 64.3803%; text-align: center;\" width=\"93\">12200x2440x2520<\/td>\n<\/tr>\n<\/tbody>\n<\/table>","protected":false},"featured_media":2377,"comment_status":"open","ping_status":"closed","template":"","meta":{"_acf_changed":false},"product_cat":[26],"product_tag":[],"class_list":["post-784","product","type-product","status-publish","has-post-thumbnail","hentry","product_cat-cooling-conveyor"],"acf":[],"_links":{"self":[{"href":"https:\/\/www.powdermachines.com\/fr\/wp-json\/wp\/v2\/product\/784","targetHints":{"allow":["GET"]}}],"collection":[{"href":"https:\/\/www.powdermachines.com\/fr\/wp-json\/wp\/v2\/product"}],"about":[{"href":"https:\/\/www.powdermachines.com\/fr\/wp-json\/wp\/v2\/types\/product"}],"replies":[{"embeddable":true,"href":"https:\/\/www.powdermachines.com\/fr\/wp-json\/wp\/v2\/comments?post=784"}],"wp:featuredmedia":[{"embeddable":true,"href":"https:\/\/www.powdermachines.com\/fr\/wp-json\/wp\/v2\/media\/2377"}],"wp:attachment":[{"href":"https:\/\/www.powdermachines.com\/fr\/wp-json\/wp\/v2\/media?parent=784"}],"wp:term":[{"taxonomy":"product_cat","embeddable":true,"href":"https:\/\/www.powdermachines.com\/fr\/wp-json\/wp\/v2\/product_cat?post=784"},{"taxonomy":"product_tag","embeddable":true,"href":"https:\/\/www.powdermachines.com\/fr\/wp-json\/wp\/v2\/product_tag?post=784"}],"curies":[{"name":"wp","href":"https:\/\/api.w.org\/{rel}","templated":true}]}}