{"id":786,"date":"2024-10-15T17:32:22","date_gmt":"2024-10-15T09:32:22","guid":{"rendered":"http:\/\/www.powdermachines.com\/?post_type=product&#038;p=786"},"modified":"2024-11-28T18:40:35","modified_gmt":"2024-11-28T10:40:35","slug":"compact-cooling-crusher","status":"publish","type":"product","link":"https:\/\/www.powdermachines.com\/fr\/product\/compact-cooling-crusher\/","title":{"rendered":"concasseur refroidissement compact"},"content":{"rendered":"<p>Le concasseur de refroidissement compact est compos\u00e9 de rouleau de refroidissement, tambour de refroidissement, convoyeur en caoutchouc artificiel et concasseur. Le mat\u00e9riau de fusion thermique de l'extrudeuse est lamin\u00e9 en feuille pour 1-2mm par le rouleau de refroidissement et le tambour de refroidissement, \u00e9tant refroidi par le tambour de refroidissement \u00e0 la temp\u00e9rature ambiante pendant le transport, puis \u00e9cras\u00e9 en puces et d\u00e9charg\u00e9.<\/p>","protected":false},"excerpt":{"rendered":"<table style=\"width: 97.1322%;\">\n<tbody>\n<tr>\n<td style=\"width: 11.3707%; text-align: center;\" width=\"66\">Mod\u00e8le<\/td>\n<td style=\"width: 15.5763%; text-align: center;\" width=\"89\">Rendement (kg\/h)<\/td>\n<td style=\"width: 12.4611%; text-align: center;\" width=\"78\">Diam\u00e8tre du tambour. (mm)<\/td>\n<td style=\"width: 14.6417%; text-align: center;\" width=\"83\">Longueur du tambour (mm)<\/td>\n<td style=\"width: 12.1552%; text-align: center;\" width=\"76\">Puissance principale (kw)<\/td>\n<td style=\"width: 14.5862%; text-align: center;\" width=\"61\">Puissance du concasseur (kw)<\/td>\n<td style=\"width: 101.041%; text-align: center;\" width=\"111\">Dimension L * W * H (mm)<\/td>\n<\/tr>\n<tr>\n<td style=\"width: 11.3707%; text-align: center;\" width=\"66\">CCD-30A<\/td>\n<td style=\"width: 15.5763%; text-align: center;\" width=\"89\">30<\/td>\n<td style=\"width: 12.4611%; text-align: center;\" width=\"78\">128<\/td>\n<td style=\"width: 14.6417%; text-align: center;\" width=\"83\">300<\/td>\n<td style=\"width: 12.1552%; text-align: center;\" width=\"76\">0.25<\/td>\n<td style=\"width: 14.5862%; text-align: center;\" width=\"61\"><\/td>\n<td style=\"width: 101.041%; text-align: center;\" width=\"111\">400x757x450<\/td>\n<\/tr>\n<tr>\n<td style=\"width: 11.3707%; text-align: center;\" width=\"66\">CCD-30B<\/td>\n<td style=\"width: 15.5763%; text-align: center;\" width=\"89\">30<\/td>\n<td style=\"width: 12.4611%; text-align: center;\" width=\"78\">270<\/td>\n<td style=\"width: 14.6417%; text-align: center;\" width=\"83\">340<\/td>\n<td style=\"width: 12.1552%; text-align: center;\" width=\"76\">0.25<\/td>\n<td style=\"width: 14.5862%; text-align: center;\" width=\"61\">0.12<\/td>\n<td style=\"width: 101.041%; text-align: center;\" width=\"111\">1145x890x755<\/td>\n<\/tr>\n<tr>\n<td style=\"width: 11.3707%; text-align: center;\" width=\"66\">CCD100<\/td>\n<td style=\"width: 15.5763%; text-align: center;\" width=\"89\">100<\/td>\n<td style=\"width: 12.4611%; text-align: center;\" width=\"78\">320<\/td>\n<td style=\"width: 14.6417%; text-align: center;\" width=\"83\">430<\/td>\n<td style=\"width: 12.1552%; text-align: center;\" width=\"76\">0.37<\/td>\n<td style=\"width: 14.5862%; text-align: center;\" width=\"61\">0.18<\/td>\n<td style=\"width: 101.041%; text-align: center;\" width=\"111\">1000x1000x980<\/td>\n<\/tr>\n<tr>\n<td style=\"width: 11.3707%; text-align: center;\" width=\"66\">CCD200<\/td>\n<td style=\"width: 15.5763%; text-align: center;\" width=\"89\">200<\/td>\n<td style=\"width: 12.4611%; text-align: center;\" width=\"78\">445<\/td>\n<td style=\"width: 14.6417%; text-align: center;\" width=\"83\">600<\/td>\n<td style=\"width: 12.1552%; text-align: center;\" width=\"76\">0.55<\/td>\n<td style=\"width: 14.5862%; text-align: center;\" width=\"61\">0.25<\/td>\n<td style=\"width: 101.041%; text-align: center;\" width=\"111\">1600x1300x1270<\/td>\n<\/tr>\n<tr>\n<td style=\"width: 11.3707%; text-align: center;\" width=\"66\">CCD500<\/td>\n<td style=\"width: 15.5763%; text-align: center;\" width=\"89\">500<\/td>\n<td style=\"width: 12.4611%; text-align: center;\" width=\"78\">600<\/td>\n<td style=\"width: 14.6417%; text-align: center;\" width=\"83\">920<\/td>\n<td style=\"width: 12.1552%; text-align: center;\" width=\"76\">1.1<\/td>\n<td style=\"width: 14.5862%; text-align: center;\" width=\"61\">0.55<\/td>\n<td style=\"width: 101.041%; text-align: center;\" width=\"111\">1850x1590x1510<\/td>\n<\/tr>\n<tr>\n<td style=\"width: 11.3707%; text-align: center;\" width=\"66\">CCD700<\/td>\n<td style=\"width: 15.5763%; text-align: center;\" width=\"89\">700<\/td>\n<td style=\"width: 12.4611%; text-align: center;\" width=\"78\">800<\/td>\n<td style=\"width: 14.6417%; text-align: center;\" width=\"83\">1100<\/td>\n<td style=\"width: 12.1552%; text-align: center;\" width=\"76\">1.5<\/td>\n<td style=\"width: 14.5862%; text-align: center;\" width=\"61\">0.75<\/td>\n<td style=\"width: 101.041%; text-align: center;\" width=\"111\">2080x1875x1550<\/td>\n<\/tr>\n<tr>\n<td style=\"width: 11.3707%; text-align: center;\" width=\"66\">CCD1000<\/td>\n<td style=\"width: 15.5763%; text-align: center;\" width=\"89\">1000<\/td>\n<td style=\"width: 12.4611%; text-align: center;\" width=\"78\">1100<\/td>\n<td style=\"width: 14.6417%; text-align: center;\" width=\"83\">1300<\/td>\n<td style=\"width: 12.1552%; text-align: center;\" width=\"76\">2.2<\/td>\n<td style=\"width: 14.5862%; text-align: center;\" width=\"61\">1.1<\/td>\n<td style=\"width: 101.041%; text-align: center;\" width=\"111\">2450x2500x2000<\/td>\n<\/tr>\n<\/tbody>\n<\/table>","protected":false},"featured_media":2384,"comment_status":"open","ping_status":"closed","template":"","meta":{"_acf_changed":false},"product_cat":[26],"product_tag":[],"class_list":["post-786","product","type-product","status-publish","has-post-thumbnail","hentry","product_cat-cooling-conveyor"],"acf":[],"_links":{"self":[{"href":"https:\/\/www.powdermachines.com\/fr\/wp-json\/wp\/v2\/product\/786","targetHints":{"allow":["GET"]}}],"collection":[{"href":"https:\/\/www.powdermachines.com\/fr\/wp-json\/wp\/v2\/product"}],"about":[{"href":"https:\/\/www.powdermachines.com\/fr\/wp-json\/wp\/v2\/types\/product"}],"replies":[{"embeddable":true,"href":"https:\/\/www.powdermachines.com\/fr\/wp-json\/wp\/v2\/comments?post=786"}],"wp:featuredmedia":[{"embeddable":true,"href":"https:\/\/www.powdermachines.com\/fr\/wp-json\/wp\/v2\/media\/2384"}],"wp:attachment":[{"href":"https:\/\/www.powdermachines.com\/fr\/wp-json\/wp\/v2\/media?parent=786"}],"wp:term":[{"taxonomy":"product_cat","embeddable":true,"href":"https:\/\/www.powdermachines.com\/fr\/wp-json\/wp\/v2\/product_cat?post=786"},{"taxonomy":"product_tag","embeddable":true,"href":"https:\/\/www.powdermachines.com\/fr\/wp-json\/wp\/v2\/product_tag?post=786"}],"curies":[{"name":"wp","href":"https:\/\/api.w.org\/{rel}","templated":true}]}}