{"id":787,"date":"2024-10-15T17:32:06","date_gmt":"2024-10-15T09:32:06","guid":{"rendered":"http:\/\/www.powdermachines.com\/?post_type=product&#038;p=787"},"modified":"2024-11-28T18:40:42","modified_gmt":"2024-11-28T10:40:42","slug":"air-cooling-belt%ef%bc%88rubber%ef%bc%89","status":"publish","type":"product","link":"https:\/\/www.powdermachines.com\/fr\/product\/air-cooling-belt%ef%bc%88rubber%ef%bc%89\/","title":{"rendered":"Ceinture de refroidissement par air (caoutchouc)"},"content":{"rendered":"<p>La ceinture de refroidissement \u00e0 air (caoutchouc) est compos\u00e9e de rouleaux de refroidissement, convoyeur en caoutchouc artificiel, concasseur et syst\u00e8me d'air de refroidissement. Le mat\u00e9riau de fusion thermique de l'extrudeuse est lamin\u00e9 en feuille pour 1-2mm par des rouleaux de refroidissement, et refroidi sur le convoyeur en caoutchouc \u00e0 la temp\u00e9rature ambiante par l'air de refroidissement, puis \u00e9cras\u00e9 en puces et d\u00e9charg\u00e9.<\/p>","protected":false},"excerpt":{"rendered":"<table style=\"width: 98.3033%;\">\n<tbody>\n<tr>\n<td style=\"width: 11.3707%; text-align: center;\" width=\"69\">Mod\u00e8le<\/td>\n<td style=\"width: 15.5763%; text-align: center;\" width=\"89\">Rendement (kg\/h)<\/td>\n<td style=\"width: 15.971%; text-align: center;\" width=\"73\">Diam\u00e8tre du rouleau (mm)<\/td>\n<td style=\"width: 12.3375%; text-align: center;\" width=\"83\">Longueur de ceinture (mm)<\/td>\n<td style=\"width: 12.658%; text-align: center;\" width=\"63\">Largeur de la ceinture (mm)<\/td>\n<td style=\"width: 13.5226%; text-align: center;\" width=\"75\">Puissance principale (kw)<\/td>\n<td style=\"width: 105.898%; text-align: center;\" width=\"111\">Dimension L * W * H (mm)<\/td>\n<\/tr>\n<tr>\n<td style=\"width: 11.3707%; text-align: center;\" width=\"69\">CCR-100<\/td>\n<td style=\"width: 15.5763%; text-align: center;\" width=\"89\">100<\/td>\n<td style=\"width: 15.971%; text-align: center;\" width=\"73\">240<\/td>\n<td style=\"width: 12.3375%; text-align: center;\" width=\"83\">2000<\/td>\n<td style=\"width: 12.658%; text-align: center;\" width=\"63\">400<\/td>\n<td style=\"width: 13.5226%; text-align: center;\" width=\"75\">0.55<\/td>\n<td style=\"width: 105.898%; text-align: center;\" width=\"111\">4000x1500x1300<\/td>\n<\/tr>\n<tr>\n<td style=\"width: 11.3707%; text-align: center;\" width=\"69\">CCR-200<\/td>\n<td style=\"width: 15.5763%; text-align: center;\" width=\"89\">200<\/td>\n<td style=\"width: 15.971%; text-align: center;\" width=\"73\">270<\/td>\n<td style=\"width: 12.3375%; text-align: center;\" width=\"83\">4000<\/td>\n<td style=\"width: 12.658%; text-align: center;\" width=\"63\">600<\/td>\n<td style=\"width: 13.5226%; text-align: center;\" width=\"75\">0.75<\/td>\n<td style=\"width: 105.898%; text-align: center;\" width=\"111\">4600x1600x1400<\/td>\n<\/tr>\n<tr>\n<td style=\"width: 11.3707%; text-align: center;\" width=\"69\">CCR-400<\/td>\n<td style=\"width: 15.5763%; text-align: center;\" width=\"89\">400<\/td>\n<td style=\"width: 15.971%; text-align: center;\" width=\"73\">370<\/td>\n<td style=\"width: 12.3375%; text-align: center;\" width=\"83\">5000<\/td>\n<td style=\"width: 12.658%; text-align: center;\" width=\"63\">900<\/td>\n<td style=\"width: 13.5226%; text-align: center;\" width=\"75\">1.1<\/td>\n<td style=\"width: 105.898%; text-align: center;\" width=\"111\">5600x1700x1500<\/td>\n<\/tr>\n<tr>\n<td style=\"width: 11.3707%; text-align: center;\" width=\"69\">CCR-600<\/td>\n<td style=\"width: 15.5763%; text-align: center;\" width=\"89\">600<\/td>\n<td style=\"width: 15.971%; text-align: center;\" width=\"73\">420<\/td>\n<td style=\"width: 12.3375%; text-align: center;\" width=\"83\">6000<\/td>\n<td style=\"width: 12.658%; text-align: center;\" width=\"63\">1000<\/td>\n<td style=\"width: 13.5226%; text-align: center;\" width=\"75\">1.5<\/td>\n<td style=\"width: 105.898%; text-align: center;\" width=\"111\">6600x1800x1500<\/td>\n<\/tr>\n<tr>\n<td style=\"width: 11.3707%; text-align: center;\" width=\"69\">CCR-800<\/td>\n<td style=\"width: 15.5763%; text-align: center;\" width=\"89\">800<\/td>\n<td style=\"width: 15.971%; text-align: center;\" width=\"73\">470<\/td>\n<td style=\"width: 12.3375%; text-align: center;\" width=\"83\">6000<\/td>\n<td style=\"width: 12.658%; text-align: center;\" width=\"63\">1200<\/td>\n<td style=\"width: 13.5226%; text-align: center;\" width=\"75\">2.2<\/td>\n<td style=\"width: 105.898%; text-align: center;\" width=\"111\">6600x2000x1600<\/td>\n<\/tr>\n<tr>\n<td style=\"width: 11.3707%; text-align: center;\" width=\"69\">CCR-1000<\/td>\n<td style=\"width: 15.5763%; text-align: center;\" width=\"89\">1000<\/td>\n<td style=\"width: 15.971%; text-align: center;\" width=\"73\">550<\/td>\n<td style=\"width: 12.3375%; text-align: center;\" width=\"83\">7000<\/td>\n<td style=\"width: 12.658%; text-align: center;\" width=\"63\">1200<\/td>\n<td style=\"width: 13.5226%; text-align: center;\" width=\"75\">3<\/td>\n<td style=\"width: 105.898%; text-align: center;\" width=\"111\">7800x2000x1600<\/td>\n<\/tr>\n<\/tbody>\n<\/table>","protected":false},"featured_media":2385,"comment_status":"open","ping_status":"closed","template":"","meta":{"_acf_changed":false},"product_cat":[26],"product_tag":[],"class_list":["post-787","product","type-product","status-publish","has-post-thumbnail","hentry","product_cat-cooling-conveyor"],"acf":[],"_links":{"self":[{"href":"https:\/\/www.powdermachines.com\/fr\/wp-json\/wp\/v2\/product\/787","targetHints":{"allow":["GET"]}}],"collection":[{"href":"https:\/\/www.powdermachines.com\/fr\/wp-json\/wp\/v2\/product"}],"about":[{"href":"https:\/\/www.powdermachines.com\/fr\/wp-json\/wp\/v2\/types\/product"}],"replies":[{"embeddable":true,"href":"https:\/\/www.powdermachines.com\/fr\/wp-json\/wp\/v2\/comments?post=787"}],"wp:featuredmedia":[{"embeddable":true,"href":"https:\/\/www.powdermachines.com\/fr\/wp-json\/wp\/v2\/media\/2385"}],"wp:attachment":[{"href":"https:\/\/www.powdermachines.com\/fr\/wp-json\/wp\/v2\/media?parent=787"}],"wp:term":[{"taxonomy":"product_cat","embeddable":true,"href":"https:\/\/www.powdermachines.com\/fr\/wp-json\/wp\/v2\/product_cat?post=787"},{"taxonomy":"product_tag","embeddable":true,"href":"https:\/\/www.powdermachines.com\/fr\/wp-json\/wp\/v2\/product_tag?post=787"}],"curies":[{"name":"wp","href":"https:\/\/api.w.org\/{rel}","templated":true}]}}