{"id":788,"date":"2024-10-15T17:31:42","date_gmt":"2024-10-15T09:31:42","guid":{"rendered":"http:\/\/www.powdermachines.com\/?post_type=product&#038;p=788"},"modified":"2024-11-29T18:46:22","modified_gmt":"2024-11-29T10:46:22","slug":"automatic-weighing-packing-equipment","status":"publish","type":"product","link":"https:\/\/www.powdermachines.com\/fr\/product\/automatic-weighing-packing-equipment\/","title":{"rendered":"Pesage automatique &#038; \u00c9quipement d'emballage"},"content":{"rendered":"<p>Pesage automatique &amp; L'\u00e9quipement d'emballage fonctionne avec le transport du carton vide \u00e0 la position de travail, le d\u00e9p\u00f4t et le pesage du rev\u00eatement en poudre. Le carton avec rev\u00eatement en poudre sera hors ligne apr\u00e8s que le poids net atteigne la valeur pr\u00e9d\u00e9finie.<\/p>","protected":false},"excerpt":{"rendered":"<table style=\"width: 97.8839%;\">\n<tbody>\n<tr>\n<td style=\"width: 11.5447%; text-align: center;\" width=\"67\">Mod\u00e8le<\/td>\n<td style=\"width: 15.044%; text-align: center;\" width=\"108\">Puissance de transfert (kW)<\/td>\n<td style=\"width: 18.9869%; text-align: center;\" width=\"97\">Longueur maximale du carton (mm)<\/td>\n<td style=\"width: 19.2794%; text-align: center;\" width=\"79\">Hauteur maximale du carton (mm)<\/td>\n<td style=\"width: 19.5689%; text-align: center;\" width=\"93\">Poids net du carton unitaire (kg)<\/td>\n<td style=\"width: 105.598%; text-align: center;\" width=\"100\">Mesure (mm)<\/td>\n<\/tr>\n<tr>\n<td style=\"width: 11.5447%; text-align: center;\" width=\"67\">AWP-30<\/td>\n<td style=\"width: 15.044%; text-align: center;\" width=\"108\">0.37<\/td>\n<td style=\"width: 18.9869%; text-align: center;\" width=\"97\">400<\/td>\n<td style=\"width: 19.2794%; text-align: center;\" width=\"79\">500<\/td>\n<td style=\"width: 19.5689%; text-align: center;\" width=\"93\">10~30<\/td>\n<td style=\"width: 105.598%; text-align: center;\" width=\"100\">2730x1470x1760<\/td>\n<\/tr>\n<\/tbody>\n<\/table>","protected":false},"featured_media":2387,"comment_status":"open","ping_status":"closed","template":"","meta":{"_acf_changed":false},"product_cat":[63],"product_tag":[],"class_list":["post-788","product","type-product","status-publish","has-post-thumbnail","hentry","product_cat-auxiliary-equipment"],"acf":[],"_links":{"self":[{"href":"https:\/\/www.powdermachines.com\/fr\/wp-json\/wp\/v2\/product\/788","targetHints":{"allow":["GET"]}}],"collection":[{"href":"https:\/\/www.powdermachines.com\/fr\/wp-json\/wp\/v2\/product"}],"about":[{"href":"https:\/\/www.powdermachines.com\/fr\/wp-json\/wp\/v2\/types\/product"}],"replies":[{"embeddable":true,"href":"https:\/\/www.powdermachines.com\/fr\/wp-json\/wp\/v2\/comments?post=788"}],"wp:featuredmedia":[{"embeddable":true,"href":"https:\/\/www.powdermachines.com\/fr\/wp-json\/wp\/v2\/media\/2387"}],"wp:attachment":[{"href":"https:\/\/www.powdermachines.com\/fr\/wp-json\/wp\/v2\/media?parent=788"}],"wp:term":[{"taxonomy":"product_cat","embeddable":true,"href":"https:\/\/www.powdermachines.com\/fr\/wp-json\/wp\/v2\/product_cat?post=788"},{"taxonomy":"product_tag","embeddable":true,"href":"https:\/\/www.powdermachines.com\/fr\/wp-json\/wp\/v2\/product_tag?post=788"}],"curies":[{"name":"wp","href":"https:\/\/api.w.org\/{rel}","templated":true}]}}