{"id":781,"date":"2024-10-15T17:33:24","date_gmt":"2024-10-15T09:33:24","guid":{"rendered":"http:\/\/www.powdermachines.com\/?post_type=product&#038;p=781"},"modified":"2024-11-29T11:06:17","modified_gmt":"2024-11-29T03:06:17","slug":"high-speed-mixer","status":"publish","type":"product","link":"https:\/\/www.powdermachines.com\/it\/product\/high-speed-mixer\/","title":{"rendered":"Mixer ad alta velocit\u00e0"},"content":{"rendered":"<p>Il miscelatore ad alta velocit\u00e0 \u00e8 applicato principalmente nella miscela di rivestimento in polvere di elettricit\u00e0 statica di poliestere epossidico, essendo una macchina ideale per fornire potenza, agitare materiali a blocco a bassa velocit\u00e0 e miscelare ad alta velocit\u00e0, applicabile per industrie come rivestimento in polvere, farmacia, cibo, tintura e materiali da costruzione, ecc. Pertanto, questa macchina \u00e8 ampiamente applicata alla produzione di rivestimento a polvere di elettricit\u00e0 statica. Dopo che i materiali sono stati miscelati nel miscelatore ad alta velocit\u00e0, avviare il riduttore di velocit\u00e0 di agitazione, quindi i materiali formano anello di flusso vortice di nebbia spaziale tridimensionale sotto l'effetto della macchina agitante. Per l'anello di flusso a vortice formato, i materiali possono raggiungere lo scopo di miscelazione ad alta velocit\u00e0 per avere migliorato l'efficienza e l'uniformit\u00e0 della miscelazione.<\/p>","protected":false},"excerpt":{"rendered":"<table style=\"width: 100.517%;\">\n<tbody>\n<tr>\n<td style=\"width: 11.7426%; text-align: center;\" width=\"106\">Modello<\/td>\n<td style=\"width: 8.91976%; text-align: center;\" width=\"69\">Volume (L)<\/td>\n<td style=\"width: 13.0352%; text-align: center;\" width=\"70\">Capacit\u00e0 (KG\/TANK)<\/td>\n<td style=\"width: 12.3647%; text-align: center;\" width=\"84\">Motore di miscelazione (kW)<\/td>\n<td style=\"width: 13.1484%; text-align: center;\" width=\"82\">Motore di triturazione (kW)<\/td>\n<td style=\"width: 12.9503%; text-align: center;\" width=\"79\">Velocit\u00e0 di miscelazione (RPM)<\/td>\n<td style=\"width: 12.3008%; text-align: center;\" width=\"47\">Tempo di miscelazione (MIN)<\/td>\n<td style=\"width: 89.1061%; text-align: center;\" width=\"111\">Dimensione complessiva (mm)<\/td>\n<\/tr>\n<tr>\n<td style=\"width: 11.7426%; text-align: center;\" width=\"106\">HSM-150<\/td>\n<td style=\"width: 8.91976%; text-align: center;\" width=\"69\">150<\/td>\n<td style=\"width: 13.0352%; text-align: center;\" width=\"70\">120<\/td>\n<td style=\"width: 12.3647%; text-align: center;\" width=\"84\">5.5<\/td>\n<td style=\"width: 13.1484%; text-align: center;\" width=\"82\">3<\/td>\n<td style=\"width: 12.9503%; text-align: center;\" width=\"79\">80<\/td>\n<td style=\"width: 12.3008%; text-align: center;\" width=\"47\">3-5<\/td>\n<td style=\"width: 89.1061%; text-align: center;\" width=\"111\">1350*1250*1600<\/td>\n<\/tr>\n<tr>\n<td style=\"width: 11.7426%; text-align: center;\" width=\"106\">HSM-300<\/td>\n<td style=\"width: 8.91976%; text-align: center;\" width=\"69\">300<\/td>\n<td style=\"width: 13.0352%; text-align: center;\" width=\"70\">200<\/td>\n<td style=\"width: 12.3647%; text-align: center;\" width=\"84\">7.5<\/td>\n<td style=\"width: 13.1484%; text-align: center;\" width=\"82\">3<\/td>\n<td style=\"width: 12.9503%; text-align: center;\" width=\"79\">80<\/td>\n<td style=\"width: 12.3008%; text-align: center;\" width=\"47\">3-5<\/td>\n<td style=\"width: 89.1061%; text-align: center;\" width=\"111\">1350*1250*1650<\/td>\n<\/tr>\n<tr>\n<td style=\"width: 11.7426%; text-align: center;\" width=\"106\">HSM-500<\/td>\n<td style=\"width: 8.91976%; text-align: center;\" width=\"69\">500<\/td>\n<td style=\"width: 13.0352%; text-align: center;\" width=\"70\">300<\/td>\n<td style=\"width: 12.3647%; text-align: center;\" width=\"84\">15<\/td>\n<td style=\"width: 13.1484%; text-align: center;\" width=\"82\">3<\/td>\n<td style=\"width: 12.9503%; text-align: center;\" width=\"79\">86<\/td>\n<td style=\"width: 12.3008%; text-align: center;\" width=\"47\">3-5<\/td>\n<td style=\"width: 89.1061%; text-align: center;\" width=\"111\">2350*1650*1550<\/td>\n<\/tr>\n<tr>\n<td style=\"width: 11.7426%; text-align: center;\" width=\"106\">HSM-1000<\/td>\n<td style=\"width: 8.91976%; text-align: center;\" width=\"69\">1000<\/td>\n<td style=\"width: 13.0352%; text-align: center;\" width=\"70\">500<\/td>\n<td style=\"width: 12.3647%; text-align: center;\" width=\"84\">22<\/td>\n<td style=\"width: 13.1484%; text-align: center;\" width=\"82\">3*2<\/td>\n<td style=\"width: 12.9503%; text-align: center;\" width=\"79\">63<\/td>\n<td style=\"width: 12.3008%; text-align: center;\" width=\"47\">3-5<\/td>\n<td style=\"width: 89.1061%; text-align: center;\" width=\"111\">2600*2350*1850<\/td>\n<\/tr>\n<tr>\n<td style=\"width: 11.7426%; text-align: center;\" width=\"106\">HSM-1600<\/td>\n<td style=\"width: 8.91976%; text-align: center;\" width=\"69\">1600<\/td>\n<td style=\"width: 13.0352%; text-align: center;\" width=\"70\">800<\/td>\n<td style=\"width: 12.3647%; text-align: center;\" width=\"84\">37<\/td>\n<td style=\"width: 13.1484%; text-align: center;\" width=\"82\">3*2<\/td>\n<td style=\"width: 12.9503%; text-align: center;\" width=\"79\">63<\/td>\n<td style=\"width: 12.3008%; text-align: center;\" width=\"47\">3-5<\/td>\n<td style=\"width: 89.1061%; text-align: center;\" width=\"111\">2750*2550*2000<\/td>\n<\/tr>\n<\/tbody>\n<\/table>\n<p>&nbsp;<\/p>","protected":false},"featured_media":2370,"comment_status":"open","ping_status":"closed","template":"","meta":{"_acf_changed":false},"product_cat":[15],"product_tag":[],"class_list":["post-781","product","type-product","status-publish","has-post-thumbnail","hentry","product_cat-mixer"],"acf":[],"_links":{"self":[{"href":"https:\/\/www.powdermachines.com\/it\/wp-json\/wp\/v2\/product\/781","targetHints":{"allow":["GET"]}}],"collection":[{"href":"https:\/\/www.powdermachines.com\/it\/wp-json\/wp\/v2\/product"}],"about":[{"href":"https:\/\/www.powdermachines.com\/it\/wp-json\/wp\/v2\/types\/product"}],"replies":[{"embeddable":true,"href":"https:\/\/www.powdermachines.com\/it\/wp-json\/wp\/v2\/comments?post=781"}],"wp:featuredmedia":[{"embeddable":true,"href":"https:\/\/www.powdermachines.com\/it\/wp-json\/wp\/v2\/media\/2370"}],"wp:attachment":[{"href":"https:\/\/www.powdermachines.com\/it\/wp-json\/wp\/v2\/media?parent=781"}],"wp:term":[{"taxonomy":"product_cat","embeddable":true,"href":"https:\/\/www.powdermachines.com\/it\/wp-json\/wp\/v2\/product_cat?post=781"},{"taxonomy":"product_tag","embeddable":true,"href":"https:\/\/www.powdermachines.com\/it\/wp-json\/wp\/v2\/product_tag?post=781"}],"curies":[{"name":"wp","href":"https:\/\/api.w.org\/{rel}","templated":true}]}}