{"id":2380,"date":"2024-11-21T17:59:32","date_gmt":"2024-11-21T09:59:32","guid":{"rendered":"https:\/\/www.powdermachines.com\/?post_type=product&#038;p=2380"},"modified":"2024-11-29T18:47:11","modified_gmt":"2024-11-29T10:47:11","slug":"lab-scale-container-mixer","status":"publish","type":"product","link":"https:\/\/www.powdermachines.com\/pt\/product\/lab-scale-container-mixer\/","title":{"rendered":"Lab Scale Container Mixer"},"content":{"rendered":"<p>Container Mixer \u00e9 uma m\u00e1quina de mistura offline com contentores m\u00f3veis, usando para mistura de mat\u00e9rias-primas. O recipiente carregado com mat\u00e9rias-primas \u00e9 empurrado para a esta\u00e7\u00e3o de trabalho original, para ser levantado, conectado e bloqueado autom\u00e1ticamente \u00e0 cabe\u00e7a de mistura. A mat\u00e9ria-prima deve ser misturada homog\u00eanea por meio de agita\u00e7\u00e3o e crusher de alta velocidade enquanto a cabe\u00e7a-mistura inclina 180 graus para a posi\u00e7\u00e3o de trabalho. O recipiente estar\u00e1 de volta \u00e0 posi\u00e7\u00e3o original e separado da cabe\u00e7a de mistura quando o processo de mistura terminar, o misturador de recipientes \u00e9 automaticamente controlado por PLC &amp; HMl. O misturador de recipientes da s\u00e9rie CMR \u00e9 equipamento flex\u00edvel para produ\u00e7\u00e3o com alta utiliza\u00e7\u00e3o, misturando eficientemente e homogeneamente, f\u00e1cil de limpar.<\/p>","protected":false},"excerpt":{"rendered":"<table style=\"width: 100.419%;\">\n<tbody>\n<tr>\n<td style=\"width: 10.8434%; text-align: center;\" width=\"68\">Modelo<\/td>\n<td style=\"width: 13.1024%; text-align: center;\" width=\"69\">Container Capacity(L)<\/td>\n<td style=\"width: 14.6084%; text-align: center;\" width=\"66\">Capacidade de Trabalho(L_;<\/td>\n<td style=\"width: 14.6084%; text-align: center;\" width=\"57\">Pulver misturador (KW)<\/td>\n<td style=\"width: 13.1024%; text-align: center;\" width=\"78\">Energia do helic\u00f3ptero (KW)<\/td>\n<td style=\"width: 13.1024%; text-align: center;\" width=\"74\">For\u00e7a de inclina\u00e7\u00e3o (KW)<\/td>\n<td style=\"width: 110.573%; text-align: center;\" width=\"110\">Dimens\u00e3o L* W*H(mm)<\/td>\n<\/tr>\n<tr>\n<td style=\"width: 10.8434%; text-align: center;\" width=\"68\">CMR-10<\/td>\n<td style=\"width: 13.1024%; text-align: center;\" width=\"69\">10<\/td>\n<td style=\"width: 14.6084%; text-align: center;\" width=\"66\">8<\/td>\n<td style=\"width: 14.6084%; text-align: center;\" width=\"57\">0.75<\/td>\n<td style=\"width: 13.1024%; text-align: center;\" width=\"78\"><\/td>\n<td style=\"width: 13.1024%; text-align: center;\" width=\"74\">0.18<\/td>\n<td style=\"width: 110.573%; text-align: center;\" width=\"110\">720x700x1230<\/td>\n<\/tr>\n<tr>\n<td style=\"width: 10.8434%; text-align: center;\" width=\"68\">CMR-30<\/td>\n<td style=\"width: 13.1024%; text-align: center;\" width=\"69\">30<\/td>\n<td style=\"width: 14.6084%; text-align: center;\" width=\"66\">24<\/td>\n<td style=\"width: 14.6084%; text-align: center;\" width=\"57\">1.5<\/td>\n<td style=\"width: 13.1024%; text-align: center;\" width=\"78\">1.1<\/td>\n<td style=\"width: 13.1024%; text-align: center;\" width=\"74\">0.37<\/td>\n<td style=\"width: 110.573%; text-align: center;\" width=\"110\">1200x820x1570<\/td>\n<\/tr>\n<tr>\n<td style=\"width: 10.8434%; text-align: center;\" width=\"68\">CMR-50<\/td>\n<td style=\"width: 13.1024%; text-align: center;\" width=\"69\">50<\/td>\n<td style=\"width: 14.6084%; text-align: center;\" width=\"66\">40<\/td>\n<td style=\"width: 14.6084%; text-align: center;\" width=\"57\">4<\/td>\n<td style=\"width: 13.1024%; text-align: center;\" width=\"78\">1.1<\/td>\n<td style=\"width: 13.1024%; text-align: center;\" width=\"74\">0.55<\/td>\n<td style=\"width: 110.573%; text-align: center;\" width=\"110\">1300x880x1850<\/td>\n<\/tr>\n<\/tbody>\n<\/table>","protected":false},"featured_media":2395,"comment_status":"open","ping_status":"closed","template":"","meta":{"_acf_changed":false},"product_cat":[57],"product_tag":[],"class_list":["post-2380","product","type-product","status-publish","has-post-thumbnail","hentry","product_cat-laboratory-equipment"],"acf":[],"_links":{"self":[{"href":"https:\/\/www.powdermachines.com\/pt\/wp-json\/wp\/v2\/product\/2380","targetHints":{"allow":["GET"]}}],"collection":[{"href":"https:\/\/www.powdermachines.com\/pt\/wp-json\/wp\/v2\/product"}],"about":[{"href":"https:\/\/www.powdermachines.com\/pt\/wp-json\/wp\/v2\/types\/product"}],"replies":[{"embeddable":true,"href":"https:\/\/www.powdermachines.com\/pt\/wp-json\/wp\/v2\/comments?post=2380"}],"wp:featuredmedia":[{"embeddable":true,"href":"https:\/\/www.powdermachines.com\/pt\/wp-json\/wp\/v2\/media\/2395"}],"wp:attachment":[{"href":"https:\/\/www.powdermachines.com\/pt\/wp-json\/wp\/v2\/media?parent=2380"}],"wp:term":[{"taxonomy":"product_cat","embeddable":true,"href":"https:\/\/www.powdermachines.com\/pt\/wp-json\/wp\/v2\/product_cat?post=2380"},{"taxonomy":"product_tag","embeddable":true,"href":"https:\/\/www.powdermachines.com\/pt\/wp-json\/wp\/v2\/product_tag?post=2380"}],"curies":[{"name":"wp","href":"https:\/\/api.w.org\/{rel}","templated":true}]}}