{"id":2404,"date":"2024-11-21T18:14:57","date_gmt":"2024-11-21T10:14:57","guid":{"rendered":"https:\/\/www.powdermachines.com\/?post_type=product&#038;p=2404"},"modified":"2024-11-29T18:48:01","modified_gmt":"2024-11-29T10:48:01","slug":"lab-bonding","status":"publish","type":"product","link":"https:\/\/www.powdermachines.com\/pt\/product\/lab-bonding\/","title":{"rendered":"Liga\u00e7\u00e3o de Laborat\u00f3rios"},"content":{"rendered":"<p>O misturador de liga\u00e7\u00f5es met\u00e1licas est\u00e1 funcionando para ligar a tinta met\u00e1lica \u00e0 superf\u00edcie de part\u00edculas de revestimentos de p\u00f3 com brilho met\u00e1lico. - Pesquisa e desenvolvimento do equipamento de liga\u00e7\u00e3o met\u00e1lica para revestimentos de p\u00f3 de s\u00e9rie MB com sucesso com a INTEL. O direito de propriedade LECTUAL pela MPMtek baseia-se nos seguintes trabalhos de pesquisa: o requisito dos clientes. As diferen\u00e7as na temperatura de transi\u00e7\u00e3o de vidro dos revestimentos de p\u00f3. - Pesquisa e teste em din\u00e2mica mec\u00e2nica durante o processo de aquecimento de fric\u00e7\u00e3o do carbono de p\u00f3 \u00e0 temperatura de liga\u00e7\u00e3o. - Pesquisa sobre a FASIBILIDADE do Sistema de Controlo Autom\u00e1tico Integrado e Integrado.<\/p>","protected":false},"excerpt":{"rendered":"<table style=\"width: 40.2188%; height: 192px;\">\n<tbody>\n<tr style=\"height: 24px;\">\n<td style=\"width: 54.9555%; text-align: center; height: 24px;\" width=\"165\">Modelo<\/td>\n<td style=\"width: 130.798%; text-align: center; height: 24px;\" width=\"111\">MB-08<\/td>\n<\/tr>\n<tr style=\"height: 24px;\">\n<td style=\"width: 54.9555%; text-align: center; height: 24px;\" width=\"165\">Bonding container MB capacity(L)<\/td>\n<td style=\"width: 130.798%; text-align: center; height: 24px;\" width=\"111\">8<\/td>\n<\/tr>\n<tr style=\"height: 24px;\">\n<td style=\"width: 54.9555%; text-align: center; height: 24px;\" width=\"165\">Sa\u00edda \u00fanica (kg)<\/td>\n<td style=\"width: 130.798%; text-align: center; height: 24px;\" width=\"111\">3<\/td>\n<\/tr>\n<tr style=\"height: 24px;\">\n<td style=\"width: 54.9555%; text-align: center; height: 24px;\" width=\"165\">Volume de \u00e1gua de reciclagem (m \u00b3\/h)<\/td>\n<td style=\"width: 130.798%; text-align: center; height: 24px;\" width=\"111\">2<\/td>\n<\/tr>\n<tr style=\"height: 24px;\">\n<td style=\"width: 54.9555%; text-align: center; height: 24px;\" width=\"165\">Consumo de azoto (L\/min)<\/td>\n<td style=\"width: 130.798%; text-align: center; height: 24px;\" width=\"111\">50<\/td>\n<\/tr>\n<tr style=\"height: 24px;\">\n<td style=\"width: 54.9555%; text-align: center; height: 24px;\" width=\"165\">Aro comprimido (L\/min)<\/td>\n<td style=\"width: 130.798%; text-align: center; height: 24px;\" width=\"111\">30<\/td>\n<\/tr>\n<tr style=\"height: 24px;\">\n<td style=\"width: 54.9555%; text-align: center; height: 24px;\" width=\"165\">Pot\u00eancia (KW)<\/td>\n<td style=\"width: 130.798%; text-align: center; height: 24px;\" width=\"111\">5.5<\/td>\n<\/tr>\n<tr style=\"height: 24px;\">\n<td style=\"width: 54.9555%; text-align: center; height: 24px;\" width=\"165\">Dimens\u00e3o(mm)<\/td>\n<td style=\"width: 130.798%; text-align: center; height: 24px;\" width=\"111\">1400*820*1580<\/td>\n<\/tr>\n<\/tbody>\n<\/table>","protected":false},"featured_media":2405,"comment_status":"open","ping_status":"closed","template":"","meta":{"_acf_changed":false},"product_cat":[57],"product_tag":[],"class_list":["post-2404","product","type-product","status-publish","has-post-thumbnail","hentry","product_cat-laboratory-equipment"],"acf":[],"_links":{"self":[{"href":"https:\/\/www.powdermachines.com\/pt\/wp-json\/wp\/v2\/product\/2404","targetHints":{"allow":["GET"]}}],"collection":[{"href":"https:\/\/www.powdermachines.com\/pt\/wp-json\/wp\/v2\/product"}],"about":[{"href":"https:\/\/www.powdermachines.com\/pt\/wp-json\/wp\/v2\/types\/product"}],"replies":[{"embeddable":true,"href":"https:\/\/www.powdermachines.com\/pt\/wp-json\/wp\/v2\/comments?post=2404"}],"wp:featuredmedia":[{"embeddable":true,"href":"https:\/\/www.powdermachines.com\/pt\/wp-json\/wp\/v2\/media\/2405"}],"wp:attachment":[{"href":"https:\/\/www.powdermachines.com\/pt\/wp-json\/wp\/v2\/media?parent=2404"}],"wp:term":[{"taxonomy":"product_cat","embeddable":true,"href":"https:\/\/www.powdermachines.com\/pt\/wp-json\/wp\/v2\/product_cat?post=2404"},{"taxonomy":"product_tag","embeddable":true,"href":"https:\/\/www.powdermachines.com\/pt\/wp-json\/wp\/v2\/product_tag?post=2404"}],"curies":[{"name":"wp","href":"https:\/\/api.w.org\/{rel}","templated":true}]}}