{"id":2406,"date":"2024-11-21T18:18:58","date_gmt":"2024-11-21T10:18:58","guid":{"rendered":"https:\/\/www.powdermachines.com\/?post_type=product&#038;p=2406"},"modified":"2024-11-29T14:17:43","modified_gmt":"2024-11-29T06:17:43","slug":"lab-powder-coating-spray-booth","status":"publish","type":"product","link":"https:\/\/www.powdermachines.com\/pt\/product\/lab-powder-coating-spray-booth\/","title":{"rendered":"Lab Powder Coating Spray Booth"},"content":{"rendered":"<p>Lab Powder Coating Spray Booth \u00e9 composto por arm\u00e1rio, filtro com vazio de polvo pulso, ventilador, arma de pulso est\u00e1tico e forno (op\u00e7\u00e3o).<\/p>\n<p>Caracter\u00edsticas Principais<\/p>\n<p>Cabinete bem encerrado, sem vazamento de p\u00f3<\/p>\n<p>O revestimento de p\u00f3 caido \u00e9 coletado para um balde de a\u00e7o inoxid\u00e1vel<\/p>\n<p>&nbsp;<\/p>\n<p>&nbsp;<\/p>","protected":false},"excerpt":{"rendered":"<p>Lab Powder Coating Spray Booth \u00e9 composto por arm\u00e1rio, filtro com vazio de polvo pulso, ventilador, arma de pulso est\u00e1tico e forno (op\u00e7\u00e3o). Caracter\u00edsticas Principais Cabinete bem encerrado, nenhum vazamento de poeira coberto de p\u00f3 caido s\u00e3o coletados para um balde de a\u00e7o inoxid\u00e1vel &nbsp; &nbsp;<\/p>","protected":false},"featured_media":2408,"comment_status":"open","ping_status":"closed","template":"","meta":{"_acf_changed":false},"product_cat":[57],"product_tag":[],"class_list":["post-2406","product","type-product","status-publish","has-post-thumbnail","hentry","product_cat-laboratory-equipment"],"acf":[],"_links":{"self":[{"href":"https:\/\/www.powdermachines.com\/pt\/wp-json\/wp\/v2\/product\/2406","targetHints":{"allow":["GET"]}}],"collection":[{"href":"https:\/\/www.powdermachines.com\/pt\/wp-json\/wp\/v2\/product"}],"about":[{"href":"https:\/\/www.powdermachines.com\/pt\/wp-json\/wp\/v2\/types\/product"}],"replies":[{"embeddable":true,"href":"https:\/\/www.powdermachines.com\/pt\/wp-json\/wp\/v2\/comments?post=2406"}],"wp:featuredmedia":[{"embeddable":true,"href":"https:\/\/www.powdermachines.com\/pt\/wp-json\/wp\/v2\/media\/2408"}],"wp:attachment":[{"href":"https:\/\/www.powdermachines.com\/pt\/wp-json\/wp\/v2\/media?parent=2406"}],"wp:term":[{"taxonomy":"product_cat","embeddable":true,"href":"https:\/\/www.powdermachines.com\/pt\/wp-json\/wp\/v2\/product_cat?post=2406"},{"taxonomy":"product_tag","embeddable":true,"href":"https:\/\/www.powdermachines.com\/pt\/wp-json\/wp\/v2\/product_tag?post=2406"}],"curies":[{"name":"wp","href":"https:\/\/api.w.org\/{rel}","templated":true}]}}