{"id":779,"date":"2024-10-15T17:30:49","date_gmt":"2024-10-15T09:30:49","guid":{"rendered":"http:\/\/www.powdermachines.com\/?post_type=product&#038;p=779"},"modified":"2024-11-28T18:40:57","modified_gmt":"2024-11-28T10:40:57","slug":"automatic-line","status":"publish","type":"product","link":"https:\/\/www.powdermachines.com\/pt\/product\/automatic-line\/","title":{"rendered":"Linha Autom\u00e1tica"},"content":{"rendered":"<p>Para o design autom\u00e1tico, a linha inclui:<\/p>\n<p>1) Container mixer;<\/p>\n<p>2) Extrusor de tornozelo duplo;<\/p>\n<p>3) Banda de refrigera\u00e7\u00e3o<\/p>\n<p>4) Sistema de molhimento ACM. A banda Extruder, Cooling e ACM est\u00e3o integrados em uma constru\u00e7\u00e3o com conex\u00e3o de canais.<\/p>","protected":false},"excerpt":{"rendered":"<p>Para o design autom\u00e1tico, a linha inclui: 1) Container mixer; 2) Extrusor de tornozelo duplo; 3) Banda de refrigera\u00e7\u00e3o 4) sistema de molhimento ACM. A banda Extruder, Cooling e ACM est\u00e3o integrados em uma constru\u00e7\u00e3o com conex\u00e3o de canais.<\/p>","protected":false},"featured_media":2390,"comment_status":"open","ping_status":"closed","template":"","meta":{"_acf_changed":false},"product_cat":[55],"product_tag":[],"class_list":["post-779","product","type-product","status-publish","has-post-thumbnail","hentry","product_cat-automatic-line"],"acf":[],"_links":{"self":[{"href":"https:\/\/www.powdermachines.com\/pt\/wp-json\/wp\/v2\/product\/779","targetHints":{"allow":["GET"]}}],"collection":[{"href":"https:\/\/www.powdermachines.com\/pt\/wp-json\/wp\/v2\/product"}],"about":[{"href":"https:\/\/www.powdermachines.com\/pt\/wp-json\/wp\/v2\/types\/product"}],"replies":[{"embeddable":true,"href":"https:\/\/www.powdermachines.com\/pt\/wp-json\/wp\/v2\/comments?post=779"}],"wp:featuredmedia":[{"embeddable":true,"href":"https:\/\/www.powdermachines.com\/pt\/wp-json\/wp\/v2\/media\/2390"}],"wp:attachment":[{"href":"https:\/\/www.powdermachines.com\/pt\/wp-json\/wp\/v2\/media?parent=779"}],"wp:term":[{"taxonomy":"product_cat","embeddable":true,"href":"https:\/\/www.powdermachines.com\/pt\/wp-json\/wp\/v2\/product_cat?post=779"},{"taxonomy":"product_tag","embeddable":true,"href":"https:\/\/www.powdermachines.com\/pt\/wp-json\/wp\/v2\/product_tag?post=779"}],"curies":[{"name":"wp","href":"https:\/\/api.w.org\/{rel}","templated":true}]}}