{"id":780,"date":"2024-10-15T17:33:44","date_gmt":"2024-10-15T09:33:44","guid":{"rendered":"http:\/\/www.powdermachines.com\/?post_type=product&#038;p=780"},"modified":"2024-11-28T18:39:42","modified_gmt":"2024-11-28T10:39:42","slug":"container-mixer","status":"publish","type":"product","link":"https:\/\/www.powdermachines.com\/pt\/product\/container-mixer\/","title":{"rendered":"Container Mixer"},"content":{"rendered":"<p>Container Mixer \u00e9 uma m\u00e1quina de mistura offline com contentores m\u00f3veis, usando para mistura de mat\u00e9rias-primas. O recipiente carregado com mat\u00e9rias-primas \u00e9 empurrado para a esta\u00e7\u00e3o de trabalho original, para ser levantado, conectado e bloqueado autom\u00e1ticamente \u00e0 cabe\u00e7a de mistura. A mat\u00e9ria-prima deve ser misturada de forma homog\u00eanea por agitador e esmagador de alta velocidade enquanto a cabe\u00e7a-mistura inclina 180 graus para a posi\u00e7\u00e3o de trabalho. O recipiente estar\u00e1 de volta \u00e0 posi\u00e7\u00e3o original e separado da cabe\u00e7a de mistura quando o processo de mistura terminar, o misturador de recipientes \u00e9 automaticamente controlado por PLC &amp; HMl. O misturador de recipientes \u00e9 equipamento flex\u00edvel para produ\u00e7\u00e3o com alta utiliza\u00e7\u00e3o. Misturando eficientemente e homogeneamente, f\u00e1cil de limpar.<\/p>","protected":false},"excerpt":{"rendered":"<table style=\"width: 97.4312%; height: 451px;\">\n<tbody>\n<tr>\n<td style=\"width: 7.69213%; text-align: center;\" width=\"68\">Modelo<\/td>\n<td style=\"width: 12.7334%; text-align: center;\" width=\"69\">Container Capacity(L)<\/td>\n<td style=\"width: 10.9103%; text-align: center;\" width=\"66\">Capacidade de Trabalho(L_;<\/td>\n<td style=\"width: 10.6372%; text-align: center;\" width=\"57\">Pot\u00eancia misturadora (KW)<\/td>\n<td style=\"width: 11.8018%; text-align: center;\" width=\"78\">Energia do helic\u00f3ptero (KW)<\/td>\n<td style=\"width: 9.16202%; text-align: center;\" width=\"75\">Lift Power (KW)<\/td>\n<td style=\"width: 9.23966%; text-align: center;\" width=\"74\">For\u00e7a de inclina\u00e7\u00e3o (KW)<\/td>\n<td style=\"width: 11.6759%; text-align: center;\" width=\"69\">Porto de descarga(mm)<\/td>\n<td style=\"width: 14.7546%; text-align: center;\" width=\"110\">Dimens\u00e3o L* W*H(mm)<\/td>\n<\/tr>\n<tr>\n<td style=\"width: 7.69213%; text-align: center;\" width=\"68\">CMR-150<\/td>\n<td style=\"width: 12.7334%; text-align: center;\" width=\"69\">150<\/td>\n<td style=\"width: 10.9103%; text-align: center;\" width=\"66\">120<\/td>\n<td style=\"width: 10.6372%; text-align: center;\" width=\"57\">7.5<\/td>\n<td style=\"width: 11.8018%; text-align: center;\" width=\"78\">3<\/td>\n<td style=\"width: 9.16202%; text-align: center;\" width=\"75\">2&#215;0.37<\/td>\n<td style=\"width: 9.23966%; text-align: center;\" width=\"74\">0.37<\/td>\n<td style=\"width: 11.6759%; text-align: center;\" width=\"69\">[UNK]150<\/td>\n<td style=\"width: 14.7546%; text-align: center;\" width=\"110\">2000x1800x2200<\/td>\n<\/tr>\n<tr>\n<td style=\"width: 7.69213%; text-align: center;\" width=\"68\">CMR-300<\/td>\n<td style=\"width: 12.7334%; text-align: center;\" width=\"69\">300<\/td>\n<td style=\"width: 10.9103%; text-align: center;\" width=\"66\">240<\/td>\n<td style=\"width: 10.6372%; text-align: center;\" width=\"57\">11<\/td>\n<td style=\"width: 11.8018%; text-align: center;\" width=\"78\">4<\/td>\n<td style=\"width: 9.16202%; text-align: center;\" width=\"75\">2&#215;0.55<\/td>\n<td style=\"width: 9.23966%; text-align: center;\" width=\"74\">0.75<\/td>\n<td style=\"width: 11.6759%; text-align: center;\" width=\"69\">[UNK]250<\/td>\n<td style=\"width: 14.7546%; text-align: center;\" width=\"110\">2500x1500x2400<\/td>\n<\/tr>\n<tr>\n<td style=\"width: 7.69213%; text-align: center;\" width=\"68\">CMR-450<\/td>\n<td style=\"width: 12.7334%; text-align: center;\" width=\"69\">450<\/td>\n<td style=\"width: 10.9103%; text-align: center;\" width=\"66\">360<\/td>\n<td style=\"width: 10.6372%; text-align: center;\" width=\"57\">15<\/td>\n<td style=\"width: 11.8018%; text-align: center;\" width=\"78\">4<\/td>\n<td style=\"width: 9.16202%; text-align: center;\" width=\"75\">2&#215;0.55<\/td>\n<td style=\"width: 9.23966%; text-align: center;\" width=\"74\">0.75<\/td>\n<td style=\"width: 11.6759%; text-align: center;\" width=\"69\">[UNK]250<\/td>\n<td style=\"width: 14.7546%; text-align: center;\" width=\"110\">2150x1600x2600<\/td>\n<\/tr>\n<tr>\n<td style=\"width: 7.69213%; text-align: center;\" width=\"68\">CMR-700<\/td>\n<td style=\"width: 12.7334%; text-align: center;\" width=\"69\">700<\/td>\n<td style=\"width: 10.9103%; text-align: center;\" width=\"66\">560<\/td>\n<td style=\"width: 10.6372%; text-align: center;\" width=\"57\">22<\/td>\n<td style=\"width: 11.8018%; text-align: center;\" width=\"78\">5.5<\/td>\n<td style=\"width: 9.16202%; text-align: center;\" width=\"75\">2&#215;0.75<\/td>\n<td style=\"width: 9.23966%; text-align: center;\" width=\"74\">1.5<\/td>\n<td style=\"width: 11.6759%; text-align: center;\" width=\"69\">[UNK]250<\/td>\n<td style=\"width: 14.7546%; text-align: center;\" width=\"110\">3100x1800x2900<\/td>\n<\/tr>\n<tr>\n<td style=\"width: 7.69213%; text-align: center;\" width=\"68\">CMR-1000<\/td>\n<td style=\"width: 12.7334%; text-align: center;\" width=\"69\">1000<\/td>\n<td style=\"width: 10.9103%; text-align: center;\" width=\"66\">800<\/td>\n<td style=\"width: 10.6372%; text-align: center;\" width=\"57\">30<\/td>\n<td style=\"width: 11.8018%; text-align: center;\" width=\"78\">7.5<\/td>\n<td style=\"width: 9.16202%; text-align: center;\" width=\"75\">2&#215;1.1<\/td>\n<td style=\"width: 9.23966%; text-align: center;\" width=\"74\">1.5<\/td>\n<td style=\"width: 11.6759%; text-align: center;\" width=\"69\">[UNK]250<\/td>\n<td style=\"width: 14.7546%; text-align: center;\" width=\"110\">3600x2100x3400<\/td>\n<\/tr>\n<tr>\n<td style=\"width: 7.69213%; text-align: center;\" width=\"68\">CMR- 2000<\/td>\n<td style=\"width: 12.7334%; text-align: center;\" width=\"69\">2000<\/td>\n<td style=\"width: 10.9103%; text-align: center;\" width=\"66\">1600<\/td>\n<td style=\"width: 10.6372%; text-align: center;\" width=\"57\">55<\/td>\n<td style=\"width: 11.8018%; text-align: center;\" width=\"78\">2&#215;7.5<\/td>\n<td style=\"width: 9.16202%; text-align: center;\" width=\"75\">2&#215;1.5<\/td>\n<td style=\"width: 9.23966%; text-align: center;\" width=\"74\">2.2<\/td>\n<td style=\"width: 11.6759%; text-align: center;\" width=\"69\">[UNK]300<\/td>\n<td style=\"width: 14.7546%; text-align: center;\" width=\"110\">4200x2700x3900<\/td>\n<\/tr>\n<\/tbody>\n<\/table>","protected":false},"featured_media":2366,"comment_status":"open","ping_status":"closed","template":"","meta":{"_acf_changed":false},"product_cat":[15],"product_tag":[],"class_list":["post-780","product","type-product","status-publish","has-post-thumbnail","hentry","product_cat-mixer"],"acf":[],"_links":{"self":[{"href":"https:\/\/www.powdermachines.com\/pt\/wp-json\/wp\/v2\/product\/780","targetHints":{"allow":["GET"]}}],"collection":[{"href":"https:\/\/www.powdermachines.com\/pt\/wp-json\/wp\/v2\/product"}],"about":[{"href":"https:\/\/www.powdermachines.com\/pt\/wp-json\/wp\/v2\/types\/product"}],"replies":[{"embeddable":true,"href":"https:\/\/www.powdermachines.com\/pt\/wp-json\/wp\/v2\/comments?post=780"}],"wp:featuredmedia":[{"embeddable":true,"href":"https:\/\/www.powdermachines.com\/pt\/wp-json\/wp\/v2\/media\/2366"}],"wp:attachment":[{"href":"https:\/\/www.powdermachines.com\/pt\/wp-json\/wp\/v2\/media?parent=780"}],"wp:term":[{"taxonomy":"product_cat","embeddable":true,"href":"https:\/\/www.powdermachines.com\/pt\/wp-json\/wp\/v2\/product_cat?post=780"},{"taxonomy":"product_tag","embeddable":true,"href":"https:\/\/www.powdermachines.com\/pt\/wp-json\/wp\/v2\/product_tag?post=780"}],"curies":[{"name":"wp","href":"https:\/\/api.w.org\/{rel}","templated":true}]}}