{"id":781,"date":"2024-10-15T17:33:24","date_gmt":"2024-10-15T09:33:24","guid":{"rendered":"http:\/\/www.powdermachines.com\/?post_type=product&#038;p=781"},"modified":"2024-11-29T11:06:17","modified_gmt":"2024-11-29T03:06:17","slug":"high-speed-mixer","status":"publish","type":"product","link":"https:\/\/www.powdermachines.com\/pt\/product\/high-speed-mixer\/","title":{"rendered":"Mixer de alta velocidade"},"content":{"rendered":"<p>O Mixer de Alta Velocidade \u00e9 aplicado principalmente na mistura de revestimento de p\u00f3 el\u00e9trico est\u00e1tico de p\u00f3 de poli\u00e9ster \u00e9poxi, sendo uma m\u00e1quina ideal para fornecer energia, agitar materiais de peda\u00e7o com baixa velocidade e mistura de alta velocidade, aplic\u00e1vel para ind\u00fastrias como revestimento de p\u00f3, farm\u00e1cia, alimentos, tintura e materiais de constru\u00e7\u00e3o, etc. Portanto, essa m\u00e1quina \u00e9 amplamente aplicada a produ\u00e7\u00e3o de revestimento est\u00e1tico de p\u00f3 el\u00e9trico. Ap\u00f3s os materiais misturados no Mixer de Alta Velocidade, iniciem o redutor de velocidade agitante, ent\u00e3o os materiais formam um anel de fluxo tridimensional de enxame de nevoeiro espacial sob o efeito da m\u00e1quina agitante. Para o anel de fluxo de eddy formado, os materiais podem alcan\u00e7ar o prop\u00f3sito da mistura de alta velocidade para melhorar a efici\u00eancia e uniformidade da mistura.<\/p>","protected":false},"excerpt":{"rendered":"<table style=\"width: 100.517%;\">\n<tbody>\n<tr>\n<td style=\"width: 11.7426%; text-align: center;\" width=\"106\">Modelo<\/td>\n<td style=\"width: 8.91976%; text-align: center;\" width=\"69\">Volume \\65288L<\/td>\n<td style=\"width: 13.0352%; text-align: center;\" width=\"70\">Capacidade KG\/TANK<\/td>\n<td style=\"width: 12.3647%; text-align: center;\" width=\"84\">Motor Mixing kW kW;<\/td>\n<td style=\"width: 13.1484%; text-align: center;\" width=\"82\">Crushing Motor kW kW;<\/td>\n<td style=\"width: 12.9503%; text-align: center;\" width=\"79\">Velocidade de Mistura RPM<\/td>\n<td style=\"width: 12.3008%; text-align: center;\" width=\"47\">Tempo de mistura (MIN)<\/td>\n<td style=\"width: 89.1061%; text-align: center;\" width=\"111\">Dimens\u00e3o global MM<\/td>\n<\/tr>\n<tr>\n<td style=\"width: 11.7426%; text-align: center;\" width=\"106\">HSM- 150<\/td>\n<td style=\"width: 8.91976%; text-align: center;\" width=\"69\">150<\/td>\n<td style=\"width: 13.0352%; text-align: center;\" width=\"70\">120<\/td>\n<td style=\"width: 12.3647%; text-align: center;\" width=\"84\">5.5<\/td>\n<td style=\"width: 13.1484%; text-align: center;\" width=\"82\">3<\/td>\n<td style=\"width: 12.9503%; text-align: center;\" width=\"79\">80<\/td>\n<td style=\"width: 12.3008%; text-align: center;\" width=\"47\">3-5<\/td>\n<td style=\"width: 89.1061%; text-align: center;\" width=\"111\">1350*1250*1600<\/td>\n<\/tr>\n<tr>\n<td style=\"width: 11.7426%; text-align: center;\" width=\"106\">HSM- 300<\/td>\n<td style=\"width: 8.91976%; text-align: center;\" width=\"69\">300<\/td>\n<td style=\"width: 13.0352%; text-align: center;\" width=\"70\">200<\/td>\n<td style=\"width: 12.3647%; text-align: center;\" width=\"84\">7.5<\/td>\n<td style=\"width: 13.1484%; text-align: center;\" width=\"82\">3<\/td>\n<td style=\"width: 12.9503%; text-align: center;\" width=\"79\">80<\/td>\n<td style=\"width: 12.3008%; text-align: center;\" width=\"47\">3-5<\/td>\n<td style=\"width: 89.1061%; text-align: center;\" width=\"111\">1350*1250*1650<\/td>\n<\/tr>\n<tr>\n<td style=\"width: 11.7426%; text-align: center;\" width=\"106\">HSM- 500<\/td>\n<td style=\"width: 8.91976%; text-align: center;\" width=\"69\">500<\/td>\n<td style=\"width: 13.0352%; text-align: center;\" width=\"70\">300<\/td>\n<td style=\"width: 12.3647%; text-align: center;\" width=\"84\">15<\/td>\n<td style=\"width: 13.1484%; text-align: center;\" width=\"82\">3<\/td>\n<td style=\"width: 12.9503%; text-align: center;\" width=\"79\">86<\/td>\n<td style=\"width: 12.3008%; text-align: center;\" width=\"47\">3-5<\/td>\n<td style=\"width: 89.1061%; text-align: center;\" width=\"111\">2350*1650*1550<\/td>\n<\/tr>\n<tr>\n<td style=\"width: 11.7426%; text-align: center;\" width=\"106\">HSM- 1000<\/td>\n<td style=\"width: 8.91976%; text-align: center;\" width=\"69\">1000<\/td>\n<td style=\"width: 13.0352%; text-align: center;\" width=\"70\">500<\/td>\n<td style=\"width: 12.3647%; text-align: center;\" width=\"84\">22<\/td>\n<td style=\"width: 13.1484%; text-align: center;\" width=\"82\">3*2<\/td>\n<td style=\"width: 12.9503%; text-align: center;\" width=\"79\">63<\/td>\n<td style=\"width: 12.3008%; text-align: center;\" width=\"47\">3-5<\/td>\n<td style=\"width: 89.1061%; text-align: center;\" width=\"111\">2600*2350*1850<\/td>\n<\/tr>\n<tr>\n<td style=\"width: 11.7426%; text-align: center;\" width=\"106\">HSM- 1600<\/td>\n<td style=\"width: 8.91976%; text-align: center;\" width=\"69\">1600<\/td>\n<td style=\"width: 13.0352%; text-align: center;\" width=\"70\">800<\/td>\n<td style=\"width: 12.3647%; text-align: center;\" width=\"84\">37<\/td>\n<td style=\"width: 13.1484%; text-align: center;\" width=\"82\">3*2<\/td>\n<td style=\"width: 12.9503%; text-align: center;\" width=\"79\">63<\/td>\n<td style=\"width: 12.3008%; text-align: center;\" width=\"47\">3-5<\/td>\n<td style=\"width: 89.1061%; text-align: center;\" width=\"111\">2750*2550*2000<\/td>\n<\/tr>\n<\/tbody>\n<\/table>\n<p>&nbsp;<\/p>","protected":false},"featured_media":2370,"comment_status":"open","ping_status":"closed","template":"","meta":{"_acf_changed":false},"product_cat":[15],"product_tag":[],"class_list":["post-781","product","type-product","status-publish","has-post-thumbnail","hentry","product_cat-mixer"],"acf":[],"_links":{"self":[{"href":"https:\/\/www.powdermachines.com\/pt\/wp-json\/wp\/v2\/product\/781","targetHints":{"allow":["GET"]}}],"collection":[{"href":"https:\/\/www.powdermachines.com\/pt\/wp-json\/wp\/v2\/product"}],"about":[{"href":"https:\/\/www.powdermachines.com\/pt\/wp-json\/wp\/v2\/types\/product"}],"replies":[{"embeddable":true,"href":"https:\/\/www.powdermachines.com\/pt\/wp-json\/wp\/v2\/comments?post=781"}],"wp:featuredmedia":[{"embeddable":true,"href":"https:\/\/www.powdermachines.com\/pt\/wp-json\/wp\/v2\/media\/2370"}],"wp:attachment":[{"href":"https:\/\/www.powdermachines.com\/pt\/wp-json\/wp\/v2\/media?parent=781"}],"wp:term":[{"taxonomy":"product_cat","embeddable":true,"href":"https:\/\/www.powdermachines.com\/pt\/wp-json\/wp\/v2\/product_cat?post=781"},{"taxonomy":"product_tag","embeddable":true,"href":"https:\/\/www.powdermachines.com\/pt\/wp-json\/wp\/v2\/product_tag?post=781"}],"curies":[{"name":"wp","href":"https:\/\/api.w.org\/{rel}","templated":true}]}}