{"id":784,"date":"2024-10-15T17:32:50","date_gmt":"2024-10-15T09:32:50","guid":{"rendered":"http:\/\/www.powdermachines.com\/?post_type=product&#038;p=784"},"modified":"2024-11-28T18:40:21","modified_gmt":"2024-11-28T10:40:21","slug":"stainless-steel-cooling-belt","status":"publish","type":"product","link":"https:\/\/www.powdermachines.com\/pt\/product\/stainless-steel-cooling-belt\/","title":{"rendered":"Cintura de refrigera\u00e7\u00e3o de a\u00e7o inoxid\u00e1vel"},"content":{"rendered":"<p>A cinta de refrigera\u00e7\u00e3o de a\u00e7o inoxid\u00e1vel \u00e9 composta por rolos de refrigera\u00e7\u00e3o, transportador de a\u00e7o inoxid\u00e1vel, sistema de pulveriza\u00e7\u00e3o de crusher e \u00e1gua refrigerante que \u00e9 usado para refrigerar a banda de a\u00e7o inoxid\u00e1vel. O material termo-derretente do extruder \u00e9 rolado para uma folha de 1-2 mm por rolos de refrigera\u00e7\u00e3o, sendo refrigerado no transporter de a\u00e7o inoxid\u00e1vel para temperatura ambiente, ent\u00e3o esmagado em chips e descarregado.<\/p>","protected":false},"excerpt":{"rendered":"<table style=\"width: 100.337%;\">\n<tbody>\n<tr>\n<td style=\"width: 7.59346%; text-align: center;\" width=\"61\">Modelo<\/td>\n<td style=\"width: 11.6822%; text-align: center;\" width=\"61\">Produ\u00e7\u00e3o (kg\/h)<\/td>\n<td style=\"width: 14.0779%; text-align: center;\" width=\"85\">Di\u00e2metro do rolo (mm)<\/td>\n<td style=\"width: 10.4601%; text-align: center;\" width=\"46\">Longitude da cintura (mm)<\/td>\n<td style=\"width: 9.85545%; text-align: center;\" width=\"76\">Largura da cintura (mm)<\/td>\n<td style=\"width: 10.5796%; text-align: center;\" width=\"64\">Drive Power(kw)<\/td>\n<td style=\"width: 10.4395%; text-align: center;\" width=\"72\">Pot\u00eancia do rolador(kw\uff09<\/td>\n<td style=\"width: 11.8748%; text-align: center;\" width=\"91\">Crusher Power kw)<\/td>\n<td style=\"width: 64.3803%; text-align: center;\" width=\"93\">Dimens\u00e3o L*W*H(mm)<\/td>\n<\/tr>\n<tr>\n<td style=\"width: 7.59346%; text-align: center;\" width=\"61\">CCB-400<\/td>\n<td style=\"width: 11.6822%; text-align: center;\" width=\"61\">400<\/td>\n<td style=\"width: 14.0779%; text-align: center;\" width=\"85\">420<\/td>\n<td style=\"width: 10.4601%; text-align: center;\" width=\"46\">4000<\/td>\n<td style=\"width: 9.85545%; text-align: center;\" width=\"76\">800<\/td>\n<td style=\"width: 10.5796%; text-align: center;\" width=\"64\">0.75<\/td>\n<td style=\"width: 10.4395%; text-align: center;\" width=\"72\">1.5<\/td>\n<td style=\"width: 11.8748%; text-align: center;\" width=\"91\">1.1<\/td>\n<td style=\"width: 64.3803%; text-align: center;\" width=\"93\">6400x1300x1800<\/td>\n<\/tr>\n<tr>\n<td style=\"width: 7.59346%; text-align: center;\" width=\"61\">CCB-600<\/td>\n<td style=\"width: 11.6822%; text-align: center;\" width=\"61\">600<\/td>\n<td style=\"width: 14.0779%; text-align: center;\" width=\"85\">420<\/td>\n<td style=\"width: 10.4601%; text-align: center;\" width=\"46\">6000<\/td>\n<td style=\"width: 9.85545%; text-align: center;\" width=\"76\">1000<\/td>\n<td style=\"width: 10.5796%; text-align: center;\" width=\"64\">0.75<\/td>\n<td style=\"width: 10.4395%; text-align: center;\" width=\"72\">1.5<\/td>\n<td style=\"width: 11.8748%; text-align: center;\" width=\"91\">1.1<\/td>\n<td style=\"width: 64.3803%; text-align: center;\" width=\"93\">7200x1700x2350<\/td>\n<\/tr>\n<tr>\n<td style=\"width: 7.59346%; text-align: center;\" width=\"61\">CCB-1000<\/td>\n<td style=\"width: 11.6822%; text-align: center;\" width=\"61\">1000<\/td>\n<td style=\"width: 14.0779%; text-align: center;\" width=\"85\">450<\/td>\n<td style=\"width: 10.4601%; text-align: center;\" width=\"46\">8000<\/td>\n<td style=\"width: 9.85545%; text-align: center;\" width=\"76\">1200<\/td>\n<td style=\"width: 10.5796%; text-align: center;\" width=\"64\">1.5<\/td>\n<td style=\"width: 10.4395%; text-align: center;\" width=\"72\">1.5<\/td>\n<td style=\"width: 11.8748%; text-align: center;\" width=\"91\">1.1<\/td>\n<td style=\"width: 64.3803%; text-align: center;\" width=\"93\">8400x2000x2510<\/td>\n<\/tr>\n<tr>\n<td style=\"width: 7.59346%; text-align: center;\" width=\"61\">CCB-1500<\/td>\n<td style=\"width: 11.6822%; text-align: center;\" width=\"61\">1500<\/td>\n<td style=\"width: 14.0779%; text-align: center;\" width=\"85\">450<\/td>\n<td style=\"width: 10.4601%; text-align: center;\" width=\"46\">9000<\/td>\n<td style=\"width: 9.85545%; text-align: center;\" width=\"76\">15000<\/td>\n<td style=\"width: 10.5796%; text-align: center;\" width=\"64\">1.5<\/td>\n<td style=\"width: 10.4395%; text-align: center;\" width=\"72\">1.5<\/td>\n<td style=\"width: 11.8748%; text-align: center;\" width=\"91\">1.1<\/td>\n<td style=\"width: 64.3803%; text-align: center;\" width=\"93\">8400x2000x2200<\/td>\n<\/tr>\n<tr>\n<td style=\"width: 7.59346%; text-align: center;\" width=\"61\">CCB-2000<\/td>\n<td style=\"width: 11.6822%; text-align: center;\" width=\"61\">2000<\/td>\n<td style=\"width: 14.0779%; text-align: center;\" width=\"85\">450<\/td>\n<td style=\"width: 10.4601%; text-align: center;\" width=\"46\">11000<\/td>\n<td style=\"width: 9.85545%; text-align: center;\" width=\"76\">15000<\/td>\n<td style=\"width: 10.5796%; text-align: center;\" width=\"64\">1.5<\/td>\n<td style=\"width: 10.4395%; text-align: center;\" width=\"72\">1.5<\/td>\n<td style=\"width: 11.8748%; text-align: center;\" width=\"91\">1.1<\/td>\n<td style=\"width: 64.3803%; text-align: center;\" width=\"93\">12200x2440x2520<\/td>\n<\/tr>\n<\/tbody>\n<\/table>","protected":false},"featured_media":2377,"comment_status":"open","ping_status":"closed","template":"","meta":{"_acf_changed":false},"product_cat":[26],"product_tag":[],"class_list":["post-784","product","type-product","status-publish","has-post-thumbnail","hentry","product_cat-cooling-conveyor"],"acf":[],"_links":{"self":[{"href":"https:\/\/www.powdermachines.com\/pt\/wp-json\/wp\/v2\/product\/784","targetHints":{"allow":["GET"]}}],"collection":[{"href":"https:\/\/www.powdermachines.com\/pt\/wp-json\/wp\/v2\/product"}],"about":[{"href":"https:\/\/www.powdermachines.com\/pt\/wp-json\/wp\/v2\/types\/product"}],"replies":[{"embeddable":true,"href":"https:\/\/www.powdermachines.com\/pt\/wp-json\/wp\/v2\/comments?post=784"}],"wp:featuredmedia":[{"embeddable":true,"href":"https:\/\/www.powdermachines.com\/pt\/wp-json\/wp\/v2\/media\/2377"}],"wp:attachment":[{"href":"https:\/\/www.powdermachines.com\/pt\/wp-json\/wp\/v2\/media?parent=784"}],"wp:term":[{"taxonomy":"product_cat","embeddable":true,"href":"https:\/\/www.powdermachines.com\/pt\/wp-json\/wp\/v2\/product_cat?post=784"},{"taxonomy":"product_tag","embeddable":true,"href":"https:\/\/www.powdermachines.com\/pt\/wp-json\/wp\/v2\/product_tag?post=784"}],"curies":[{"name":"wp","href":"https:\/\/api.w.org\/{rel}","templated":true}]}}