{"id":788,"date":"2024-10-15T17:31:42","date_gmt":"2024-10-15T09:31:42","guid":{"rendered":"http:\/\/www.powdermachines.com\/?post_type=product&#038;p=788"},"modified":"2024-11-29T18:46:22","modified_gmt":"2024-11-29T10:46:22","slug":"automatic-weighing-packing-equipment","status":"publish","type":"product","link":"https:\/\/www.powdermachines.com\/pt\/product\/automatic-weighing-packing-equipment\/","title":{"rendered":"Peso Autom\u00e1tico &#038; Equipamento de embalagem"},"content":{"rendered":"<p>Peso Autom\u00e1tico - Equipamento de embalagem est\u00e1 funcionando com o transporte de caixa vazia para a posi\u00e7\u00e3o de trabalho, embalagem de p\u00f3 e peso. A caixa com revestimento de p\u00f3 vai desactivar ap\u00f3s o peso l\u00edquido alcan\u00e7ar o valor pr\u00e9-definido.<\/p>","protected":false},"excerpt":{"rendered":"<table style=\"width: 97.8839%;\">\n<tbody>\n<tr>\n<td style=\"width: 11.5447%; text-align: center;\" width=\"67\">Modelo<\/td>\n<td style=\"width: 15.044%; text-align: center;\" width=\"108\">Pot\u00eancia de transfer\u00eancia (kW)<\/td>\n<td style=\"width: 18.9869%; text-align: center;\" width=\"97\">Longitude m\u00e1xima do cart\u00e3o (mm)<\/td>\n<td style=\"width: 19.2794%; text-align: center;\" width=\"79\">Altura m\u00e1xima do cart\u00e3o (mm)<\/td>\n<td style=\"width: 19.5689%; text-align: center;\" width=\"93\">Peso l\u00edquido do Cart\u00e3o de Unidade(Kg_;<\/td>\n<td style=\"width: 105.598%; text-align: center;\" width=\"100\">Medi\u00e7\u00e3o (mm)<\/td>\n<\/tr>\n<tr>\n<td style=\"width: 11.5447%; text-align: center;\" width=\"67\">AWP-30<\/td>\n<td style=\"width: 15.044%; text-align: center;\" width=\"108\">0.37<\/td>\n<td style=\"width: 18.9869%; text-align: center;\" width=\"97\">400<\/td>\n<td style=\"width: 19.2794%; text-align: center;\" width=\"79\">500<\/td>\n<td style=\"width: 19.5689%; text-align: center;\" width=\"93\">10~30<\/td>\n<td style=\"width: 105.598%; text-align: center;\" width=\"100\">2730x1470x1760<\/td>\n<\/tr>\n<\/tbody>\n<\/table>","protected":false},"featured_media":2387,"comment_status":"open","ping_status":"closed","template":"","meta":{"_acf_changed":false},"product_cat":[63],"product_tag":[],"class_list":["post-788","product","type-product","status-publish","has-post-thumbnail","hentry","product_cat-auxiliary-equipment"],"acf":[],"_links":{"self":[{"href":"https:\/\/www.powdermachines.com\/pt\/wp-json\/wp\/v2\/product\/788","targetHints":{"allow":["GET"]}}],"collection":[{"href":"https:\/\/www.powdermachines.com\/pt\/wp-json\/wp\/v2\/product"}],"about":[{"href":"https:\/\/www.powdermachines.com\/pt\/wp-json\/wp\/v2\/types\/product"}],"replies":[{"embeddable":true,"href":"https:\/\/www.powdermachines.com\/pt\/wp-json\/wp\/v2\/comments?post=788"}],"wp:featuredmedia":[{"embeddable":true,"href":"https:\/\/www.powdermachines.com\/pt\/wp-json\/wp\/v2\/media\/2387"}],"wp:attachment":[{"href":"https:\/\/www.powdermachines.com\/pt\/wp-json\/wp\/v2\/media?parent=788"}],"wp:term":[{"taxonomy":"product_cat","embeddable":true,"href":"https:\/\/www.powdermachines.com\/pt\/wp-json\/wp\/v2\/product_cat?post=788"},{"taxonomy":"product_tag","embeddable":true,"href":"https:\/\/www.powdermachines.com\/pt\/wp-json\/wp\/v2\/product_tag?post=788"}],"curies":[{"name":"wp","href":"https:\/\/api.w.org\/{rel}","templated":true}]}}