{"id":2380,"date":"2024-11-21T17:59:32","date_gmt":"2024-11-21T09:59:32","guid":{"rendered":"https:\/\/www.powdermachines.com\/?post_type=product&#038;p=2380"},"modified":"2024-11-29T18:47:11","modified_gmt":"2024-11-29T10:47:11","slug":"lab-scale-container-mixer","status":"publish","type":"product","link":"https:\/\/www.powdermachines.com\/tr\/product\/lab-scale-container-mixer\/","title":{"rendered":"Laboratuvar \u00d6l\u00e7ekli Konteyner Kar\u0131\u015ft\u0131r\u0131c\u0131"},"content":{"rendered":"<p>Konteyner Kar\u0131\u015ft\u0131r\u0131c\u0131, hammaddeleri kar\u0131\u015ft\u0131rmak i\u00e7in kullan\u0131lan hareketli konteynerlerle \u00e7evrimd\u0131\u015f\u0131 bir kar\u0131\u015ft\u0131rma makinesidir. Hammaddelerle y\u00fcklenen konteyner orijinal \u00e7al\u0131\u015fma istasyonuna it\u0131l\u0131r, kar\u0131\u015ft\u0131rma kafas\u0131na otomatik olarak kald\u0131r\u0131l\u0131r, ba\u011flan\u0131r ve kilitlenir. Hammadde kar\u0131\u015ft\u0131rma ve y\u00fcksek h\u0131zl\u0131 k\u0131r\u0131c\u0131 ile homojen kar\u0131\u015ft\u0131r\u0131lmal\u0131d\u0131r, kar\u0131\u015ft\u0131rma kafas\u0131 ise \u00e7al\u0131\u015fma pozisyonuna 180 derece e\u011filir. Konteyner orijinal konuma geri d\u00f6necek ve kar\u0131\u015ft\u0131rma i\u015flemi bitti\u011finde kar\u0131\u015ft\u0131rma kafas\u0131ndan ayr\u0131 olacakt\u0131r. Konteyner kar\u0131\u015ft\u0131r\u0131c\u0131 otomatik olarak PLC ve HMl. CMR serisinin konteyner kar\u0131\u015ft\u0131r\u0131c\u0131s\u0131, y\u00fcksek kullan\u0131m, verimli ve homojen kar\u0131\u015ft\u0131rma, temizlenmesi kolay \u00fcretim i\u00e7in esnek ekipmand\u0131r.<\/p>","protected":false},"excerpt":{"rendered":"<table style=\"width: 100.419%;\">\n<tbody>\n<tr>\n<td style=\"width: 10.8434%; text-align: center;\" width=\"68\">Model<\/td>\n<td style=\"width: 13.1024%; text-align: center;\" width=\"69\">Konteyner Kapasitesi (L)<\/td>\n<td style=\"width: 14.6084%; text-align: center;\" width=\"66\">\u00c7al\u0131\u015fma Kapasitesi (L)<\/td>\n<td style=\"width: 14.6084%; text-align: center;\" width=\"57\">Kar\u0131\u015ft\u0131r\u0131c\u0131 Tozu (KW)<\/td>\n<td style=\"width: 13.1024%; text-align: center;\" width=\"78\">Chopper G\u00fcc\u00fc (KW)<\/td>\n<td style=\"width: 13.1024%; text-align: center;\" width=\"74\">E\u011fim G\u00fcc\u00fc (KW)<\/td>\n<td style=\"width: 110.573%; text-align: center;\" width=\"110\">Boyut L * W * H (mm)<\/td>\n<\/tr>\n<tr>\n<td style=\"width: 10.8434%; text-align: center;\" width=\"68\">CMR-10'un<\/td>\n<td style=\"width: 13.1024%; text-align: center;\" width=\"69\">10<\/td>\n<td style=\"width: 14.6084%; text-align: center;\" width=\"66\">8<\/td>\n<td style=\"width: 14.6084%; text-align: center;\" width=\"57\">0.75<\/td>\n<td style=\"width: 13.1024%; text-align: center;\" width=\"78\"><\/td>\n<td style=\"width: 13.1024%; text-align: center;\" width=\"74\">0.18<\/td>\n<td style=\"width: 110.573%; text-align: center;\" width=\"110\">720x700x1230 say\u0131s\u0131<\/td>\n<\/tr>\n<tr>\n<td style=\"width: 10.8434%; text-align: center;\" width=\"68\">CMR-30'un<\/td>\n<td style=\"width: 13.1024%; text-align: center;\" width=\"69\">30<\/td>\n<td style=\"width: 14.6084%; text-align: center;\" width=\"66\">24<\/td>\n<td style=\"width: 14.6084%; text-align: center;\" width=\"57\">1.5<\/td>\n<td style=\"width: 13.1024%; text-align: center;\" width=\"78\">1.1<\/td>\n<td style=\"width: 13.1024%; text-align: center;\" width=\"74\">0.37<\/td>\n<td style=\"width: 110.573%; text-align: center;\" width=\"110\">1200x820x1570<\/td>\n<\/tr>\n<tr>\n<td style=\"width: 10.8434%; text-align: center;\" width=\"68\">CMR-50'nin<\/td>\n<td style=\"width: 13.1024%; text-align: center;\" width=\"69\">50<\/td>\n<td style=\"width: 14.6084%; text-align: center;\" width=\"66\">40<\/td>\n<td style=\"width: 14.6084%; text-align: center;\" width=\"57\">4<\/td>\n<td style=\"width: 13.1024%; text-align: center;\" width=\"78\">1.1<\/td>\n<td style=\"width: 13.1024%; text-align: center;\" width=\"74\">0.55<\/td>\n<td style=\"width: 110.573%; text-align: center;\" width=\"110\">1300x880x1850 say\u0131s\u0131<\/td>\n<\/tr>\n<\/tbody>\n<\/table>","protected":false},"featured_media":2395,"comment_status":"open","ping_status":"closed","template":"","meta":{"_acf_changed":false},"product_cat":[57],"product_tag":[],"class_list":["post-2380","product","type-product","status-publish","has-post-thumbnail","hentry","product_cat-laboratory-equipment"],"acf":[],"_links":{"self":[{"href":"https:\/\/www.powdermachines.com\/tr\/wp-json\/wp\/v2\/product\/2380","targetHints":{"allow":["GET"]}}],"collection":[{"href":"https:\/\/www.powdermachines.com\/tr\/wp-json\/wp\/v2\/product"}],"about":[{"href":"https:\/\/www.powdermachines.com\/tr\/wp-json\/wp\/v2\/types\/product"}],"replies":[{"embeddable":true,"href":"https:\/\/www.powdermachines.com\/tr\/wp-json\/wp\/v2\/comments?post=2380"}],"wp:featuredmedia":[{"embeddable":true,"href":"https:\/\/www.powdermachines.com\/tr\/wp-json\/wp\/v2\/media\/2395"}],"wp:attachment":[{"href":"https:\/\/www.powdermachines.com\/tr\/wp-json\/wp\/v2\/media?parent=2380"}],"wp:term":[{"taxonomy":"product_cat","embeddable":true,"href":"https:\/\/www.powdermachines.com\/tr\/wp-json\/wp\/v2\/product_cat?post=2380"},{"taxonomy":"product_tag","embeddable":true,"href":"https:\/\/www.powdermachines.com\/tr\/wp-json\/wp\/v2\/product_tag?post=2380"}],"curies":[{"name":"wp","href":"https:\/\/api.w.org\/{rel}","templated":true}]}}