{"id":2402,"date":"2024-11-21T18:09:42","date_gmt":"2024-11-21T10:09:42","guid":{"rendered":"https:\/\/www.powdermachines.com\/?post_type=product&#038;p=2402"},"modified":"2024-11-29T14:31:05","modified_gmt":"2024-11-29T06:31:05","slug":"laboratory-mill","status":"publish","type":"product","link":"https:\/\/www.powdermachines.com\/tr\/product\/laboratory-mill\/","title":{"rendered":"Laboratuvar De\u011firmeni"},"content":{"rendered":"<p>Par\u00e7ac\u0131k boyutu da\u011f\u0131l\u0131m\u0131 konsantre, istikrarl\u0131 ve ayarlanabilir<\/p>\n<p>Y\u00fcksek kurtarma oran\u0131 (&gt;% 98)<\/p>\n<p>Kapsaml\u0131 g\u00fcvenlik koruma sistemi<\/p>\n<p>MPM'nin \u00fcretim fabrikalar\u0131n\u0131n \u00e7al\u0131\u015fma parametrelerini do\u011fru bir \u015fekilde sim\u00fcle eder<\/p>\n<p>D\u00fc\u015f\u00fck bak\u0131m<\/p>\n<p>D\u00fc\u015f\u00fck g\u00fcr\u00fclt\u00fc ve titre\u015fim<\/p>","protected":false},"excerpt":{"rendered":"<table class=\"alignleft\" style=\"border-collapse: collapse; width: 103.324%; height: 70px;\" border=\"0\" width=\"648\" cellspacing=\"0\" cellpadding=\"0\">\n<tbody>\n<tr style=\"height: 42.75pt;\">\n<td class=\"et2\" style=\"height: 42px; width: 5.73652%; text-align: center;\" width=\"72\" height=\"57\">Model<\/td>\n<td class=\"et2\" style=\"width: 11.0755%; text-align: center; height: 42px;\" width=\"72\">Kapasite Maksimum (kg)<\/td>\n<td class=\"et2\" style=\"width: 11.0395%; text-align: center; height: 42px;\" width=\"72\">De\u011firmen motoru (kW)<\/td>\n<td class=\"et2\" style=\"width: 10.4852%; text-align: center; height: 42px;\" width=\"72\">De\u011firmen h\u0131z\u0131 (rpm)<\/td>\n<td class=\"et2\" style=\"width: 12.3936%; text-align: center; height: 42px;\" width=\"72\">S\u0131n\u0131fland\u0131r\u0131c\u0131 motoru (kW)<\/td>\n<td class=\"et2\" style=\"width: 11.9453%; text-align: center; height: 42px;\" width=\"72\">S\u0131n\u0131fland\u0131r\u0131c\u0131 h\u0131z\u0131 (rpm)<\/td>\n<td class=\"et2\" style=\"width: 8.68525%; text-align: center; height: 42px;\" width=\"72\">Fan motoru (kW)<\/td>\n<td class=\"et2\" style=\"width: 9.39666%; text-align: center; height: 42px;\" width=\"72\">Hava al\u0131m\u0131 m\u00b3\/h<\/td>\n<td class=\"et2\" style=\"width: 51.5152%; text-align: center; height: 42px;\" width=\"72\">Boyut mm<\/td>\n<\/tr>\n<tr style=\"height: 28.50pt;\">\n<td class=\"et2\" style=\"height: 28px; width: 5.73652%; text-align: center;\" width=\"72\" height=\"38\">ACM-02'nin<\/td>\n<td class=\"et2\" style=\"width: 11.0755%; text-align: center; height: 28px;\" width=\"72\">20<\/td>\n<td class=\"et2\" style=\"width: 11.0395%; text-align: center; height: 28px;\" width=\"72\">2.5<\/td>\n<td class=\"et2\" style=\"width: 10.4852%; text-align: center; height: 28px;\" width=\"72\">11900<\/td>\n<td class=\"et2\" style=\"width: 12.3936%; text-align: center; height: 28px;\" width=\"72\">0.55<\/td>\n<td class=\"et2\" style=\"width: 11.9453%; text-align: center; height: 28px;\" width=\"72\">3000<\/td>\n<td class=\"et2\" style=\"width: 8.68525%; text-align: center; height: 28px;\" width=\"72\">3<\/td>\n<td class=\"et2\" style=\"width: 9.39666%; text-align: center; height: 28px;\" width=\"72\">420<\/td>\n<td class=\"et2\" style=\"width: 51.5152%; text-align: center; height: 28px;\" width=\"72\">2000*1900*2500<\/td>\n<\/tr>\n<\/tbody>\n<\/table>\n<p style=\"text-align: center;\">","protected":false},"featured_media":2756,"comment_status":"open","ping_status":"closed","template":"","meta":{"_acf_changed":false},"product_cat":[57],"product_tag":[],"class_list":["post-2402","product","type-product","status-publish","has-post-thumbnail","hentry","product_cat-laboratory-equipment"],"acf":[],"_links":{"self":[{"href":"https:\/\/www.powdermachines.com\/tr\/wp-json\/wp\/v2\/product\/2402","targetHints":{"allow":["GET"]}}],"collection":[{"href":"https:\/\/www.powdermachines.com\/tr\/wp-json\/wp\/v2\/product"}],"about":[{"href":"https:\/\/www.powdermachines.com\/tr\/wp-json\/wp\/v2\/types\/product"}],"replies":[{"embeddable":true,"href":"https:\/\/www.powdermachines.com\/tr\/wp-json\/wp\/v2\/comments?post=2402"}],"wp:featuredmedia":[{"embeddable":true,"href":"https:\/\/www.powdermachines.com\/tr\/wp-json\/wp\/v2\/media\/2756"}],"wp:attachment":[{"href":"https:\/\/www.powdermachines.com\/tr\/wp-json\/wp\/v2\/media?parent=2402"}],"wp:term":[{"taxonomy":"product_cat","embeddable":true,"href":"https:\/\/www.powdermachines.com\/tr\/wp-json\/wp\/v2\/product_cat?post=2402"},{"taxonomy":"product_tag","embeddable":true,"href":"https:\/\/www.powdermachines.com\/tr\/wp-json\/wp\/v2\/product_tag?post=2402"}],"curies":[{"name":"wp","href":"https:\/\/api.w.org\/{rel}","templated":true}]}}