{"id":2404,"date":"2024-11-21T18:14:57","date_gmt":"2024-11-21T10:14:57","guid":{"rendered":"https:\/\/www.powdermachines.com\/?post_type=product&#038;p=2404"},"modified":"2024-11-29T18:48:01","modified_gmt":"2024-11-29T10:48:01","slug":"lab-bonding","status":"publish","type":"product","link":"https:\/\/www.powdermachines.com\/tr\/product\/lab-bonding\/","title":{"rendered":"Laboratuvar Ba\u011flant\u0131s\u0131"},"content":{"rendered":"<p>Metalik Ba\u011flama Kar\u0131\u015ft\u0131r\u0131c\u0131s\u0131, metalik boyay\u0131 metalik parlakl\u0131kla toz kaplama par\u00e7ac\u0131klar\u0131n\u0131n y\u00fczeyine ba\u011flamak i\u00e7in \u00e7al\u0131\u015f\u0131r. MB serisinin toz kaplamalar\u0131 i\u00e7in metalik ba\u011flama ekipmanlar\u0131n\u0131 INTEL ile ba\u015far\u0131yla ara\u015ft\u0131rmak ve geli\u015ftirmek. MPMtek taraf\u0131ndan Yasal M\u00fclkiyet Haklar\u0131 a\u015fa\u011f\u0131daki ara\u015ft\u0131rma \u00e7al\u0131\u015fmalar\u0131na dayan\u0131r: M\u00fc\u015fterilerin ihtiya\u00e7lar\u0131. Toz kaplamalar\u0131n\u0131n cam ge\u00e7i\u015f s\u0131cakl\u0131\u011f\u0131ndaki farkl\u0131l\u0131klar. Toz k\u00f6m\u00fcr\u00fcn\u00fc s\u00fcrt\u00fcnme \u0131s\u0131tma s\u00fcrecinde ba\u011flama s\u0131cakl\u0131\u011f\u0131na kadar mekanik dinamikler \u00fczerinde ara\u015ft\u0131rma ve test. T\u00fcm\u00fcyle Entegre Ak\u0131ll\u0131 Otomatik Kontrol Sisteminin \u0130mkans\u0131zl\u0131\u011f\u0131 Ara\u015ft\u0131rmas\u0131.<\/p>","protected":false},"excerpt":{"rendered":"<table style=\"width: 40.2188%; height: 192px;\">\n<tbody>\n<tr style=\"height: 24px;\">\n<td style=\"width: 54.9555%; text-align: center; height: 24px;\" width=\"165\">Model<\/td>\n<td style=\"width: 130.798%; text-align: center; height: 24px;\" width=\"111\">MB-08'nin<\/td>\n<\/tr>\n<tr style=\"height: 24px;\">\n<td style=\"width: 54.9555%; text-align: center; height: 24px;\" width=\"165\">Ba\u011flama konteyneri MB kapasitesi (L)<\/td>\n<td style=\"width: 130.798%; text-align: center; height: 24px;\" width=\"111\">8<\/td>\n<\/tr>\n<tr style=\"height: 24px;\">\n<td style=\"width: 54.9555%; text-align: center; height: 24px;\" width=\"165\">Tek \u00e7\u0131k\u0131\u015f (kg)<\/td>\n<td style=\"width: 130.798%; text-align: center; height: 24px;\" width=\"111\">3<\/td>\n<\/tr>\n<tr style=\"height: 24px;\">\n<td style=\"width: 54.9555%; text-align: center; height: 24px;\" width=\"165\">Geri d\u00f6n\u00fc\u015f\u00fcm su hacmi (m\u00b3 \/ h)<\/td>\n<td style=\"width: 130.798%; text-align: center; height: 24px;\" width=\"111\">2<\/td>\n<\/tr>\n<tr style=\"height: 24px;\">\n<td style=\"width: 54.9555%; text-align: center; height: 24px;\" width=\"165\">Azot t\u00fcketimi (L \/ dakika)<\/td>\n<td style=\"width: 130.798%; text-align: center; height: 24px;\" width=\"111\">50<\/td>\n<\/tr>\n<tr style=\"height: 24px;\">\n<td style=\"width: 54.9555%; text-align: center; height: 24px;\" width=\"165\">S\u0131k\u0131\u015ft\u0131r\u0131lm\u0131\u015f hava (L \/ dakika)<\/td>\n<td style=\"width: 130.798%; text-align: center; height: 24px;\" width=\"111\">30<\/td>\n<\/tr>\n<tr style=\"height: 24px;\">\n<td style=\"width: 54.9555%; text-align: center; height: 24px;\" width=\"165\">G\u00fc\u00e7 (KW)<\/td>\n<td style=\"width: 130.798%; text-align: center; height: 24px;\" width=\"111\">5.5<\/td>\n<\/tr>\n<tr style=\"height: 24px;\">\n<td style=\"width: 54.9555%; text-align: center; height: 24px;\" width=\"165\">Boyut (mm)<\/td>\n<td style=\"width: 130.798%; text-align: center; height: 24px;\" width=\"111\">1400*820*1580<\/td>\n<\/tr>\n<\/tbody>\n<\/table>","protected":false},"featured_media":2405,"comment_status":"open","ping_status":"closed","template":"","meta":{"_acf_changed":false},"product_cat":[57],"product_tag":[],"class_list":["post-2404","product","type-product","status-publish","has-post-thumbnail","hentry","product_cat-laboratory-equipment"],"acf":[],"_links":{"self":[{"href":"https:\/\/www.powdermachines.com\/tr\/wp-json\/wp\/v2\/product\/2404","targetHints":{"allow":["GET"]}}],"collection":[{"href":"https:\/\/www.powdermachines.com\/tr\/wp-json\/wp\/v2\/product"}],"about":[{"href":"https:\/\/www.powdermachines.com\/tr\/wp-json\/wp\/v2\/types\/product"}],"replies":[{"embeddable":true,"href":"https:\/\/www.powdermachines.com\/tr\/wp-json\/wp\/v2\/comments?post=2404"}],"wp:featuredmedia":[{"embeddable":true,"href":"https:\/\/www.powdermachines.com\/tr\/wp-json\/wp\/v2\/media\/2405"}],"wp:attachment":[{"href":"https:\/\/www.powdermachines.com\/tr\/wp-json\/wp\/v2\/media?parent=2404"}],"wp:term":[{"taxonomy":"product_cat","embeddable":true,"href":"https:\/\/www.powdermachines.com\/tr\/wp-json\/wp\/v2\/product_cat?post=2404"},{"taxonomy":"product_tag","embeddable":true,"href":"https:\/\/www.powdermachines.com\/tr\/wp-json\/wp\/v2\/product_tag?post=2404"}],"curies":[{"name":"wp","href":"https:\/\/api.w.org\/{rel}","templated":true}]}}