{"id":2406,"date":"2024-11-21T18:18:58","date_gmt":"2024-11-21T10:18:58","guid":{"rendered":"https:\/\/www.powdermachines.com\/?post_type=product&#038;p=2406"},"modified":"2024-11-29T14:17:43","modified_gmt":"2024-11-29T06:17:43","slug":"lab-powder-coating-spray-booth","status":"publish","type":"product","link":"https:\/\/www.powdermachines.com\/tr\/product\/lab-powder-coating-spray-booth\/","title":{"rendered":"Laboratuvar Toz Kaplama Sprey Stand\u0131"},"content":{"rendered":"<p>Laboratuvar Toz Kaplama Sprey Kabini, dolap, darbe toz vakumu ile filtre, fan, statik p\u00fcsk\u00fcrtme tabancas\u0131 ve f\u0131r\u0131ndan (se\u00e7enek) olu\u015fur.<\/p>\n<p>Ana \u00d6zellikler<\/p>\n<p>Dolap iyi kapal\u0131, toz s\u0131z\u0131nt\u0131s\u0131 yok<\/p>\n<p>D\u00fc\u015f\u00fclen toz kaplama paslanmaz \u00e7elik kovaya toplan\u0131r<\/p>\n<p>&nbsp;<\/p>\n<p>&nbsp;<\/p>","protected":false},"excerpt":{"rendered":"<p>Laboratuvar Toz Kaplama Sprey Kabini, dolap, darbe toz vakumu ile filtre, fan, statik p\u00fcsk\u00fcrtme tabancas\u0131 ve f\u0131r\u0131ndan (se\u00e7enek) olu\u015fur. Ana \u00d6zellikler Dolap iyi kapal\u0131, toz s\u0131z\u0131nt\u0131s\u0131 yok D\u00fc\u015fm\u00fc\u015f toz kaplama paslanmaz \u00e7elik kovaya toplan\u0131r &nbsp; &nbsp;<\/p>","protected":false},"featured_media":2408,"comment_status":"open","ping_status":"closed","template":"","meta":{"_acf_changed":false},"product_cat":[57],"product_tag":[],"class_list":["post-2406","product","type-product","status-publish","has-post-thumbnail","hentry","product_cat-laboratory-equipment"],"acf":[],"_links":{"self":[{"href":"https:\/\/www.powdermachines.com\/tr\/wp-json\/wp\/v2\/product\/2406","targetHints":{"allow":["GET"]}}],"collection":[{"href":"https:\/\/www.powdermachines.com\/tr\/wp-json\/wp\/v2\/product"}],"about":[{"href":"https:\/\/www.powdermachines.com\/tr\/wp-json\/wp\/v2\/types\/product"}],"replies":[{"embeddable":true,"href":"https:\/\/www.powdermachines.com\/tr\/wp-json\/wp\/v2\/comments?post=2406"}],"wp:featuredmedia":[{"embeddable":true,"href":"https:\/\/www.powdermachines.com\/tr\/wp-json\/wp\/v2\/media\/2408"}],"wp:attachment":[{"href":"https:\/\/www.powdermachines.com\/tr\/wp-json\/wp\/v2\/media?parent=2406"}],"wp:term":[{"taxonomy":"product_cat","embeddable":true,"href":"https:\/\/www.powdermachines.com\/tr\/wp-json\/wp\/v2\/product_cat?post=2406"},{"taxonomy":"product_tag","embeddable":true,"href":"https:\/\/www.powdermachines.com\/tr\/wp-json\/wp\/v2\/product_tag?post=2406"}],"curies":[{"name":"wp","href":"https:\/\/api.w.org\/{rel}","templated":true}]}}