{"id":2526,"date":"2024-11-27T11:14:28","date_gmt":"2024-11-27T03:14:28","guid":{"rendered":"https:\/\/www.powdermachines.com\/?post_type=product&#038;p=2526"},"modified":"2025-09-09T17:18:29","modified_gmt":"2025-09-09T09:18:29","slug":"acm-mill","status":"publish","type":"product","link":"https:\/\/www.powdermachines.com\/tr\/product\/acm-mill\/","title":{"rendered":"ACM De\u011firmeni"},"content":{"rendered":"<p>ACM Mikro Ta\u015flama Sistemi, y\u00fcksek h\u0131zl\u0131 hava s\u0131n\u0131fland\u0131rma de\u011firmeni, siklon, d\u00f6nen tarama (santrif\u00fcj tarama) \/ titreme tarama, s\u00fcper ince toz kolekt\u00f6r\u00fc ve fandan olu\u015fur. ACM a\u015fa\u011f\u0131daki i\u015flevlerle tasarlanm\u0131\u015ft\u0131r: Hammadde y\u00fcksek h\u0131zl\u0131 darbe, de\u011firmende par\u00e7ac\u0131k boyutu s\u0131n\u0131fland\u0131rma, siklon ay\u0131rma ve s\u00fcper ince toz toplama yoluyla ince tozlara \u00f6\u011f\u00fct\u00fcl\u00fcr. ACM sisteminin \u00e7al\u0131\u015fma parametrelerini d\u00fczenleyerek toz kaplamas\u0131n\u0131n m\u00fckemmel bir par\u00e7ac\u0131k boyutu da\u011f\u0131l\u0131m\u0131 elde edilebilir. ACM mikro \u00f6\u011f\u00fctme sistemi pigment, kalsiyum tozu, karbonat tozu, ila\u00e7lar ve g\u0131dalar\u0131 \u00f6\u011f\u00fctmek i\u00e7in de kullan\u0131labilir.<\/p>","protected":false},"excerpt":{"rendered":"<table style=\"border-collapse: collapse; width: 100.983%;\" border=\"0\" width=\"576\" cellspacing=\"0\" cellpadding=\"0\">\n<tbody>\n<tr style=\"height: 42.75pt;\">\n<td class=\"et2\" style=\"height: 42.75pt; width: 9.55484%; text-align: center;\" width=\"72\" height=\"57\">Model<\/td>\n<td class=\"et2\" style=\"width: 12.2944%; text-align: center;\" width=\"72\">Kapasite Maksimum (kg)<\/td>\n<td class=\"et2\" style=\"width: 13.97%; text-align: center;\" width=\"72\">De\u011firmen motoru (kW)<\/td>\n<td class=\"et2\" style=\"width: 11.6814%; text-align: center;\" width=\"72\">De\u011firmen h\u0131z\u0131 (rpm)<\/td>\n<td class=\"et2\" style=\"width: 14.516%; text-align: center;\" width=\"72\">S\u0131n\u0131fland\u0131r\u0131c\u0131 motoru (kW)<\/td>\n<td class=\"et2\" style=\"width: 13.4619%; text-align: center;\" width=\"72\">S\u0131n\u0131fland\u0131r\u0131c\u0131 h\u0131z\u0131 (rpm)<\/td>\n<td class=\"et2\" style=\"width: 11.628%; text-align: center;\" width=\"72\">Fan motoru (kW)<\/td>\n<td class=\"et2\" style=\"width: 61.7633%; text-align: center;\" width=\"72\">Hava al\u0131m\u0131 m\u00b3\/h<\/td>\n<\/tr>\n<tr style=\"height: 14.25pt;\">\n<td class=\"et2\" style=\"height: 14.25pt; width: 9.55484%; text-align: center;\" width=\"72\" height=\"19\">ACM-02'nin<\/td>\n<td class=\"et2\" style=\"width: 12.2944%; text-align: center;\" width=\"72\">20<\/td>\n<td class=\"et2\" style=\"width: 13.97%; text-align: center;\" width=\"72\">2.5<\/td>\n<td class=\"et2\" style=\"width: 11.6814%; text-align: center;\" width=\"72\">11900<\/td>\n<td class=\"et2\" style=\"width: 14.516%; text-align: center;\" width=\"72\">0.55<\/td>\n<td class=\"et2\" style=\"width: 13.4619%; text-align: center;\" width=\"72\">3000<\/td>\n<td class=\"et2\" style=\"width: 11.628%; text-align: center;\" width=\"72\">3<\/td>\n<td class=\"et2\" style=\"width: 61.7633%; text-align: center;\" width=\"72\">420<\/td>\n<\/tr>\n<tr style=\"height: 14.25pt;\">\n<td class=\"et2\" style=\"height: 14.25pt; width: 9.55484%; text-align: center;\" width=\"72\" height=\"19\">ACM-07'nin<\/td>\n<td class=\"et2\" style=\"width: 12.2944%; text-align: center;\" width=\"72\">100<\/td>\n<td class=\"et2\" style=\"width: 13.97%; text-align: center;\" width=\"72\">5.5<\/td>\n<td class=\"et2\" style=\"width: 11.6814%; text-align: center;\" width=\"72\">8600<\/td>\n<td class=\"et2\" style=\"width: 14.516%; text-align: center;\" width=\"72\">1.1<\/td>\n<td class=\"et2\" style=\"width: 13.4619%; text-align: center;\" width=\"72\">3000<\/td>\n<td class=\"et2\" style=\"width: 11.628%; text-align: center;\" width=\"72\">7.5<\/td>\n<td class=\"et2\" style=\"width: 61.7633%; text-align: center;\" width=\"72\">900<\/td>\n<\/tr>\n<tr style=\"height: 14.25pt;\">\n<td class=\"et2\" style=\"height: 14.25pt; width: 9.55484%; text-align: center;\" width=\"72\" height=\"19\">ACM - 10'un<\/td>\n<td class=\"et2\" style=\"width: 12.2944%; text-align: center;\" width=\"72\">200<\/td>\n<td class=\"et2\" style=\"width: 13.97%; text-align: center;\" width=\"72\">7.5<\/td>\n<td class=\"et2\" style=\"width: 11.6814%; text-align: center;\" width=\"72\">6600<\/td>\n<td class=\"et2\" style=\"width: 14.516%; text-align: center;\" width=\"72\">1.5<\/td>\n<td class=\"et2\" style=\"width: 13.4619%; text-align: center;\" width=\"72\">3000<\/td>\n<td class=\"et2\" style=\"width: 11.628%; text-align: center;\" width=\"72\">15<\/td>\n<td class=\"et2\" style=\"width: 61.7633%; text-align: center;\" width=\"72\">1900<\/td>\n<\/tr>\n<tr style=\"height: 14.25pt;\">\n<td class=\"et2\" style=\"height: 14.25pt; width: 9.55484%; text-align: center;\" width=\"72\" height=\"19\">ACM-15'in<\/td>\n<td class=\"et2\" style=\"width: 12.2944%; text-align: center;\" width=\"72\">300<\/td>\n<td class=\"et2\" style=\"width: 13.97%; text-align: center;\" width=\"72\">11<\/td>\n<td class=\"et2\" style=\"width: 11.6814%; text-align: center;\" width=\"72\">6600<\/td>\n<td class=\"et2\" style=\"width: 14.516%; text-align: center;\" width=\"72\">2.2<\/td>\n<td class=\"et2\" style=\"width: 13.4619%; text-align: center;\" width=\"72\">3000<\/td>\n<td class=\"et2\" style=\"width: 11.628%; text-align: center;\" width=\"72\">18.5<\/td>\n<td class=\"et2\" style=\"width: 61.7633%; text-align: center;\" width=\"72\">1350<\/td>\n<\/tr>\n<tr style=\"height: 14.25pt;\">\n<td class=\"et2\" style=\"height: 14.25pt; width: 9.55484%; text-align: center;\" width=\"72\" height=\"19\">ACM - 20'nin<\/td>\n<td class=\"et2\" style=\"width: 12.2944%; text-align: center;\" width=\"72\">400<\/td>\n<td class=\"et2\" style=\"width: 13.97%; text-align: center;\" width=\"72\">15<\/td>\n<td class=\"et2\" style=\"width: 11.6814%; text-align: center;\" width=\"72\">5390<\/td>\n<td class=\"et2\" style=\"width: 14.516%; text-align: center;\" width=\"72\">3<\/td>\n<td class=\"et2\" style=\"width: 13.4619%; text-align: center;\" width=\"72\">3000<\/td>\n<td class=\"et2\" style=\"width: 11.628%; text-align: center;\" width=\"72\">22<\/td>\n<td class=\"et2\" style=\"width: 61.7633%; text-align: center;\" width=\"72\">3130<\/td>\n<\/tr>\n<tr style=\"height: 14.25pt;\">\n<td class=\"et2\" style=\"height: 14.25pt; width: 9.55484%; text-align: center;\" width=\"72\" height=\"19\">ACM-25'in<\/td>\n<td class=\"et2\" style=\"width: 12.2944%; text-align: center;\" width=\"72\">500<\/td>\n<td class=\"et2\" style=\"width: 13.97%; text-align: center;\" width=\"72\">18.5<\/td>\n<td class=\"et2\" style=\"width: 11.6814%; text-align: center;\" width=\"72\">5390<\/td>\n<td class=\"et2\" style=\"width: 14.516%; text-align: center;\" width=\"72\">3<\/td>\n<td class=\"et2\" style=\"width: 13.4619%; text-align: center;\" width=\"72\">3000<\/td>\n<td class=\"et2\" style=\"width: 11.628%; text-align: center;\" width=\"72\">30<\/td>\n<td class=\"et2\" style=\"width: 61.7633%; text-align: center;\" width=\"72\">3750<\/td>\n<\/tr>\n<tr style=\"height: 14.25pt;\">\n<td class=\"et2\" style=\"height: 14.25pt; width: 9.55484%; text-align: center;\" width=\"72\" height=\"19\">ACM - 30<\/td>\n<td class=\"et2\" style=\"width: 12.2944%; text-align: center;\" width=\"72\">600<\/td>\n<td class=\"et2\" style=\"width: 13.97%; text-align: center;\" width=\"72\">22<\/td>\n<td class=\"et2\" style=\"width: 11.6814%; text-align: center;\" width=\"72\">4460<\/td>\n<td class=\"et2\" style=\"width: 14.516%; text-align: center;\" width=\"72\">4<\/td>\n<td class=\"et2\" style=\"width: 13.4619%; text-align: center;\" width=\"72\">1800<\/td>\n<td class=\"et2\" style=\"width: 11.628%; text-align: center;\" width=\"72\">37<\/td>\n<td class=\"et2\" style=\"width: 61.7633%; text-align: center;\" width=\"72\">4200<\/td>\n<\/tr>\n<tr style=\"height: 14.25pt;\">\n<td class=\"et2\" style=\"height: 14.25pt; width: 9.55484%; text-align: center;\" width=\"72\" height=\"19\">ACM - 40'\u0131n<\/td>\n<td class=\"et2\" style=\"width: 12.2944%; text-align: center;\" width=\"72\">800<\/td>\n<td class=\"et2\" style=\"width: 13.97%; text-align: center;\" width=\"72\">30<\/td>\n<td class=\"et2\" style=\"width: 11.6814%; text-align: center;\" width=\"72\">4460<\/td>\n<td class=\"et2\" style=\"width: 14.516%; text-align: center;\" width=\"72\">4<\/td>\n<td class=\"et2\" style=\"width: 13.4619%; text-align: center;\" width=\"72\">1800<\/td>\n<td class=\"et2\" style=\"width: 11.628%; text-align: center;\" width=\"72\">55<\/td>\n<td class=\"et2\" style=\"width: 61.7633%; text-align: center;\" width=\"72\">4800<\/td>\n<\/tr>\n<tr style=\"height: 14.25pt;\">\n<td class=\"et2\" style=\"height: 14.25pt; width: 9.55484%; text-align: center;\" width=\"72\" height=\"19\">ACM-50'nin<\/td>\n<td class=\"et2\" style=\"width: 12.2944%; text-align: center;\" width=\"72\">1000<\/td>\n<td class=\"et2\" style=\"width: 13.97%; text-align: center;\" width=\"72\">37<\/td>\n<td class=\"et2\" style=\"width: 11.6814%; text-align: center;\" width=\"72\">2950<\/td>\n<td class=\"et2\" style=\"width: 14.516%; text-align: center;\" width=\"72\">7.5<\/td>\n<td class=\"et2\" style=\"width: 13.4619%; text-align: center;\" width=\"72\">1800<\/td>\n<td class=\"et2\" style=\"width: 11.628%; text-align: center;\" width=\"72\">75<\/td>\n<td class=\"et2\" style=\"width: 61.7633%; text-align: center;\" width=\"72\">6610<\/td>\n<\/tr>\n<tr style=\"height: 14.25pt;\">\n<td class=\"et2\" style=\"height: 14.25pt; width: 9.55484%; text-align: center;\" width=\"72\" height=\"19\">ACM-60'\u0131n<\/td>\n<td class=\"et2\" style=\"width: 12.2944%; text-align: center;\" width=\"72\">1200<\/td>\n<td class=\"et2\" style=\"width: 13.97%; text-align: center;\" width=\"72\">45<\/td>\n<td class=\"et2\" style=\"width: 11.6814%; text-align: center;\" width=\"72\">2950<\/td>\n<td class=\"et2\" style=\"width: 14.516%; text-align: center;\" width=\"72\">7.5<\/td>\n<td class=\"et2\" style=\"width: 13.4619%; text-align: center;\" width=\"72\">1800<\/td>\n<td class=\"et2\" style=\"width: 11.628%; text-align: center;\" width=\"72\">75<\/td>\n<td class=\"et2\" style=\"width: 61.7633%; text-align: center;\" width=\"72\">6610<\/td>\n<\/tr>\n<tr style=\"height: 14.25pt;\">\n<td class=\"et2\" style=\"height: 14.25pt; width: 9.55484%; text-align: center;\" width=\"72\" height=\"19\">ACM - 100<\/td>\n<td class=\"et2\" style=\"width: 12.2944%; text-align: center;\" width=\"72\">1500<\/td>\n<td class=\"et2\" style=\"width: 13.97%; text-align: center;\" width=\"72\">75<\/td>\n<td class=\"et2\" style=\"width: 11.6814%; text-align: center;\" width=\"72\">2330<\/td>\n<td class=\"et2\" style=\"width: 14.516%; text-align: center;\" width=\"72\">11<\/td>\n<td class=\"et2\" style=\"width: 13.4619%; text-align: center;\" width=\"72\">1800<\/td>\n<td class=\"et2\" style=\"width: 11.628%; text-align: center;\" width=\"72\">90<\/td>\n<td class=\"et2\" style=\"width: 61.7633%; text-align: center;\" width=\"72\">10900<\/td>\n<\/tr>\n<\/tbody>\n<\/table>\n<p>&nbsp;<\/p>","protected":false},"featured_media":2527,"comment_status":"closed","ping_status":"closed","template":"","meta":{"_acf_changed":false},"product_cat":[52],"product_tag":[],"class_list":["post-2526","product","type-product","status-publish","has-post-thumbnail","hentry","product_cat-mill"],"acf":[],"_links":{"self":[{"href":"https:\/\/www.powdermachines.com\/tr\/wp-json\/wp\/v2\/product\/2526","targetHints":{"allow":["GET"]}}],"collection":[{"href":"https:\/\/www.powdermachines.com\/tr\/wp-json\/wp\/v2\/product"}],"about":[{"href":"https:\/\/www.powdermachines.com\/tr\/wp-json\/wp\/v2\/types\/product"}],"replies":[{"embeddable":true,"href":"https:\/\/www.powdermachines.com\/tr\/wp-json\/wp\/v2\/comments?post=2526"}],"wp:featuredmedia":[{"embeddable":true,"href":"https:\/\/www.powdermachines.com\/tr\/wp-json\/wp\/v2\/media\/2527"}],"wp:attachment":[{"href":"https:\/\/www.powdermachines.com\/tr\/wp-json\/wp\/v2\/media?parent=2526"}],"wp:term":[{"taxonomy":"product_cat","embeddable":true,"href":"https:\/\/www.powdermachines.com\/tr\/wp-json\/wp\/v2\/product_cat?post=2526"},{"taxonomy":"product_tag","embeddable":true,"href":"https:\/\/www.powdermachines.com\/tr\/wp-json\/wp\/v2\/product_tag?post=2526"}],"curies":[{"name":"wp","href":"https:\/\/api.w.org\/{rel}","templated":true}]}}