{"id":779,"date":"2024-10-15T17:30:49","date_gmt":"2024-10-15T09:30:49","guid":{"rendered":"http:\/\/www.powdermachines.com\/?post_type=product&#038;p=779"},"modified":"2024-11-28T18:40:57","modified_gmt":"2024-11-28T10:40:57","slug":"automatic-line","status":"publish","type":"product","link":"https:\/\/www.powdermachines.com\/tr\/product\/automatic-line\/","title":{"rendered":"Otomatik Hat"},"content":{"rendered":"<p>Otomatik tasar\u0131m i\u00e7in, hatt\u0131 \u015funlar\u0131 i\u00e7erir:<\/p>\n<p>1) Konteyner kar\u0131\u015ft\u0131r\u0131c\u0131;<\/p>\n<p>2) \u00c7ift vidal\u0131 ekstr\u00fcder;<\/p>\n<p>3) So\u011futma bant\u0131<\/p>\n<p>4) ACM ta\u015flama sistemi. Ekstr\u00fcder, So\u011futma bant\u0131 ve ACM, kanal ba\u011flant\u0131s\u0131 ile tek bir yap\u0131ya entegre edilmi\u015ftir.<\/p>","protected":false},"excerpt":{"rendered":"<p>Otomatik tasar\u0131m i\u00e7in, hat \u015funlar\u0131 i\u00e7erir: 1) Konteyner kar\u0131\u015ft\u0131r\u0131c\u0131; 2) \u00c7ift vidal\u0131 ekstr\u00fcder; 3) So\u011futma bant\u0131 4) ACM ta\u015flama sistemi. Ekstr\u00fcder, So\u011futma bant\u0131 ve ACM, kanal ba\u011flant\u0131s\u0131 ile tek bir yap\u0131ya entegre edilmi\u015ftir.<\/p>","protected":false},"featured_media":2390,"comment_status":"open","ping_status":"closed","template":"","meta":{"_acf_changed":false},"product_cat":[55],"product_tag":[],"class_list":["post-779","product","type-product","status-publish","has-post-thumbnail","hentry","product_cat-automatic-line"],"acf":[],"_links":{"self":[{"href":"https:\/\/www.powdermachines.com\/tr\/wp-json\/wp\/v2\/product\/779","targetHints":{"allow":["GET"]}}],"collection":[{"href":"https:\/\/www.powdermachines.com\/tr\/wp-json\/wp\/v2\/product"}],"about":[{"href":"https:\/\/www.powdermachines.com\/tr\/wp-json\/wp\/v2\/types\/product"}],"replies":[{"embeddable":true,"href":"https:\/\/www.powdermachines.com\/tr\/wp-json\/wp\/v2\/comments?post=779"}],"wp:featuredmedia":[{"embeddable":true,"href":"https:\/\/www.powdermachines.com\/tr\/wp-json\/wp\/v2\/media\/2390"}],"wp:attachment":[{"href":"https:\/\/www.powdermachines.com\/tr\/wp-json\/wp\/v2\/media?parent=779"}],"wp:term":[{"taxonomy":"product_cat","embeddable":true,"href":"https:\/\/www.powdermachines.com\/tr\/wp-json\/wp\/v2\/product_cat?post=779"},{"taxonomy":"product_tag","embeddable":true,"href":"https:\/\/www.powdermachines.com\/tr\/wp-json\/wp\/v2\/product_tag?post=779"}],"curies":[{"name":"wp","href":"https:\/\/api.w.org\/{rel}","templated":true}]}}