{"id":780,"date":"2024-10-15T17:33:44","date_gmt":"2024-10-15T09:33:44","guid":{"rendered":"http:\/\/www.powdermachines.com\/?post_type=product&#038;p=780"},"modified":"2024-11-28T18:39:42","modified_gmt":"2024-11-28T10:39:42","slug":"container-mixer","status":"publish","type":"product","link":"https:\/\/www.powdermachines.com\/tr\/product\/container-mixer\/","title":{"rendered":"Konteyner Kar\u0131\u015ft\u0131r\u0131c\u0131"},"content":{"rendered":"<p>Konteyner Kar\u0131\u015ft\u0131r\u0131c\u0131, hammaddeleri kar\u0131\u015ft\u0131rmak i\u00e7in kullan\u0131lan hareketli konteynerlerle \u00e7evrimd\u0131\u015f\u0131 bir kar\u0131\u015ft\u0131rma makinesidir. Hammaddelerle y\u00fcklenen konteyner orijinal \u00e7al\u0131\u015fma istasyonuna it\u0131l\u0131r, kar\u0131\u015ft\u0131rma kafas\u0131na otomatik olarak kald\u0131r\u0131l\u0131r, ba\u011flan\u0131r ve kilitlenir. Hammadde kar\u0131\u015ft\u0131rma ve y\u00fcksek h\u0131zl\u0131 k\u0131r\u0131c\u0131 ile homojen bir \u015fekilde kar\u0131\u015ft\u0131r\u0131lacak, kar\u0131\u015ft\u0131rma kafas\u0131 ise \u00e7al\u0131\u015fma pozisyonuna 180 derece e\u011filir. Konteyner orijinal konuma geri d\u00f6necek ve kar\u0131\u015ft\u0131rma i\u015flemi bitti\u011finde kar\u0131\u015ft\u0131rma kafas\u0131ndan ayr\u0131 olacakt\u0131r. Konteyner kar\u0131\u015ft\u0131r\u0131c\u0131 otomatik olarak PLC ve HMl. Konteyner kar\u0131\u015ft\u0131r\u0131c\u0131, y\u00fcksek kullan\u0131mla \u00fcretim i\u00e7in esnek bir ekipmand\u0131r. Verimli ve homojen kar\u0131\u015ft\u0131rma, temizlenmesi kolay.<\/p>","protected":false},"excerpt":{"rendered":"<table style=\"width: 97.4312%; height: 451px;\">\n<tbody>\n<tr>\n<td style=\"width: 7.69213%; text-align: center;\" width=\"68\">Model<\/td>\n<td style=\"width: 12.7334%; text-align: center;\" width=\"69\">Konteyner Kapasitesi (L)<\/td>\n<td style=\"width: 10.9103%; text-align: center;\" width=\"66\">\u00c7al\u0131\u015fma Kapasitesi (L)<\/td>\n<td style=\"width: 10.6372%; text-align: center;\" width=\"57\">Kar\u0131\u015ft\u0131r\u0131c\u0131 G\u00fcc\u00fc (KW)<\/td>\n<td style=\"width: 11.8018%; text-align: center;\" width=\"78\">Chopper G\u00fcc\u00fc (KW)<\/td>\n<td style=\"width: 9.16202%; text-align: center;\" width=\"75\">Asans\u00f6r G\u00fcc\u00fc (KW)<\/td>\n<td style=\"width: 9.23966%; text-align: center;\" width=\"74\">E\u011fim G\u00fcc\u00fc (KW)<\/td>\n<td style=\"width: 11.6759%; text-align: center;\" width=\"69\">Bo\u015faltma liman\u0131 (mm)<\/td>\n<td style=\"width: 14.7546%; text-align: center;\" width=\"110\">Boyut L * W * H (mm)<\/td>\n<\/tr>\n<tr>\n<td style=\"width: 7.69213%; text-align: center;\" width=\"68\">CMR-150'nin<\/td>\n<td style=\"width: 12.7334%; text-align: center;\" width=\"69\">150<\/td>\n<td style=\"width: 10.9103%; text-align: center;\" width=\"66\">120<\/td>\n<td style=\"width: 10.6372%; text-align: center;\" width=\"57\">7.5<\/td>\n<td style=\"width: 11.8018%; text-align: center;\" width=\"78\">3<\/td>\n<td style=\"width: 9.16202%; text-align: center;\" width=\"75\">2&#215;0.37<\/td>\n<td style=\"width: 9.23966%; text-align: center;\" width=\"74\">0.37<\/td>\n<td style=\"width: 11.6759%; text-align: center;\" width=\"69\">\u2205150<\/td>\n<td style=\"width: 14.7546%; text-align: center;\" width=\"110\">2000x1800x2200<\/td>\n<\/tr>\n<tr>\n<td style=\"width: 7.69213%; text-align: center;\" width=\"68\">CMR-300<\/td>\n<td style=\"width: 12.7334%; text-align: center;\" width=\"69\">300<\/td>\n<td style=\"width: 10.9103%; text-align: center;\" width=\"66\">240<\/td>\n<td style=\"width: 10.6372%; text-align: center;\" width=\"57\">11<\/td>\n<td style=\"width: 11.8018%; text-align: center;\" width=\"78\">4<\/td>\n<td style=\"width: 9.16202%; text-align: center;\" width=\"75\">2&#215;0.55<\/td>\n<td style=\"width: 9.23966%; text-align: center;\" width=\"74\">0.75<\/td>\n<td style=\"width: 11.6759%; text-align: center;\" width=\"69\">\u2205250<\/td>\n<td style=\"width: 14.7546%; text-align: center;\" width=\"110\">2500x1500x2400<\/td>\n<\/tr>\n<tr>\n<td style=\"width: 7.69213%; text-align: center;\" width=\"68\">CMR-450<\/td>\n<td style=\"width: 12.7334%; text-align: center;\" width=\"69\">450<\/td>\n<td style=\"width: 10.9103%; text-align: center;\" width=\"66\">360<\/td>\n<td style=\"width: 10.6372%; text-align: center;\" width=\"57\">15<\/td>\n<td style=\"width: 11.8018%; text-align: center;\" width=\"78\">4<\/td>\n<td style=\"width: 9.16202%; text-align: center;\" width=\"75\">2&#215;0.55<\/td>\n<td style=\"width: 9.23966%; text-align: center;\" width=\"74\">0.75<\/td>\n<td style=\"width: 11.6759%; text-align: center;\" width=\"69\">\u2205250<\/td>\n<td style=\"width: 14.7546%; text-align: center;\" width=\"110\">2150x1600x2600<\/td>\n<\/tr>\n<tr>\n<td style=\"width: 7.69213%; text-align: center;\" width=\"68\">CMR-700'nin<\/td>\n<td style=\"width: 12.7334%; text-align: center;\" width=\"69\">700<\/td>\n<td style=\"width: 10.9103%; text-align: center;\" width=\"66\">560<\/td>\n<td style=\"width: 10.6372%; text-align: center;\" width=\"57\">22<\/td>\n<td style=\"width: 11.8018%; text-align: center;\" width=\"78\">5.5<\/td>\n<td style=\"width: 9.16202%; text-align: center;\" width=\"75\">2&#215;0.75<\/td>\n<td style=\"width: 9.23966%; text-align: center;\" width=\"74\">1.5<\/td>\n<td style=\"width: 11.6759%; text-align: center;\" width=\"69\">\u2205250<\/td>\n<td style=\"width: 14.7546%; text-align: center;\" width=\"110\">3100x1800x2900<\/td>\n<\/tr>\n<tr>\n<td style=\"width: 7.69213%; text-align: center;\" width=\"68\">CMR-1000<\/td>\n<td style=\"width: 12.7334%; text-align: center;\" width=\"69\">1000<\/td>\n<td style=\"width: 10.9103%; text-align: center;\" width=\"66\">800<\/td>\n<td style=\"width: 10.6372%; text-align: center;\" width=\"57\">30<\/td>\n<td style=\"width: 11.8018%; text-align: center;\" width=\"78\">7.5<\/td>\n<td style=\"width: 9.16202%; text-align: center;\" width=\"75\">2&#215;1.1<\/td>\n<td style=\"width: 9.23966%; text-align: center;\" width=\"74\">1.5<\/td>\n<td style=\"width: 11.6759%; text-align: center;\" width=\"69\">\u2205250<\/td>\n<td style=\"width: 14.7546%; text-align: center;\" width=\"110\">3600x2100x3400<\/td>\n<\/tr>\n<tr>\n<td style=\"width: 7.69213%; text-align: center;\" width=\"68\">CMR-2000<\/td>\n<td style=\"width: 12.7334%; text-align: center;\" width=\"69\">2000<\/td>\n<td style=\"width: 10.9103%; text-align: center;\" width=\"66\">1600<\/td>\n<td style=\"width: 10.6372%; text-align: center;\" width=\"57\">55<\/td>\n<td style=\"width: 11.8018%; text-align: center;\" width=\"78\">2&#215;7.5<\/td>\n<td style=\"width: 9.16202%; text-align: center;\" width=\"75\">2&#215;1.5<\/td>\n<td style=\"width: 9.23966%; text-align: center;\" width=\"74\">2.2<\/td>\n<td style=\"width: 11.6759%; text-align: center;\" width=\"69\">\u2205300<\/td>\n<td style=\"width: 14.7546%; text-align: center;\" width=\"110\">4200x2700x3900<\/td>\n<\/tr>\n<\/tbody>\n<\/table>","protected":false},"featured_media":2366,"comment_status":"open","ping_status":"closed","template":"","meta":{"_acf_changed":false},"product_cat":[15],"product_tag":[],"class_list":["post-780","product","type-product","status-publish","has-post-thumbnail","hentry","product_cat-mixer"],"acf":[],"_links":{"self":[{"href":"https:\/\/www.powdermachines.com\/tr\/wp-json\/wp\/v2\/product\/780","targetHints":{"allow":["GET"]}}],"collection":[{"href":"https:\/\/www.powdermachines.com\/tr\/wp-json\/wp\/v2\/product"}],"about":[{"href":"https:\/\/www.powdermachines.com\/tr\/wp-json\/wp\/v2\/types\/product"}],"replies":[{"embeddable":true,"href":"https:\/\/www.powdermachines.com\/tr\/wp-json\/wp\/v2\/comments?post=780"}],"wp:featuredmedia":[{"embeddable":true,"href":"https:\/\/www.powdermachines.com\/tr\/wp-json\/wp\/v2\/media\/2366"}],"wp:attachment":[{"href":"https:\/\/www.powdermachines.com\/tr\/wp-json\/wp\/v2\/media?parent=780"}],"wp:term":[{"taxonomy":"product_cat","embeddable":true,"href":"https:\/\/www.powdermachines.com\/tr\/wp-json\/wp\/v2\/product_cat?post=780"},{"taxonomy":"product_tag","embeddable":true,"href":"https:\/\/www.powdermachines.com\/tr\/wp-json\/wp\/v2\/product_tag?post=780"}],"curies":[{"name":"wp","href":"https:\/\/api.w.org\/{rel}","templated":true}]}}