{"id":781,"date":"2024-10-15T17:33:24","date_gmt":"2024-10-15T09:33:24","guid":{"rendered":"http:\/\/www.powdermachines.com\/?post_type=product&#038;p=781"},"modified":"2024-11-29T11:06:17","modified_gmt":"2024-11-29T03:06:17","slug":"high-speed-mixer","status":"publish","type":"product","link":"https:\/\/www.powdermachines.com\/tr\/product\/high-speed-mixer\/","title":{"rendered":"Y\u00fcksek H\u0131zl\u0131 Kar\u0131\u015ft\u0131r\u0131c\u0131"},"content":{"rendered":"<p>Y\u00fcksek H\u0131zl\u0131 Kar\u0131\u015ft\u0131r\u0131c\u0131, \u00e7o\u011funlukla epoksi polyester statik elektrik toz kaplama kar\u0131\u015f\u0131m\u0131nda uygulan\u0131r, g\u00fc\u00e7 sa\u011flamak, d\u00fc\u015f\u00fck h\u0131zl\u0131 toprak malzemeleri harekete ge\u00e7irmek ve toz kaplama, eczane, g\u0131da, boya ve in\u015faat malzemeleri vb. gibi end\u00fcstriler i\u00e7in uygulanabilir y\u00fcksek h\u0131zl\u0131 kar\u0131\u015ft\u0131rma i\u00e7in ideal bir makine. Bu nedenle, bu makine statik elektrik toz kaplama \u00fcretiminde yayg\u0131n olarak uygulan\u0131r. Y\u00fcksek H\u0131zl\u0131 Kar\u0131\u015ft\u0131r\u0131c\u0131da kar\u0131\u015ft\u0131r\u0131lm\u0131\u015f malzemelerden sonra, hareketlendirme h\u0131z\u0131 azalt\u0131c\u0131s\u0131n\u0131 ba\u015flat\u0131n, sonra malzemeler hareketlendirme makinesinin etkisi alt\u0131nda \u00fc\u00e7 boyutlu uzay sis dalga ak\u0131\u015f halkas\u0131 olu\u015fturun. Olu\u015fturulmu\u015f dalga ak\u0131\u015f halkas\u0131 i\u00e7in, malzemeler kar\u0131\u015ft\u0131rma verimlili\u011fini ve b\u00fct\u00fcnl\u00fc\u011f\u00fcn\u00fc iyile\u015ftirmek i\u00e7in y\u00fcksek h\u0131zl\u0131 kar\u0131\u015ft\u0131rma amac\u0131na ula\u015fabilir.<\/p>","protected":false},"excerpt":{"rendered":"<table style=\"width: 100.517%;\">\n<tbody>\n<tr>\n<td style=\"width: 11.7426%; text-align: center;\" width=\"106\">Model<\/td>\n<td style=\"width: 8.91976%; text-align: center;\" width=\"69\">Hacim (L)<\/td>\n<td style=\"width: 13.0352%; text-align: center;\" width=\"70\">Kapasite (KG \/ TANK)<\/td>\n<td style=\"width: 12.3647%; text-align: center;\" width=\"84\">Kar\u0131\u015ft\u0131rma Motoru (kW)<\/td>\n<td style=\"width: 13.1484%; text-align: center;\" width=\"82\">K\u0131r\u0131c\u0131 Motor (kW)<\/td>\n<td style=\"width: 12.9503%; text-align: center;\" width=\"79\">Kar\u0131\u015ft\u0131rma H\u0131z\u0131 (RPM)<\/td>\n<td style=\"width: 12.3008%; text-align: center;\" width=\"47\">Kar\u0131\u015ft\u0131rma s\u00fcresi (MIN)<\/td>\n<td style=\"width: 89.1061%; text-align: center;\" width=\"111\">Genel Boyut (mm)<\/td>\n<\/tr>\n<tr>\n<td style=\"width: 11.7426%; text-align: center;\" width=\"106\">HSM - 150<\/td>\n<td style=\"width: 8.91976%; text-align: center;\" width=\"69\">150<\/td>\n<td style=\"width: 13.0352%; text-align: center;\" width=\"70\">120<\/td>\n<td style=\"width: 12.3647%; text-align: center;\" width=\"84\">5.5<\/td>\n<td style=\"width: 13.1484%; text-align: center;\" width=\"82\">3<\/td>\n<td style=\"width: 12.9503%; text-align: center;\" width=\"79\">80<\/td>\n<td style=\"width: 12.3008%; text-align: center;\" width=\"47\">3-5<\/td>\n<td style=\"width: 89.1061%; text-align: center;\" width=\"111\">1350*1250*1600<\/td>\n<\/tr>\n<tr>\n<td style=\"width: 11.7426%; text-align: center;\" width=\"106\">HSM - 300<\/td>\n<td style=\"width: 8.91976%; text-align: center;\" width=\"69\">300<\/td>\n<td style=\"width: 13.0352%; text-align: center;\" width=\"70\">200<\/td>\n<td style=\"width: 12.3647%; text-align: center;\" width=\"84\">7.5<\/td>\n<td style=\"width: 13.1484%; text-align: center;\" width=\"82\">3<\/td>\n<td style=\"width: 12.9503%; text-align: center;\" width=\"79\">80<\/td>\n<td style=\"width: 12.3008%; text-align: center;\" width=\"47\">3-5<\/td>\n<td style=\"width: 89.1061%; text-align: center;\" width=\"111\">1350*1250*1650<\/td>\n<\/tr>\n<tr>\n<td style=\"width: 11.7426%; text-align: center;\" width=\"106\">HSM - 500<\/td>\n<td style=\"width: 8.91976%; text-align: center;\" width=\"69\">500<\/td>\n<td style=\"width: 13.0352%; text-align: center;\" width=\"70\">300<\/td>\n<td style=\"width: 12.3647%; text-align: center;\" width=\"84\">15<\/td>\n<td style=\"width: 13.1484%; text-align: center;\" width=\"82\">3<\/td>\n<td style=\"width: 12.9503%; text-align: center;\" width=\"79\">86<\/td>\n<td style=\"width: 12.3008%; text-align: center;\" width=\"47\">3-5<\/td>\n<td style=\"width: 89.1061%; text-align: center;\" width=\"111\">2350*1650*1550<\/td>\n<\/tr>\n<tr>\n<td style=\"width: 11.7426%; text-align: center;\" width=\"106\">HSM - 1000<\/td>\n<td style=\"width: 8.91976%; text-align: center;\" width=\"69\">1000<\/td>\n<td style=\"width: 13.0352%; text-align: center;\" width=\"70\">500<\/td>\n<td style=\"width: 12.3647%; text-align: center;\" width=\"84\">22<\/td>\n<td style=\"width: 13.1484%; text-align: center;\" width=\"82\">3*2<\/td>\n<td style=\"width: 12.9503%; text-align: center;\" width=\"79\">63<\/td>\n<td style=\"width: 12.3008%; text-align: center;\" width=\"47\">3-5<\/td>\n<td style=\"width: 89.1061%; text-align: center;\" width=\"111\">2600*2350*1850<\/td>\n<\/tr>\n<tr>\n<td style=\"width: 11.7426%; text-align: center;\" width=\"106\">HSM-1600<\/td>\n<td style=\"width: 8.91976%; text-align: center;\" width=\"69\">1600<\/td>\n<td style=\"width: 13.0352%; text-align: center;\" width=\"70\">800<\/td>\n<td style=\"width: 12.3647%; text-align: center;\" width=\"84\">37<\/td>\n<td style=\"width: 13.1484%; text-align: center;\" width=\"82\">3*2<\/td>\n<td style=\"width: 12.9503%; text-align: center;\" width=\"79\">63<\/td>\n<td style=\"width: 12.3008%; text-align: center;\" width=\"47\">3-5<\/td>\n<td style=\"width: 89.1061%; text-align: center;\" width=\"111\">2750*2550*2000<\/td>\n<\/tr>\n<\/tbody>\n<\/table>\n<p>&nbsp;<\/p>","protected":false},"featured_media":2370,"comment_status":"open","ping_status":"closed","template":"","meta":{"_acf_changed":false},"product_cat":[15],"product_tag":[],"class_list":["post-781","product","type-product","status-publish","has-post-thumbnail","hentry","product_cat-mixer"],"acf":[],"_links":{"self":[{"href":"https:\/\/www.powdermachines.com\/tr\/wp-json\/wp\/v2\/product\/781","targetHints":{"allow":["GET"]}}],"collection":[{"href":"https:\/\/www.powdermachines.com\/tr\/wp-json\/wp\/v2\/product"}],"about":[{"href":"https:\/\/www.powdermachines.com\/tr\/wp-json\/wp\/v2\/types\/product"}],"replies":[{"embeddable":true,"href":"https:\/\/www.powdermachines.com\/tr\/wp-json\/wp\/v2\/comments?post=781"}],"wp:featuredmedia":[{"embeddable":true,"href":"https:\/\/www.powdermachines.com\/tr\/wp-json\/wp\/v2\/media\/2370"}],"wp:attachment":[{"href":"https:\/\/www.powdermachines.com\/tr\/wp-json\/wp\/v2\/media?parent=781"}],"wp:term":[{"taxonomy":"product_cat","embeddable":true,"href":"https:\/\/www.powdermachines.com\/tr\/wp-json\/wp\/v2\/product_cat?post=781"},{"taxonomy":"product_tag","embeddable":true,"href":"https:\/\/www.powdermachines.com\/tr\/wp-json\/wp\/v2\/product_tag?post=781"}],"curies":[{"name":"wp","href":"https:\/\/api.w.org\/{rel}","templated":true}]}}