{"id":783,"date":"2024-10-15T17:32:58","date_gmt":"2024-10-15T09:32:58","guid":{"rendered":"http:\/\/www.powdermachines.com\/?post_type=product&#038;p=783"},"modified":"2025-12-11T15:27:57","modified_gmt":"2025-12-11T07:27:57","slug":"twin-screw-extruder","status":"publish","type":"product","link":"https:\/\/www.powdermachines.com\/tr\/product\/twin-screw-extruder\/","title":{"rendered":"\u00c7ift Vidal\u0131 Ekstr\u00fcder"},"content":{"rendered":"<p>\u00c7ift Vidal\u0131 Ekstr\u00fcder, iki birlikte d\u00f6nen vidal\u0131 mili ile tasarlanm\u0131\u015ft\u0131r, hammaddeler, varilde y\u00fcksek h\u0131zla hassas yo\u011furma elemanlar\u0131 taraf\u0131ndan da\u011f\u0131t\u0131lmak ve da\u011f\u0131t\u0131lmak i\u00e7in m\u00fckemmeldir. \u00c7ift Vidal\u0131 Ekstr\u00fcder, toz kaplamalar\u0131 i\u015fleme i\u00e7in \u00e7ok \u00f6nemli bir ekipmand\u0131r.<\/p>","protected":false},"excerpt":{"rendered":"<table style=\"width: 101.788%;\">\n<tbody>\n<tr>\n<td style=\"width: 7.29681%; text-align: center;\" width=\"70\">Model<\/td>\n<td style=\"width: 9.78697%; text-align: center;\" width=\"75\">\u00c7\u0131k\u0131\u015f (Kg \/ h)<\/td>\n<td style=\"width: 13.7312%; text-align: center;\" width=\"72\">Vidal\u0131 milin \u00e7ap\u0131. (mm)<\/td>\n<td style=\"width: 13.3442%; text-align: center;\" width=\"67\">Vidal\u0131 mil oran\u0131 (L \/ D)<\/td>\n<td style=\"width: 17.269%; text-align: center;\" width=\"74\">Maksimum vidal\u0131 h\u0131z (rpm)<\/td>\n<td style=\"width: 10.534%; text-align: center;\" width=\"70\">Ana motor (kw)<\/td>\n<td style=\"width: 10.7544%; text-align: center;\" width=\"79\">Is\u0131 g\u00fcc\u00fc (kw)<\/td>\n<td style=\"width: 95.2543%; text-align: center;\" width=\"113\">Boyut L * W * H (mm)<\/td>\n<\/tr>\n<tr>\n<td style=\"width: 7.29681%; text-align: center;\" width=\"70\">TSE-26B'nin<\/td>\n<td style=\"width: 9.78697%; text-align: center;\" width=\"75\">40<\/td>\n<td style=\"width: 13.7312%; text-align: center;\" width=\"72\">26<\/td>\n<td style=\"width: 13.3442%; text-align: center;\" width=\"67\">18<\/td>\n<td style=\"width: 17.269%; text-align: center;\" width=\"74\">520<\/td>\n<td style=\"width: 10.534%; text-align: center;\" width=\"70\">4<\/td>\n<td style=\"width: 10.7544%; text-align: center;\" width=\"79\">3<\/td>\n<td style=\"width: 95.2543%; text-align: center;\" width=\"113\">1600x580x1500<\/td>\n<\/tr>\n<tr>\n<td style=\"width: 7.29681%; text-align: center;\" width=\"70\">TSE-26C'nin<\/td>\n<td style=\"width: 9.78697%; text-align: center;\" width=\"75\">40<\/td>\n<td style=\"width: 13.7312%; text-align: center;\" width=\"72\">26<\/td>\n<td style=\"width: 13.3442%; text-align: center;\" width=\"67\">24<\/td>\n<td style=\"width: 17.269%; text-align: center;\" width=\"74\">520<\/td>\n<td style=\"width: 10.534%; text-align: center;\" width=\"70\">5.5<\/td>\n<td style=\"width: 10.7544%; text-align: center;\" width=\"79\">4<\/td>\n<td style=\"width: 95.2543%; text-align: center;\" width=\"113\">1900x760x1500 say\u0131s\u0131<\/td>\n<\/tr>\n<tr>\n<td style=\"width: 7.29681%; text-align: center;\" width=\"70\">TSE-48B'nin<\/td>\n<td style=\"width: 9.78697%; text-align: center;\" width=\"75\">240<\/td>\n<td style=\"width: 13.7312%; text-align: center;\" width=\"72\">48<\/td>\n<td style=\"width: 13.3442%; text-align: center;\" width=\"67\">18<\/td>\n<td style=\"width: 17.269%; text-align: center;\" width=\"74\">477<\/td>\n<td style=\"width: 10.534%; text-align: center;\" width=\"70\">22<\/td>\n<td style=\"width: 10.7544%; text-align: center;\" width=\"79\">7.2<\/td>\n<td style=\"width: 95.2543%; text-align: center;\" width=\"113\">2650x1200x2500<\/td>\n<\/tr>\n<tr>\n<td style=\"width: 7.29681%; text-align: center;\" width=\"70\">TSE-48C'nin<\/td>\n<td style=\"width: 9.78697%; text-align: center;\" width=\"75\">300<\/td>\n<td style=\"width: 13.7312%; text-align: center;\" width=\"72\">48<\/td>\n<td style=\"width: 13.3442%; text-align: center;\" width=\"67\">18<\/td>\n<td style=\"width: 17.269%; text-align: center;\" width=\"74\">470<\/td>\n<td style=\"width: 10.534%; text-align: center;\" width=\"70\">30<\/td>\n<td style=\"width: 10.7544%; text-align: center;\" width=\"79\">7.2<\/td>\n<td style=\"width: 95.2543%; text-align: center;\" width=\"113\">2700x1200x2570<\/td>\n<\/tr>\n<tr>\n<td style=\"width: 7.29681%; text-align: center;\" width=\"70\">TSE-48D'nin<\/td>\n<td style=\"width: 9.78697%; text-align: center;\" width=\"75\">350<\/td>\n<td style=\"width: 13.7312%; text-align: center;\" width=\"72\">48<\/td>\n<td style=\"width: 13.3442%; text-align: center;\" width=\"67\">18<\/td>\n<td style=\"width: 17.269%; text-align: center;\" width=\"74\">564<\/td>\n<td style=\"width: 10.534%; text-align: center;\" width=\"70\">37<\/td>\n<td style=\"width: 10.7544%; text-align: center;\" width=\"79\">7.2<\/td>\n<td style=\"width: 95.2543%; text-align: center;\" width=\"113\">2700x1200x2750<\/td>\n<\/tr>\n<tr>\n<td style=\"width: 7.29681%; text-align: center;\" width=\"70\">TSE-58B'nin<\/td>\n<td style=\"width: 9.78697%; text-align: center;\" width=\"75\">400<\/td>\n<td style=\"width: 13.7312%; text-align: center;\" width=\"72\">58<\/td>\n<td style=\"width: 13.3442%; text-align: center;\" width=\"67\">18<\/td>\n<td style=\"width: 17.269%; text-align: center;\" width=\"74\">471<\/td>\n<td style=\"width: 10.534%; text-align: center;\" width=\"70\">37<\/td>\n<td style=\"width: 10.7544%; text-align: center;\" width=\"79\">8.4<\/td>\n<td style=\"width: 95.2543%; text-align: center;\" width=\"113\">3020x1000x3000<\/td>\n<\/tr>\n<tr>\n<td style=\"width: 7.29681%; text-align: center;\" width=\"70\">TSE-58C'nin<\/td>\n<td style=\"width: 9.78697%; text-align: center;\" width=\"75\">500<\/td>\n<td style=\"width: 13.7312%; text-align: center;\" width=\"72\">58<\/td>\n<td style=\"width: 13.3442%; text-align: center;\" width=\"67\">18<\/td>\n<td style=\"width: 17.269%; text-align: center;\" width=\"74\">471<\/td>\n<td style=\"width: 10.534%; text-align: center;\" width=\"70\">45<\/td>\n<td style=\"width: 10.7544%; text-align: center;\" width=\"79\">8.4<\/td>\n<td style=\"width: 95.2543%; text-align: center;\" width=\"113\">3050x1000x3000<\/td>\n<\/tr>\n<tr>\n<td style=\"width: 7.29681%; text-align: center;\" width=\"70\">TSE-58D'nin<\/td>\n<td style=\"width: 9.78697%; text-align: center;\" width=\"75\">600<\/td>\n<td style=\"width: 13.7312%; text-align: center;\" width=\"72\">58<\/td>\n<td style=\"width: 13.3442%; text-align: center;\" width=\"67\">18<\/td>\n<td style=\"width: 17.269%; text-align: center;\" width=\"74\">614<\/td>\n<td style=\"width: 10.534%; text-align: center;\" width=\"70\"><\/td>\n<td style=\"width: 10.7544%; text-align: center;\" width=\"79\">8.4<\/td>\n<td style=\"width: 95.2543%; text-align: center;\" width=\"113\">3050x1000x3000<\/td>\n<\/tr>\n<tr>\n<td style=\"width: 7.29681%; text-align: center;\" width=\"70\">TSE-70B'nin<\/td>\n<td style=\"width: 9.78697%; text-align: center;\" width=\"75\">800<\/td>\n<td style=\"width: 13.7312%; text-align: center;\" width=\"72\">70<\/td>\n<td style=\"width: 13.3442%; text-align: center;\" width=\"67\">19<\/td>\n<td style=\"width: 17.269%; text-align: center;\" width=\"74\">477<\/td>\n<td style=\"width: 10.534%; text-align: center;\" width=\"70\">75<\/td>\n<td style=\"width: 10.7544%; text-align: center;\" width=\"79\">19.2<\/td>\n<td style=\"width: 95.2543%; text-align: center;\" width=\"113\">3660x1370x3050 say\u0131s\u0131<\/td>\n<\/tr>\n<tr>\n<td style=\"width: 7.29681%; text-align: center;\" width=\"70\">TSE-70C'nin<\/td>\n<td style=\"width: 9.78697%; text-align: center;\" width=\"75\">1000<\/td>\n<td style=\"width: 13.7312%; text-align: center;\" width=\"72\">70<\/td>\n<td style=\"width: 13.3442%; text-align: center;\" width=\"67\">19<\/td>\n<td style=\"width: 17.269%; text-align: center;\" width=\"74\">523<\/td>\n<td style=\"width: 10.534%; text-align: center;\" width=\"70\">90<\/td>\n<td style=\"width: 10.7544%; text-align: center;\" width=\"79\">19.2<\/td>\n<td style=\"width: 95.2543%; text-align: center;\" width=\"113\">3700x1370x3050<\/td>\n<\/tr>\n<tr>\n<td style=\"width: 7.29681%; text-align: center;\" width=\"70\">TSE-70D'nin<\/td>\n<td style=\"width: 9.78697%; text-align: center;\" width=\"75\">1200<\/td>\n<td style=\"width: 13.7312%; text-align: center;\" width=\"72\">70<\/td>\n<td style=\"width: 13.3442%; text-align: center;\" width=\"67\">19<\/td>\n<td style=\"width: 17.269%; text-align: center;\" width=\"74\">616<\/td>\n<td style=\"width: 10.534%; text-align: center;\" width=\"70\">110<\/td>\n<td style=\"width: 10.7544%; text-align: center;\" width=\"79\">19.2<\/td>\n<td style=\"width: 95.2543%; text-align: center;\" width=\"113\">3700x1370x3050<\/td>\n<\/tr>\n<\/tbody>\n<\/table>\n<p>&nbsp;<\/p>\n<p>&nbsp;<\/p>","protected":false},"featured_media":2374,"comment_status":"closed","ping_status":"closed","template":"","meta":{"_acf_changed":false},"product_cat":[25],"product_tag":[],"class_list":["post-783","product","type-product","status-publish","has-post-thumbnail","hentry","product_cat-extruder"],"acf":[],"_links":{"self":[{"href":"https:\/\/www.powdermachines.com\/tr\/wp-json\/wp\/v2\/product\/783","targetHints":{"allow":["GET"]}}],"collection":[{"href":"https:\/\/www.powdermachines.com\/tr\/wp-json\/wp\/v2\/product"}],"about":[{"href":"https:\/\/www.powdermachines.com\/tr\/wp-json\/wp\/v2\/types\/product"}],"replies":[{"embeddable":true,"href":"https:\/\/www.powdermachines.com\/tr\/wp-json\/wp\/v2\/comments?post=783"}],"wp:featuredmedia":[{"embeddable":true,"href":"https:\/\/www.powdermachines.com\/tr\/wp-json\/wp\/v2\/media\/2374"}],"wp:attachment":[{"href":"https:\/\/www.powdermachines.com\/tr\/wp-json\/wp\/v2\/media?parent=783"}],"wp:term":[{"taxonomy":"product_cat","embeddable":true,"href":"https:\/\/www.powdermachines.com\/tr\/wp-json\/wp\/v2\/product_cat?post=783"},{"taxonomy":"product_tag","embeddable":true,"href":"https:\/\/www.powdermachines.com\/tr\/wp-json\/wp\/v2\/product_tag?post=783"}],"curies":[{"name":"wp","href":"https:\/\/api.w.org\/{rel}","templated":true}]}}