{"id":784,"date":"2024-10-15T17:32:50","date_gmt":"2024-10-15T09:32:50","guid":{"rendered":"http:\/\/www.powdermachines.com\/?post_type=product&#038;p=784"},"modified":"2024-11-28T18:40:21","modified_gmt":"2024-11-28T10:40:21","slug":"stainless-steel-cooling-belt","status":"publish","type":"product","link":"https:\/\/www.powdermachines.com\/tr\/product\/stainless-steel-cooling-belt\/","title":{"rendered":"Paslanmaz \u00c7elik So\u011futma Kemeri"},"content":{"rendered":"<p>Paslanmaz \u00c7elik So\u011futma Kemeri, paslanmaz \u00e7elik bant\u0131 so\u011futmak i\u00e7in kullan\u0131lan so\u011futma rulolar\u0131, paslanmaz \u00e7elik konvey\u00f6r, k\u0131r\u0131c\u0131 ve so\u011futma su p\u00fcsk\u00fcrtme sisteminden olu\u015fur. Ekstr\u00fcderden gelen termo erime malzemesi, so\u011futma silindirleri ile 1-2mm boyunca levha olarak yuvarlan\u0131r ve paslanmaz \u00e7elik konvey\u00f6rde ortam s\u0131cakl\u0131\u011f\u0131na so\u011futulur, sonra ciplere k\u0131r\u0131l\u0131r ve bo\u015falt\u0131l\u0131r.<\/p>","protected":false},"excerpt":{"rendered":"<table style=\"width: 100.337%;\">\n<tbody>\n<tr>\n<td style=\"width: 7.59346%; text-align: center;\" width=\"61\">Model<\/td>\n<td style=\"width: 11.6822%; text-align: center;\" width=\"61\">\u00c7\u0131k\u0131\u015f (kg \/ h)<\/td>\n<td style=\"width: 14.0779%; text-align: center;\" width=\"85\">Silindirin \u00e7ap\u0131 (mm)<\/td>\n<td style=\"width: 10.4601%; text-align: center;\" width=\"46\">Kemer Uzunlu\u011fu (mm)<\/td>\n<td style=\"width: 9.85545%; text-align: center;\" width=\"76\">Kemer geni\u015fli\u011fi (mm)<\/td>\n<td style=\"width: 10.5796%; text-align: center;\" width=\"64\">S\u00fcr\u00fcc\u00fc G\u00fcc\u00fc (kw)<\/td>\n<td style=\"width: 10.4395%; text-align: center;\" width=\"72\">Silindir g\u00fcc\u00fc (kw)<\/td>\n<td style=\"width: 11.8748%; text-align: center;\" width=\"91\">K\u0131r\u0131c\u0131 G\u00fcc\u00fc (kw)<\/td>\n<td style=\"width: 64.3803%; text-align: center;\" width=\"93\">Boyut L * W * H (mm)<\/td>\n<\/tr>\n<tr>\n<td style=\"width: 7.59346%; text-align: center;\" width=\"61\">CCB - 400<\/td>\n<td style=\"width: 11.6822%; text-align: center;\" width=\"61\">400<\/td>\n<td style=\"width: 14.0779%; text-align: center;\" width=\"85\">420<\/td>\n<td style=\"width: 10.4601%; text-align: center;\" width=\"46\">4000<\/td>\n<td style=\"width: 9.85545%; text-align: center;\" width=\"76\">800<\/td>\n<td style=\"width: 10.5796%; text-align: center;\" width=\"64\">0.75<\/td>\n<td style=\"width: 10.4395%; text-align: center;\" width=\"72\">1.5<\/td>\n<td style=\"width: 11.8748%; text-align: center;\" width=\"91\">1.1<\/td>\n<td style=\"width: 64.3803%; text-align: center;\" width=\"93\">6400x1300x1800<\/td>\n<\/tr>\n<tr>\n<td style=\"width: 7.59346%; text-align: center;\" width=\"61\">CCB-600'nin<\/td>\n<td style=\"width: 11.6822%; text-align: center;\" width=\"61\">600<\/td>\n<td style=\"width: 14.0779%; text-align: center;\" width=\"85\">420<\/td>\n<td style=\"width: 10.4601%; text-align: center;\" width=\"46\">6000<\/td>\n<td style=\"width: 9.85545%; text-align: center;\" width=\"76\">1000<\/td>\n<td style=\"width: 10.5796%; text-align: center;\" width=\"64\">0.75<\/td>\n<td style=\"width: 10.4395%; text-align: center;\" width=\"72\">1.5<\/td>\n<td style=\"width: 11.8748%; text-align: center;\" width=\"91\">1.1<\/td>\n<td style=\"width: 64.3803%; text-align: center;\" width=\"93\">7200x1700x2350<\/td>\n<\/tr>\n<tr>\n<td style=\"width: 7.59346%; text-align: center;\" width=\"61\">CCB - 1000<\/td>\n<td style=\"width: 11.6822%; text-align: center;\" width=\"61\">1000<\/td>\n<td style=\"width: 14.0779%; text-align: center;\" width=\"85\">450<\/td>\n<td style=\"width: 10.4601%; text-align: center;\" width=\"46\">8000<\/td>\n<td style=\"width: 9.85545%; text-align: center;\" width=\"76\">1200<\/td>\n<td style=\"width: 10.5796%; text-align: center;\" width=\"64\">1.5<\/td>\n<td style=\"width: 10.4395%; text-align: center;\" width=\"72\">1.5<\/td>\n<td style=\"width: 11.8748%; text-align: center;\" width=\"91\">1.1<\/td>\n<td style=\"width: 64.3803%; text-align: center;\" width=\"93\">8400x2000x2510<\/td>\n<\/tr>\n<tr>\n<td style=\"width: 7.59346%; text-align: center;\" width=\"61\">CCB - 1500<\/td>\n<td style=\"width: 11.6822%; text-align: center;\" width=\"61\">1500<\/td>\n<td style=\"width: 14.0779%; text-align: center;\" width=\"85\">450<\/td>\n<td style=\"width: 10.4601%; text-align: center;\" width=\"46\">9000<\/td>\n<td style=\"width: 9.85545%; text-align: center;\" width=\"76\">15000<\/td>\n<td style=\"width: 10.5796%; text-align: center;\" width=\"64\">1.5<\/td>\n<td style=\"width: 10.4395%; text-align: center;\" width=\"72\">1.5<\/td>\n<td style=\"width: 11.8748%; text-align: center;\" width=\"91\">1.1<\/td>\n<td style=\"width: 64.3803%; text-align: center;\" width=\"93\">8400x2000x2200<\/td>\n<\/tr>\n<tr>\n<td style=\"width: 7.59346%; text-align: center;\" width=\"61\">CCB - 2000<\/td>\n<td style=\"width: 11.6822%; text-align: center;\" width=\"61\">2000<\/td>\n<td style=\"width: 14.0779%; text-align: center;\" width=\"85\">450<\/td>\n<td style=\"width: 10.4601%; text-align: center;\" width=\"46\">11000<\/td>\n<td style=\"width: 9.85545%; text-align: center;\" width=\"76\">15000<\/td>\n<td style=\"width: 10.5796%; text-align: center;\" width=\"64\">1.5<\/td>\n<td style=\"width: 10.4395%; text-align: center;\" width=\"72\">1.5<\/td>\n<td style=\"width: 11.8748%; text-align: center;\" width=\"91\">1.1<\/td>\n<td style=\"width: 64.3803%; text-align: center;\" width=\"93\">12200x2440x2520 say\u0131s\u0131<\/td>\n<\/tr>\n<\/tbody>\n<\/table>","protected":false},"featured_media":2377,"comment_status":"open","ping_status":"closed","template":"","meta":{"_acf_changed":false},"product_cat":[26],"product_tag":[],"class_list":["post-784","product","type-product","status-publish","has-post-thumbnail","hentry","product_cat-cooling-conveyor"],"acf":[],"_links":{"self":[{"href":"https:\/\/www.powdermachines.com\/tr\/wp-json\/wp\/v2\/product\/784","targetHints":{"allow":["GET"]}}],"collection":[{"href":"https:\/\/www.powdermachines.com\/tr\/wp-json\/wp\/v2\/product"}],"about":[{"href":"https:\/\/www.powdermachines.com\/tr\/wp-json\/wp\/v2\/types\/product"}],"replies":[{"embeddable":true,"href":"https:\/\/www.powdermachines.com\/tr\/wp-json\/wp\/v2\/comments?post=784"}],"wp:featuredmedia":[{"embeddable":true,"href":"https:\/\/www.powdermachines.com\/tr\/wp-json\/wp\/v2\/media\/2377"}],"wp:attachment":[{"href":"https:\/\/www.powdermachines.com\/tr\/wp-json\/wp\/v2\/media?parent=784"}],"wp:term":[{"taxonomy":"product_cat","embeddable":true,"href":"https:\/\/www.powdermachines.com\/tr\/wp-json\/wp\/v2\/product_cat?post=784"},{"taxonomy":"product_tag","embeddable":true,"href":"https:\/\/www.powdermachines.com\/tr\/wp-json\/wp\/v2\/product_tag?post=784"}],"curies":[{"name":"wp","href":"https:\/\/api.w.org\/{rel}","templated":true}]}}