{"id":785,"date":"2024-10-15T17:32:36","date_gmt":"2024-10-15T09:32:36","guid":{"rendered":"http:\/\/www.powdermachines.com\/?post_type=product&#038;p=785"},"modified":"2024-11-28T18:40:28","modified_gmt":"2024-11-28T10:40:28","slug":"air-cooling-belt%ef%bc%88slat%ef%bc%89","status":"publish","type":"product","link":"https:\/\/www.powdermachines.com\/tr\/product\/air-cooling-belt%ef%bc%88slat%ef%bc%89\/","title":{"rendered":"Hava So\u011futma Kemeri (Slat)"},"content":{"rendered":"<p>Hava So\u011futma kemeri (Slat) so\u011futma silindirlerinden, paslanmaz \u00e7elik slat zincir konvey\u00f6r\u00fcnden, k\u0131r\u0131c\u0131dan ve so\u011futma hava sisteminden olu\u015fur, ekstr\u00fcderden Thermos-erime malzemesi, silindirleri so\u011futarak 1-2mm i\u00e7in levha olarak yuvarlan\u0131r ve paslanmaz \u00e7elik slat zincir konvey\u00f6r\u00fcnde so\u011futma havas\u0131 ile ortam s\u0131cakl\u0131\u011f\u0131na so\u011futulur, sonra ciplere k\u0131r\u0131l\u0131r ve bo\u015falt\u0131l\u0131r.<\/p>\n<p>&nbsp;<\/p>","protected":false},"excerpt":{"rendered":"<table style=\"width: 95.5103%;\">\n<tbody>\n<tr>\n<td style=\"width: 11.3707%; text-align: center;\" width=\"69\">Model<\/td>\n<td style=\"width: 11.2442%; text-align: center;\" width=\"89\">\u00c7\u0131k\u0131\u015f (kg \/ h)<\/td>\n<td style=\"width: 16.3259%; text-align: center;\" width=\"73\">Silindirin \u00e7ap\u0131 (mm)<\/td>\n<td style=\"width: 14.6417%; text-align: center;\" width=\"83\">Kemer Uzunlu\u011fu (mm)<\/td>\n<td style=\"width: 15.2195%; text-align: center;\" width=\"63\">Kemer geni\u015fli\u011fi (mm)<\/td>\n<td style=\"width: 11.28%; text-align: center;\" width=\"75\">Ana G\u00fc\u00e7 (kw)<\/td>\n<td style=\"width: 94.6877%; text-align: center;\" width=\"111\">Boyut L * W * H (mm)<\/td>\n<\/tr>\n<tr>\n<td style=\"width: 11.3707%; text-align: center;\" width=\"69\">CCS - 100<\/td>\n<td style=\"width: 11.2442%; text-align: center;\" width=\"89\">100<\/td>\n<td style=\"width: 16.3259%; text-align: center;\" width=\"73\">240<\/td>\n<td style=\"width: 14.6417%; text-align: center;\" width=\"83\">2000<\/td>\n<td style=\"width: 15.2195%; text-align: center;\" width=\"63\">400<\/td>\n<td style=\"width: 11.28%; text-align: center;\" width=\"75\">0.55<\/td>\n<td style=\"width: 94.6877%; text-align: center;\" width=\"111\">4000x1500x1300<\/td>\n<\/tr>\n<tr>\n<td style=\"width: 11.3707%; text-align: center;\" width=\"69\">CCS-200'nin<\/td>\n<td style=\"width: 11.2442%; text-align: center;\" width=\"89\">200<\/td>\n<td style=\"width: 16.3259%; text-align: center;\" width=\"73\">270<\/td>\n<td style=\"width: 14.6417%; text-align: center;\" width=\"83\">4000<\/td>\n<td style=\"width: 15.2195%; text-align: center;\" width=\"63\">600<\/td>\n<td style=\"width: 11.28%; text-align: center;\" width=\"75\">0.75<\/td>\n<td style=\"width: 94.6877%; text-align: center;\" width=\"111\">4600x1600x1400<\/td>\n<\/tr>\n<tr>\n<td style=\"width: 11.3707%; text-align: center;\" width=\"69\">CCS - 400<\/td>\n<td style=\"width: 11.2442%; text-align: center;\" width=\"89\">400<\/td>\n<td style=\"width: 16.3259%; text-align: center;\" width=\"73\">370<\/td>\n<td style=\"width: 14.6417%; text-align: center;\" width=\"83\">5000<\/td>\n<td style=\"width: 15.2195%; text-align: center;\" width=\"63\">900<\/td>\n<td style=\"width: 11.28%; text-align: center;\" width=\"75\">1.1<\/td>\n<td style=\"width: 94.6877%; text-align: center;\" width=\"111\">5600x1700x1500<\/td>\n<\/tr>\n<tr>\n<td style=\"width: 11.3707%; text-align: center;\" width=\"69\">CCS-600'nin<\/td>\n<td style=\"width: 11.2442%; text-align: center;\" width=\"89\">600<\/td>\n<td style=\"width: 16.3259%; text-align: center;\" width=\"73\">420<\/td>\n<td style=\"width: 14.6417%; text-align: center;\" width=\"83\">6000<\/td>\n<td style=\"width: 15.2195%; text-align: center;\" width=\"63\">1000<\/td>\n<td style=\"width: 11.28%; text-align: center;\" width=\"75\">1.5<\/td>\n<td style=\"width: 94.6877%; text-align: center;\" width=\"111\">6600x1800x1500<\/td>\n<\/tr>\n<tr>\n<td style=\"width: 11.3707%; text-align: center;\" width=\"69\">CCS-800'nin<\/td>\n<td style=\"width: 11.2442%; text-align: center;\" width=\"89\">800<\/td>\n<td style=\"width: 16.3259%; text-align: center;\" width=\"73\">470<\/td>\n<td style=\"width: 14.6417%; text-align: center;\" width=\"83\">6000<\/td>\n<td style=\"width: 15.2195%; text-align: center;\" width=\"63\">1200<\/td>\n<td style=\"width: 11.28%; text-align: center;\" width=\"75\">2.2<\/td>\n<td style=\"width: 94.6877%; text-align: center;\" width=\"111\">6600x2000x1600<\/td>\n<\/tr>\n<tr>\n<td style=\"width: 11.3707%; text-align: center;\" width=\"69\">CCS - 1000<\/td>\n<td style=\"width: 11.2442%; text-align: center;\" width=\"89\">1000<\/td>\n<td style=\"width: 16.3259%; text-align: center;\" width=\"73\">550<\/td>\n<td style=\"width: 14.6417%; text-align: center;\" width=\"83\">7000<\/td>\n<td style=\"width: 15.2195%; text-align: center;\" width=\"63\">1200<\/td>\n<td style=\"width: 11.28%; text-align: center;\" width=\"75\">3<\/td>\n<td style=\"width: 94.6877%; text-align: center;\" width=\"111\">7800x2000x1600<\/td>\n<\/tr>\n<\/tbody>\n<\/table>","protected":false},"featured_media":2382,"comment_status":"open","ping_status":"closed","template":"","meta":{"_acf_changed":false},"product_cat":[26],"product_tag":[],"class_list":["post-785","product","type-product","status-publish","has-post-thumbnail","hentry","product_cat-cooling-conveyor"],"acf":[],"_links":{"self":[{"href":"https:\/\/www.powdermachines.com\/tr\/wp-json\/wp\/v2\/product\/785","targetHints":{"allow":["GET"]}}],"collection":[{"href":"https:\/\/www.powdermachines.com\/tr\/wp-json\/wp\/v2\/product"}],"about":[{"href":"https:\/\/www.powdermachines.com\/tr\/wp-json\/wp\/v2\/types\/product"}],"replies":[{"embeddable":true,"href":"https:\/\/www.powdermachines.com\/tr\/wp-json\/wp\/v2\/comments?post=785"}],"wp:featuredmedia":[{"embeddable":true,"href":"https:\/\/www.powdermachines.com\/tr\/wp-json\/wp\/v2\/media\/2382"}],"wp:attachment":[{"href":"https:\/\/www.powdermachines.com\/tr\/wp-json\/wp\/v2\/media?parent=785"}],"wp:term":[{"taxonomy":"product_cat","embeddable":true,"href":"https:\/\/www.powdermachines.com\/tr\/wp-json\/wp\/v2\/product_cat?post=785"},{"taxonomy":"product_tag","embeddable":true,"href":"https:\/\/www.powdermachines.com\/tr\/wp-json\/wp\/v2\/product_tag?post=785"}],"curies":[{"name":"wp","href":"https:\/\/api.w.org\/{rel}","templated":true}]}}