{"id":786,"date":"2024-10-15T17:32:22","date_gmt":"2024-10-15T09:32:22","guid":{"rendered":"http:\/\/www.powdermachines.com\/?post_type=product&#038;p=786"},"modified":"2024-11-28T18:40:35","modified_gmt":"2024-11-28T10:40:35","slug":"compact-cooling-crusher","status":"publish","type":"product","link":"https:\/\/www.powdermachines.com\/tr\/product\/compact-cooling-crusher\/","title":{"rendered":"Kompakt So\u011futma K\u0131r\u0131c\u0131"},"content":{"rendered":"<p>Kompakt So\u011futma K\u0131r\u0131c\u0131, so\u011futma silindiri, so\u011futma davulu, yapay kau\u00e7uk konvey\u00f6r ve k\u0131r\u0131c\u0131dan olu\u015fur. Ekstr\u00fcderden termo eriyen malzeme, so\u011futma silindiri ve so\u011futma davulu ile 1-2mm boyunca levha olarak yuvarlan\u0131r, ta\u015f\u0131ma s\u0131ras\u0131nda so\u011futma davulu ile ortam s\u0131cakl\u0131\u011f\u0131na so\u011futulur, sonra ciplere ezilir ve bo\u015falt\u0131l\u0131r.<\/p>","protected":false},"excerpt":{"rendered":"<table style=\"width: 97.1322%;\">\n<tbody>\n<tr>\n<td style=\"width: 11.3707%; text-align: center;\" width=\"66\">Model<\/td>\n<td style=\"width: 15.5763%; text-align: center;\" width=\"89\">\u00c7\u0131k\u0131\u015f (kg \/ h)<\/td>\n<td style=\"width: 12.4611%; text-align: center;\" width=\"78\">Davul Diam. (mm)<\/td>\n<td style=\"width: 14.6417%; text-align: center;\" width=\"83\">Davul Uzunlu\u011fu (mm)<\/td>\n<td style=\"width: 12.1552%; text-align: center;\" width=\"76\">Ana G\u00fc\u00e7 (kw)<\/td>\n<td style=\"width: 14.5862%; text-align: center;\" width=\"61\">K\u0131r\u0131c\u0131 G\u00fcc\u00fc (kw)<\/td>\n<td style=\"width: 101.041%; text-align: center;\" width=\"111\">Boyut L * W * H (mm)<\/td>\n<\/tr>\n<tr>\n<td style=\"width: 11.3707%; text-align: center;\" width=\"66\">CCD-30A'n\u0131n<\/td>\n<td style=\"width: 15.5763%; text-align: center;\" width=\"89\">30<\/td>\n<td style=\"width: 12.4611%; text-align: center;\" width=\"78\">128<\/td>\n<td style=\"width: 14.6417%; text-align: center;\" width=\"83\">300<\/td>\n<td style=\"width: 12.1552%; text-align: center;\" width=\"76\">0.25<\/td>\n<td style=\"width: 14.5862%; text-align: center;\" width=\"61\"><\/td>\n<td style=\"width: 101.041%; text-align: center;\" width=\"111\">400x757x450 \u00f6l\u00e7\u00fcs\u00fc<\/td>\n<\/tr>\n<tr>\n<td style=\"width: 11.3707%; text-align: center;\" width=\"66\">CCD-30B'nin<\/td>\n<td style=\"width: 15.5763%; text-align: center;\" width=\"89\">30<\/td>\n<td style=\"width: 12.4611%; text-align: center;\" width=\"78\">270<\/td>\n<td style=\"width: 14.6417%; text-align: center;\" width=\"83\">340<\/td>\n<td style=\"width: 12.1552%; text-align: center;\" width=\"76\">0.25<\/td>\n<td style=\"width: 14.5862%; text-align: center;\" width=\"61\">0.12<\/td>\n<td style=\"width: 101.041%; text-align: center;\" width=\"111\">1145x890x755 say\u0131s\u0131<\/td>\n<\/tr>\n<tr>\n<td style=\"width: 11.3707%; text-align: center;\" width=\"66\">CCD100'den<\/td>\n<td style=\"width: 15.5763%; text-align: center;\" width=\"89\">100<\/td>\n<td style=\"width: 12.4611%; text-align: center;\" width=\"78\">320<\/td>\n<td style=\"width: 14.6417%; text-align: center;\" width=\"83\">430<\/td>\n<td style=\"width: 12.1552%; text-align: center;\" width=\"76\">0.37<\/td>\n<td style=\"width: 14.5862%; text-align: center;\" width=\"61\">0.18<\/td>\n<td style=\"width: 101.041%; text-align: center;\" width=\"111\">1000x1000x980<\/td>\n<\/tr>\n<tr>\n<td style=\"width: 11.3707%; text-align: center;\" width=\"66\">CCD200'nin<\/td>\n<td style=\"width: 15.5763%; text-align: center;\" width=\"89\">200<\/td>\n<td style=\"width: 12.4611%; text-align: center;\" width=\"78\">445<\/td>\n<td style=\"width: 14.6417%; text-align: center;\" width=\"83\">600<\/td>\n<td style=\"width: 12.1552%; text-align: center;\" width=\"76\">0.55<\/td>\n<td style=\"width: 14.5862%; text-align: center;\" width=\"61\">0.25<\/td>\n<td style=\"width: 101.041%; text-align: center;\" width=\"111\">1600x1300x1270<\/td>\n<\/tr>\n<tr>\n<td style=\"width: 11.3707%; text-align: center;\" width=\"66\">CCD500'nin<\/td>\n<td style=\"width: 15.5763%; text-align: center;\" width=\"89\">500<\/td>\n<td style=\"width: 12.4611%; text-align: center;\" width=\"78\">600<\/td>\n<td style=\"width: 14.6417%; text-align: center;\" width=\"83\">920<\/td>\n<td style=\"width: 12.1552%; text-align: center;\" width=\"76\">1.1<\/td>\n<td style=\"width: 14.5862%; text-align: center;\" width=\"61\">0.55<\/td>\n<td style=\"width: 101.041%; text-align: center;\" width=\"111\">1850x1590x1510<\/td>\n<\/tr>\n<tr>\n<td style=\"width: 11.3707%; text-align: center;\" width=\"66\">CCD700'nin<\/td>\n<td style=\"width: 15.5763%; text-align: center;\" width=\"89\">700<\/td>\n<td style=\"width: 12.4611%; text-align: center;\" width=\"78\">800<\/td>\n<td style=\"width: 14.6417%; text-align: center;\" width=\"83\">1100<\/td>\n<td style=\"width: 12.1552%; text-align: center;\" width=\"76\">1.5<\/td>\n<td style=\"width: 14.5862%; text-align: center;\" width=\"61\">0.75<\/td>\n<td style=\"width: 101.041%; text-align: center;\" width=\"111\">2080x1875x1550 \u00c7\u0131k\u0131\u015f<\/td>\n<\/tr>\n<tr>\n<td style=\"width: 11.3707%; text-align: center;\" width=\"66\">CCD1000'nin<\/td>\n<td style=\"width: 15.5763%; text-align: center;\" width=\"89\">1000<\/td>\n<td style=\"width: 12.4611%; text-align: center;\" width=\"78\">1100<\/td>\n<td style=\"width: 14.6417%; text-align: center;\" width=\"83\">1300<\/td>\n<td style=\"width: 12.1552%; text-align: center;\" width=\"76\">2.2<\/td>\n<td style=\"width: 14.5862%; text-align: center;\" width=\"61\">1.1<\/td>\n<td style=\"width: 101.041%; text-align: center;\" width=\"111\">2450x2500x2000<\/td>\n<\/tr>\n<\/tbody>\n<\/table>","protected":false},"featured_media":2384,"comment_status":"open","ping_status":"closed","template":"","meta":{"_acf_changed":false},"product_cat":[26],"product_tag":[],"class_list":["post-786","product","type-product","status-publish","has-post-thumbnail","hentry","product_cat-cooling-conveyor"],"acf":[],"_links":{"self":[{"href":"https:\/\/www.powdermachines.com\/tr\/wp-json\/wp\/v2\/product\/786","targetHints":{"allow":["GET"]}}],"collection":[{"href":"https:\/\/www.powdermachines.com\/tr\/wp-json\/wp\/v2\/product"}],"about":[{"href":"https:\/\/www.powdermachines.com\/tr\/wp-json\/wp\/v2\/types\/product"}],"replies":[{"embeddable":true,"href":"https:\/\/www.powdermachines.com\/tr\/wp-json\/wp\/v2\/comments?post=786"}],"wp:featuredmedia":[{"embeddable":true,"href":"https:\/\/www.powdermachines.com\/tr\/wp-json\/wp\/v2\/media\/2384"}],"wp:attachment":[{"href":"https:\/\/www.powdermachines.com\/tr\/wp-json\/wp\/v2\/media?parent=786"}],"wp:term":[{"taxonomy":"product_cat","embeddable":true,"href":"https:\/\/www.powdermachines.com\/tr\/wp-json\/wp\/v2\/product_cat?post=786"},{"taxonomy":"product_tag","embeddable":true,"href":"https:\/\/www.powdermachines.com\/tr\/wp-json\/wp\/v2\/product_tag?post=786"}],"curies":[{"name":"wp","href":"https:\/\/api.w.org\/{rel}","templated":true}]}}