{"id":787,"date":"2024-10-15T17:32:06","date_gmt":"2024-10-15T09:32:06","guid":{"rendered":"http:\/\/www.powdermachines.com\/?post_type=product&#038;p=787"},"modified":"2024-11-28T18:40:42","modified_gmt":"2024-11-28T10:40:42","slug":"air-cooling-belt%ef%bc%88rubber%ef%bc%89","status":"publish","type":"product","link":"https:\/\/www.powdermachines.com\/tr\/product\/air-cooling-belt%ef%bc%88rubber%ef%bc%89\/","title":{"rendered":"Hava So\u011futma Kemeri (Kau\u00e7uk)"},"content":{"rendered":"<p>Hava So\u011futma BELT (Kau\u00e7uk) so\u011futma silindirlerinden, yapay kau\u00e7uk konvey\u00f6rden, k\u0131r\u0131c\u0131dan ve so\u011futma hava sisteminden olu\u015fur. Ekstr\u00fcderden termo eriyen malzeme, so\u011futma silindirleri ile 1-2mm boyunca levha olarak yuvarlan\u0131r ve kau\u00e7uk konvey\u00f6rde so\u011futma havas\u0131 ile ortam s\u0131cakl\u0131\u011f\u0131na so\u011futulur, sonra ciplere k\u0131r\u0131l\u0131r ve bo\u015falt\u0131l\u0131r.<\/p>","protected":false},"excerpt":{"rendered":"<table style=\"width: 98.3033%;\">\n<tbody>\n<tr>\n<td style=\"width: 11.3707%; text-align: center;\" width=\"69\">Model<\/td>\n<td style=\"width: 15.5763%; text-align: center;\" width=\"89\">\u00c7\u0131k\u0131\u015f (kg \/ h)<\/td>\n<td style=\"width: 15.971%; text-align: center;\" width=\"73\">Silindirin \u00e7ap\u0131 (mm)<\/td>\n<td style=\"width: 12.3375%; text-align: center;\" width=\"83\">Kemer Uzunlu\u011fu (mm)<\/td>\n<td style=\"width: 12.658%; text-align: center;\" width=\"63\">Kemer geni\u015fli\u011fi (mm)<\/td>\n<td style=\"width: 13.5226%; text-align: center;\" width=\"75\">Ana G\u00fc\u00e7 (kw)<\/td>\n<td style=\"width: 105.898%; text-align: center;\" width=\"111\">Boyut L * W * H (mm)<\/td>\n<\/tr>\n<tr>\n<td style=\"width: 11.3707%; text-align: center;\" width=\"69\">CCR - 100<\/td>\n<td style=\"width: 15.5763%; text-align: center;\" width=\"89\">100<\/td>\n<td style=\"width: 15.971%; text-align: center;\" width=\"73\">240<\/td>\n<td style=\"width: 12.3375%; text-align: center;\" width=\"83\">2000<\/td>\n<td style=\"width: 12.658%; text-align: center;\" width=\"63\">400<\/td>\n<td style=\"width: 13.5226%; text-align: center;\" width=\"75\">0.55<\/td>\n<td style=\"width: 105.898%; text-align: center;\" width=\"111\">4000x1500x1300<\/td>\n<\/tr>\n<tr>\n<td style=\"width: 11.3707%; text-align: center;\" width=\"69\">CCR-200'nin<\/td>\n<td style=\"width: 15.5763%; text-align: center;\" width=\"89\">200<\/td>\n<td style=\"width: 15.971%; text-align: center;\" width=\"73\">270<\/td>\n<td style=\"width: 12.3375%; text-align: center;\" width=\"83\">4000<\/td>\n<td style=\"width: 12.658%; text-align: center;\" width=\"63\">600<\/td>\n<td style=\"width: 13.5226%; text-align: center;\" width=\"75\">0.75<\/td>\n<td style=\"width: 105.898%; text-align: center;\" width=\"111\">4600x1600x1400<\/td>\n<\/tr>\n<tr>\n<td style=\"width: 11.3707%; text-align: center;\" width=\"69\">CCR - 400<\/td>\n<td style=\"width: 15.5763%; text-align: center;\" width=\"89\">400<\/td>\n<td style=\"width: 15.971%; text-align: center;\" width=\"73\">370<\/td>\n<td style=\"width: 12.3375%; text-align: center;\" width=\"83\">5000<\/td>\n<td style=\"width: 12.658%; text-align: center;\" width=\"63\">900<\/td>\n<td style=\"width: 13.5226%; text-align: center;\" width=\"75\">1.1<\/td>\n<td style=\"width: 105.898%; text-align: center;\" width=\"111\">5600x1700x1500<\/td>\n<\/tr>\n<tr>\n<td style=\"width: 11.3707%; text-align: center;\" width=\"69\">CCR-600'nin<\/td>\n<td style=\"width: 15.5763%; text-align: center;\" width=\"89\">600<\/td>\n<td style=\"width: 15.971%; text-align: center;\" width=\"73\">420<\/td>\n<td style=\"width: 12.3375%; text-align: center;\" width=\"83\">6000<\/td>\n<td style=\"width: 12.658%; text-align: center;\" width=\"63\">1000<\/td>\n<td style=\"width: 13.5226%; text-align: center;\" width=\"75\">1.5<\/td>\n<td style=\"width: 105.898%; text-align: center;\" width=\"111\">6600x1800x1500<\/td>\n<\/tr>\n<tr>\n<td style=\"width: 11.3707%; text-align: center;\" width=\"69\">CCR-800'nin<\/td>\n<td style=\"width: 15.5763%; text-align: center;\" width=\"89\">800<\/td>\n<td style=\"width: 15.971%; text-align: center;\" width=\"73\">470<\/td>\n<td style=\"width: 12.3375%; text-align: center;\" width=\"83\">6000<\/td>\n<td style=\"width: 12.658%; text-align: center;\" width=\"63\">1200<\/td>\n<td style=\"width: 13.5226%; text-align: center;\" width=\"75\">2.2<\/td>\n<td style=\"width: 105.898%; text-align: center;\" width=\"111\">6600x2000x1600<\/td>\n<\/tr>\n<tr>\n<td style=\"width: 11.3707%; text-align: center;\" width=\"69\">CCR - 1000<\/td>\n<td style=\"width: 15.5763%; text-align: center;\" width=\"89\">1000<\/td>\n<td style=\"width: 15.971%; text-align: center;\" width=\"73\">550<\/td>\n<td style=\"width: 12.3375%; text-align: center;\" width=\"83\">7000<\/td>\n<td style=\"width: 12.658%; text-align: center;\" width=\"63\">1200<\/td>\n<td style=\"width: 13.5226%; text-align: center;\" width=\"75\">3<\/td>\n<td style=\"width: 105.898%; text-align: center;\" width=\"111\">7800x2000x1600<\/td>\n<\/tr>\n<\/tbody>\n<\/table>","protected":false},"featured_media":2385,"comment_status":"open","ping_status":"closed","template":"","meta":{"_acf_changed":false},"product_cat":[26],"product_tag":[],"class_list":["post-787","product","type-product","status-publish","has-post-thumbnail","hentry","product_cat-cooling-conveyor"],"acf":[],"_links":{"self":[{"href":"https:\/\/www.powdermachines.com\/tr\/wp-json\/wp\/v2\/product\/787","targetHints":{"allow":["GET"]}}],"collection":[{"href":"https:\/\/www.powdermachines.com\/tr\/wp-json\/wp\/v2\/product"}],"about":[{"href":"https:\/\/www.powdermachines.com\/tr\/wp-json\/wp\/v2\/types\/product"}],"replies":[{"embeddable":true,"href":"https:\/\/www.powdermachines.com\/tr\/wp-json\/wp\/v2\/comments?post=787"}],"wp:featuredmedia":[{"embeddable":true,"href":"https:\/\/www.powdermachines.com\/tr\/wp-json\/wp\/v2\/media\/2385"}],"wp:attachment":[{"href":"https:\/\/www.powdermachines.com\/tr\/wp-json\/wp\/v2\/media?parent=787"}],"wp:term":[{"taxonomy":"product_cat","embeddable":true,"href":"https:\/\/www.powdermachines.com\/tr\/wp-json\/wp\/v2\/product_cat?post=787"},{"taxonomy":"product_tag","embeddable":true,"href":"https:\/\/www.powdermachines.com\/tr\/wp-json\/wp\/v2\/product_tag?post=787"}],"curies":[{"name":"wp","href":"https:\/\/api.w.org\/{rel}","templated":true}]}}