{"id":788,"date":"2024-10-15T17:31:42","date_gmt":"2024-10-15T09:31:42","guid":{"rendered":"http:\/\/www.powdermachines.com\/?post_type=product&#038;p=788"},"modified":"2024-11-29T18:46:22","modified_gmt":"2024-11-29T10:46:22","slug":"automatic-weighing-packing-equipment","status":"publish","type":"product","link":"https:\/\/www.powdermachines.com\/tr\/product\/automatic-weighing-packing-equipment\/","title":{"rendered":"Otomatik Tartma &#038; Paketleme Ekipmanlar\u0131"},"content":{"rendered":"<p>Otomatik Tar\u0131m &amp; Paketleme Ekipmanlar\u0131, bo\u015f kartonu \u00e7al\u0131\u015fma pozisyonuna ta\u015f\u0131mak, toz kaplama dosyalama ve tartma ile \u00e7al\u0131\u015f\u0131yor. Toz kaplamal\u0131 karton, net a\u011f\u0131rl\u0131k \u00f6nceden ayarlanm\u0131\u015f de\u011fere ula\u015ft\u0131ktan sonra \u00e7evrimden \u00e7\u0131k\u0131r.<\/p>","protected":false},"excerpt":{"rendered":"<table style=\"width: 97.8839%;\">\n<tbody>\n<tr>\n<td style=\"width: 11.5447%; text-align: center;\" width=\"67\">Model<\/td>\n<td style=\"width: 15.044%; text-align: center;\" width=\"108\">Transfer G\u00fcc\u00fc (kW)<\/td>\n<td style=\"width: 18.9869%; text-align: center;\" width=\"97\">Maksimum Karton Uzunlu\u011fu (mm)<\/td>\n<td style=\"width: 19.2794%; text-align: center;\" width=\"79\">Maksimum Karton Y\u00fcksekli\u011fi (mm)<\/td>\n<td style=\"width: 19.5689%; text-align: center;\" width=\"93\">\u00dcnitelik Kartonun Net A\u011f\u0131rl\u0131\u011f\u0131 (Kg)<\/td>\n<td style=\"width: 105.598%; text-align: center;\" width=\"100\">\u00d6l\u00e7\u00fcm (mm)<\/td>\n<\/tr>\n<tr>\n<td style=\"width: 11.5447%; text-align: center;\" width=\"67\">AWP - 30<\/td>\n<td style=\"width: 15.044%; text-align: center;\" width=\"108\">0.37<\/td>\n<td style=\"width: 18.9869%; text-align: center;\" width=\"97\">400<\/td>\n<td style=\"width: 19.2794%; text-align: center;\" width=\"79\">500<\/td>\n<td style=\"width: 19.5689%; text-align: center;\" width=\"93\">10~30<\/td>\n<td style=\"width: 105.598%; text-align: center;\" width=\"100\">2730x1470x1760<\/td>\n<\/tr>\n<\/tbody>\n<\/table>","protected":false},"featured_media":2387,"comment_status":"open","ping_status":"closed","template":"","meta":{"_acf_changed":false},"product_cat":[63],"product_tag":[],"class_list":["post-788","product","type-product","status-publish","has-post-thumbnail","hentry","product_cat-auxiliary-equipment"],"acf":[],"_links":{"self":[{"href":"https:\/\/www.powdermachines.com\/tr\/wp-json\/wp\/v2\/product\/788","targetHints":{"allow":["GET"]}}],"collection":[{"href":"https:\/\/www.powdermachines.com\/tr\/wp-json\/wp\/v2\/product"}],"about":[{"href":"https:\/\/www.powdermachines.com\/tr\/wp-json\/wp\/v2\/types\/product"}],"replies":[{"embeddable":true,"href":"https:\/\/www.powdermachines.com\/tr\/wp-json\/wp\/v2\/comments?post=788"}],"wp:featuredmedia":[{"embeddable":true,"href":"https:\/\/www.powdermachines.com\/tr\/wp-json\/wp\/v2\/media\/2387"}],"wp:attachment":[{"href":"https:\/\/www.powdermachines.com\/tr\/wp-json\/wp\/v2\/media?parent=788"}],"wp:term":[{"taxonomy":"product_cat","embeddable":true,"href":"https:\/\/www.powdermachines.com\/tr\/wp-json\/wp\/v2\/product_cat?post=788"},{"taxonomy":"product_tag","embeddable":true,"href":"https:\/\/www.powdermachines.com\/tr\/wp-json\/wp\/v2\/product_tag?post=788"}],"curies":[{"name":"wp","href":"https:\/\/api.w.org\/{rel}","templated":true}]}}